{"id":191528,"date":"2026-05-14T10:45:21","date_gmt":"2026-05-14T07:45:21","guid":{"rendered":"https:\/\/kingarms.ee\/product\/fx-crown-mkii-synthetic\/"},"modified":"2026-05-14T10:45:21","modified_gmt":"2026-05-14T07:45:21","slug":"fx-crown-mkii-synthetic","status":"publish","type":"product","link":"https:\/\/kingarms.ee\/lt\/product\/fx-crown-mkii-synthetic\/","title":{"rendered":"FX Crown MKII Synthetic"},"content":{"rendered":"","protected":false},"excerpt":{"rendered":"<p data-start=\"215\" data-end=\"953\">FX Crown MKII Synthetic \u2014 tai originalaus FX Crown modelio \u012fp\u0117dinis, si\u016blantis didesn\u0119 gali\u0105, tikslum\u0105 ir platesnes reguliavimo galimybes. Lyginant su ankstesne versija, \u0161iame modelyje yra 28% didesnis plenum, didesnis 6,5 mm vo\u017etuvas ir optimizuoti oro kanalai, tod\u0117l pasiekiamas gerokai didesnis na\u0161umas. \u0160is sporti\u0161kas PCP pneumatinis \u0161autuvas turi 20 MOA Weaver\/Picatinny b\u0117gel\u012f, kuris suteikia daugiau naudingos optinio taikiklio auk\u0161\u010dio korekcijos \u0161audant ilgesniais atstumais. Modelis si\u016blomas 4,5 mm (.177), 5,5 mm (.22), 6,35 mm (.25) ir 7,62 mm (.30) kalibrais, o energija, priklausomai nuo versijos ir nustatym\u0173, siekia iki 40, 60 arba 105 J. 480 cc anglies pluo\u0161to oro cilindras pildomas iki 250 bar sl\u0117gio, o reguliuojama PCP sistema padeda u\u017etikrinti stabil\u0173 ir tolyg\u0173 veikim\u0105.    <\/p>\n<p data-start=\"955\" data-end=\"2010\">Kaip \u012fprasta FX gaminiams, Crown MKII Synthetic galima labai tiksliai pritaikyti pasirinktam kalibrui ir \u0161audmen\u0173 tipui. \u0160autuve \u012frengtas i\u0161ori\u0161kai reguliuojamas AMP reguliatorius, reguliuojamas vo\u017etuvas ir gerai \u017einomas galios reguliavimo ratukas, leid\u017eiantis atlikti tiek makro-, tiek mikroreguliavim\u0105 sm\u016bgin\u0117s spyruokl\u0117s i\u0161ankstiniam \u012ftempimui. Superlight STX, arba Smooth Twist X, vamzd\u017eio sistema naudoja kei\u010diamus lainerius, tod\u0117l galima greitai pakeisti grai\u017etv\u0173 \u017eingsn\u012f ir net kalibr\u0105; grai\u017etvos \u012fspaud\u017eiamos i\u0161 i\u0161or\u0117s, sukuriant labai lyg\u0173, ma\u017eos trinties vamzd\u017eio kanal\u0105 su grie\u017etomis tolerancijomis. FX Match nuleistukas yra itin tiksliai reguliuojamas: galima keisti pirmos pakopos ilg\u012f ir i\u0161 dalies svor\u012f, taip pat antros pakopos ilg\u012f bei svor\u012f, pasiekiant labai lengv\u0105 nuleidim\u0105, net ma\u017eesn\u012f nei 500 g. Prie\u017ei\u016bros nereikalaujanti sintetin\u0117 buo\u017e\u0117 pritaikyta abiem rankoms, turi ergonomi\u0161k\u0105 thumbhole form\u0105, paauk\u0161tint\u0105 skruosto atram\u0105 ir reguliuojam\u0105 mink\u0161t\u0105 gumin\u0119 peties atram\u0105. \u0160autuvas sveria 2812 g, vamzd\u017eio ilgis yra 600 mm, bendras ilgis \u2014 1022 mm; atvir\u0173 taikikli\u0173 n\u0117ra, optika \u012f komplekt\u0105 ne\u012feina, pridedamas d\u0117klas, u\u017epildymo zondas ir d\u0117tuv\u0117.     <\/p>\n","protected":false},"featured_media":191523,"template":"","meta":{"_acf_changed":false},"product_brand":[],"product_cat":[1142,1146],"product_tag":[],"class_list":{"0":"post-191528","1":"product","2":"type-product","3":"status-publish","4":"has-post-thumbnail","6":"product_cat-oro-ginklai","7":"product_cat-pcp-hpa-lt","9":"first","10":"instock","11":"taxable","12":"shipping-taxable","13":"purchasable","14":"product-type-simple"},"acf":[],"_links":{"self":[{"href":"https:\/\/kingarms.ee\/lt\/wp-json\/wp\/v2\/product\/191528","targetHints":{"allow":["GET"]}}],"collection":[{"href":"https:\/\/kingarms.ee\/lt\/wp-json\/wp\/v2\/product"}],"about":[{"href":"https:\/\/kingarms.ee\/lt\/wp-json\/wp\/v2\/types\/product"}],"wp:featuredmedia":[{"embeddable":true,"href":"https:\/\/kingarms.ee\/lt\/wp-json\/wp\/v2\/media\/191523"}],"wp:attachment":[{"href":"https:\/\/kingarms.ee\/lt\/wp-json\/wp\/v2\/media?parent=191528"}],"wp:term":[{"taxonomy":"product_brand","embeddable":true,"href":"https:\/\/kingarms.ee\/lt\/wp-json\/wp\/v2\/product_brand?post=191528"},{"taxonomy":"product_cat","embeddable":true,"href":"https:\/\/kingarms.ee\/lt\/wp-json\/wp\/v2\/product_cat?post=191528"},{"taxonomy":"product_tag","embeddable":true,"href":"https:\/\/kingarms.ee\/lt\/wp-json\/wp\/v2\/product_tag?post=191528"}],"curies":[{"name":"wp","href":"https:\/\/api.w.org\/{rel}","templated":true}]}}