{"id":191696,"date":"2026-05-14T23:08:09","date_gmt":"2026-05-14T20:08:09","guid":{"rendered":"https:\/\/kingarms.ee\/product\/fx-dynamic-express-600\/"},"modified":"2026-05-14T23:08:09","modified_gmt":"2026-05-14T20:08:09","slug":"fx-dynamic-express-600","status":"publish","type":"product","link":"https:\/\/kingarms.ee\/lt\/product\/fx-dynamic-express-600\/","title":{"rendered":"FX Dynamic Express 600"},"content":{"rendered":"","protected":false},"excerpt":{"rendered":"<p data-start=\"282\" data-end=\"1031\">FX Dynamic Express 600 sukurtas FX Panthera platformos pagrindu, ta\u010diau turi didesn\u012f oro balion\u0105, kitoki\u0105 buo\u017e\u0119 ir atnaujint\u0105 ranken\u0105. Ankstesnis 300 cc balionas pakeistas 480 cc balionu, kad b\u016bt\u0173 padidintas \u0161\u016bvi\u0173 skai\u010dius, o dabar jis jungiasi tiesiogiai prie veikimo mechanizmo. Buo\u017e\u0117 sukonstruota aplink \u0161\u012f balion\u0105, o peties atrama reguliuojama vertikaliai; palyginti su Panthera, tokia konstrukcija \u0161autuv\u0105 pailgina 40 mm. Nulinio kampo rankena pakeista kampuota AR-15 tipo rankena. Modelis si\u016blomas 4,5 mm (.177), 5,5 mm (.22), 6,35 mm (.25), 7,62 mm (.30) ir 9 mm (.35) kalibrais. Bendra oro talpa yra 636 cc: j\u0105 sudaro 480 cc balionas ir 156 cc Magnum XL plenum, u\u017epildymo sl\u0117gis siekia 250 bar, o energija, priklausomai nuo versijos, siekia iki 111, 123, 176 arba 234 J.     <\/p>\n<p data-start=\"1033\" data-end=\"2285\">FX Dynamic Express 600 suprojektuotas maksimaliam ir labai greitam oro srautui, ypa\u010d naudojant slug tipo \u0161audmenis. Vienas AMP MKII reguliatorius turi savo manometr\u0105 ir gali b\u016bti tiksliai reguliuojamas, kad baliono sl\u0117gis b\u016bt\u0173 suma\u017eintas iki pasirinktam \u0161audmeniui tinkamo plenum sl\u0117gio. Dynamic Plenum Magnum XL su 156 cc t\u016briu \u012frengtas aplink vamzd\u012f ir laiko reguliuojam\u0105 or\u0105 paruo\u0161t\u0105 kitam \u0161\u016bviui. Dynamic Block viduje yra ypa\u010d didel\u0117 \u012fkrovimo dalis, leid\u017eianti naudoti iki 13 mm ilgio slug \u0161audmenis, o naujas vientisas High Power\/Short Impulse vo\u017etuvas u\u017etikrina didel\u012f ir itin greit\u0105 oro sraut\u0105. Quick Tune sistema leid\u017eia reguliuoti sm\u016bgin\u0117s spyruokl\u0117s i\u0161ankstin\u012f \u012ftempim\u0105 numeruotu makroreguliavimo ratuku ir ai\u0161kia mikroreguliavimo skale. Superior STX vamzd\u017eio sistema naudoja kei\u010diam\u0105 lainer\u012f, kurio grai\u017etvos \u012fspaud\u017eiamos i\u0161 i\u0161or\u0117s, kad vamzd\u017eio vidus i\u0161likt\u0173 kuo lygesnis ir b\u016bt\u0173 u\u017etikrintas geras sandarumas aplink \u0161audmen\u012f. \u0160autuvas turi tiksliai reguliuojam\u0105 match nuleistuk\u0105 su lie\u017euv\u0117lio kampo ir auk\u0161\u010dio reguliavimu, \u012f abi puses perstatom\u0105 trumpos eigos \u0161onin\u0119 u\u017etaisymo svirt\u012f, 17,75 colio Arca b\u0117gel\u012f per vis\u0105 priekin\u0117s dalies ilg\u012f su M-LOK lizdais, barricade block pakartojamai pozicijai ir 20 MOA Weaver\/Picatinny optikos b\u0117gel\u012f \u0161audymui didesniais atstumais. Svoris \u2014 3400 g, vamzd\u017eio ilgis \u2014 600 mm, bendras ilgis \u2014 1105 mm; atvir\u0173 taikikli\u0173 ir optikos komplekte n\u0117ra, pridedamas d\u0117klas, u\u017epildymo zondas ir d\u0117tuv\u0117.     <\/p>\n","protected":false},"featured_media":191691,"template":"","meta":{"_acf_changed":false},"product_brand":[],"product_cat":[1142,1146],"product_tag":[],"class_list":{"0":"post-191696","1":"product","2":"type-product","3":"status-publish","4":"has-post-thumbnail","6":"product_cat-oro-ginklai","7":"product_cat-pcp-hpa-lt","9":"first","10":"instock","11":"taxable","12":"shipping-taxable","13":"purchasable","14":"product-type-simple"},"acf":[],"_links":{"self":[{"href":"https:\/\/kingarms.ee\/lt\/wp-json\/wp\/v2\/product\/191696","targetHints":{"allow":["GET"]}}],"collection":[{"href":"https:\/\/kingarms.ee\/lt\/wp-json\/wp\/v2\/product"}],"about":[{"href":"https:\/\/kingarms.ee\/lt\/wp-json\/wp\/v2\/types\/product"}],"wp:featuredmedia":[{"embeddable":true,"href":"https:\/\/kingarms.ee\/lt\/wp-json\/wp\/v2\/media\/191691"}],"wp:attachment":[{"href":"https:\/\/kingarms.ee\/lt\/wp-json\/wp\/v2\/media?parent=191696"}],"wp:term":[{"taxonomy":"product_brand","embeddable":true,"href":"https:\/\/kingarms.ee\/lt\/wp-json\/wp\/v2\/product_brand?post=191696"},{"taxonomy":"product_cat","embeddable":true,"href":"https:\/\/kingarms.ee\/lt\/wp-json\/wp\/v2\/product_cat?post=191696"},{"taxonomy":"product_tag","embeddable":true,"href":"https:\/\/kingarms.ee\/lt\/wp-json\/wp\/v2\/product_tag?post=191696"}],"curies":[{"name":"wp","href":"https:\/\/api.w.org\/{rel}","templated":true}]}}