{"id":191775,"date":"2026-05-14T23:33:51","date_gmt":"2026-05-14T20:33:51","guid":{"rendered":"https:\/\/kingarms.ee\/product\/fx-leopard-compact-tube\/"},"modified":"2026-05-14T23:33:51","modified_gmt":"2026-05-14T20:33:51","slug":"fx-leopard-compact-tube","status":"publish","type":"product","link":"https:\/\/kingarms.ee\/lt\/product\/fx-leopard-compact-tube\/","title":{"rendered":"FX Leopard Compact Tube"},"content":{"rendered":"","protected":false},"excerpt":{"rendered":"<p data-start=\"317\" data-end=\"1058\">FX Leopard Compact Tube \u2014 tai kompakti\u0161kas bullpup tipo PCP pneumatinis \u0161autuvas, vienoje na\u0161ioje platformoje sujungiantis tikslum\u0105, gali\u0105 ir pla\u010dias pritaikymo galimybes. \u0160iame modelyje FX sutelk\u0117 naujausias savo technologijas \u012f trump\u0105 ir prakti\u0161k\u0105 konstrukcij\u0105, o viena svarbiausi\u0173 naujovi\u0173 yra 54 cc Power Plenum, pasl\u0117ptas buo\u017e\u0117s galin\u0117je dalyje. Tube versija geriausiai tinka med\u017eioklei ir universaliam naudojimui: ji turi 210 cc susl\u0117gto oro talp\u0105, 230 bar u\u017epildymo sl\u0117g\u012f ir reguliuojam\u0105 PCP sistem\u0105. \u0160autuvas si\u016blomas 4,5 mm (.177), 5,5 mm (.22), 6,35 mm (.25) ir 7,62 mm (.30) kalibrais, kuri\u0173 energija siekia iki 54, 78, 102 arba 124 J priklausomai nuo kalibro ir nustatym\u0173. Su 500 mm vamzd\u017eiu ir tik 690 mm bendru ilgiu Leopard Compact Tube u\u017etikrina stipr\u0173 na\u0161um\u0105 labai kompakti\u0161kame bullpup formate.    <\/p>\n<p data-start=\"1060\" data-end=\"2057\">FX Leopard Compact Tube turi i\u0161ori\u0161kai reguliuojam\u0105 AMP MkII reguliatori\u0173, kuris kontroliuoja \u012f Power Plenum patenkant\u012f sl\u0117g\u012f ir leid\u017eia tiksliai pritaikyti sistem\u0105 pasirinktiems \u0161audmenims. Quick Tune sistema suteikia galimyb\u0119 papildomai reguliuoti oro sraut\u0105 per sm\u016bgin\u0117s j\u0117gos makro- ir mikroreguliavim\u0105. Aplink vamzd\u012f esantis PCP rezervuaras suma\u017eina \u0161autuvo gabaritus ir pagerina valdym\u0105, o STX Superior Liner optimizuotas standartinio svorio diabolo kulkoms ir lengvesniems slug tipo \u0161audmenims; lygios 1:18 grai\u017etvos \u012fspaud\u017eiamos i\u0161 i\u0161or\u0117s, kad b\u016bt\u0173 suma\u017einta trintis ir pagerintas sandarumas aplink \u0161audmen\u012f. \u0160autuvas turi 20 MOA Weaver\/Picatinny optikos b\u0117gel\u012f, pilno ilgio Arca-Swiss pried\u0173 b\u0117gel\u012f, M-LOK lizdus visose pus\u0117se ir modulin\u0119 priekin\u0119 dal\u012f su tiltu. Reguliuojamas dviej\u0173 pakop\u0173 nuleistukas, be \u012franki\u0173 auk\u0161tyn arba \u017eemyn reguliuojama peties atrama, mink\u0161ta ir gerai sukimbanti FX UG1 rankena bei dvipusis saugiklis u\u017etikrina patogi\u0105 ergonomik\u0105. Sukamoji d\u0117tuv\u0117 yra pakankamai gili iki 13 mm ilgio \u0161audmenims, \u012fskaitant sunkesnius slug, o \u00bdx20&#8243; sriegis vamzd\u017eio gale leid\u017eia pritvirtinti garso moderatori\u0173. Svoris \u2014 3000 g, atvir\u0173 taikikli\u0173 ir optikos komplekte n\u0117ra; pridedamas u\u017epildymo zondas ir d\u0117tuv\u0117.     <\/p>\n","protected":false},"featured_media":191751,"template":"","meta":{"_acf_changed":false},"product_brand":[],"product_cat":[1142,1146],"product_tag":[],"class_list":{"0":"post-191775","1":"product","2":"type-product","3":"status-publish","4":"has-post-thumbnail","6":"product_cat-oro-ginklai","7":"product_cat-pcp-hpa-lt","9":"first","10":"instock","11":"taxable","12":"shipping-taxable","13":"purchasable","14":"product-type-simple"},"acf":[],"_links":{"self":[{"href":"https:\/\/kingarms.ee\/lt\/wp-json\/wp\/v2\/product\/191775","targetHints":{"allow":["GET"]}}],"collection":[{"href":"https:\/\/kingarms.ee\/lt\/wp-json\/wp\/v2\/product"}],"about":[{"href":"https:\/\/kingarms.ee\/lt\/wp-json\/wp\/v2\/types\/product"}],"wp:featuredmedia":[{"embeddable":true,"href":"https:\/\/kingarms.ee\/lt\/wp-json\/wp\/v2\/media\/191751"}],"wp:attachment":[{"href":"https:\/\/kingarms.ee\/lt\/wp-json\/wp\/v2\/media?parent=191775"}],"wp:term":[{"taxonomy":"product_brand","embeddable":true,"href":"https:\/\/kingarms.ee\/lt\/wp-json\/wp\/v2\/product_brand?post=191775"},{"taxonomy":"product_cat","embeddable":true,"href":"https:\/\/kingarms.ee\/lt\/wp-json\/wp\/v2\/product_cat?post=191775"},{"taxonomy":"product_tag","embeddable":true,"href":"https:\/\/kingarms.ee\/lt\/wp-json\/wp\/v2\/product_tag?post=191775"}],"curies":[{"name":"wp","href":"https:\/\/api.w.org\/{rel}","templated":true}]}}