{"id":191872,"date":"2026-05-15T00:01:10","date_gmt":"2026-05-14T21:01:10","guid":{"rendered":"https:\/\/kingarms.ee\/product\/macavity-ma2-long\/"},"modified":"2026-05-15T00:01:10","modified_gmt":"2026-05-14T21:01:10","slug":"macavity-ma2-long","status":"publish","type":"product","link":"https:\/\/kingarms.ee\/lt\/product\/macavity-ma2-long\/","title":{"rendered":"Macavity MA2 Long"},"content":{"rendered":"","protected":false},"excerpt":{"rendered":"<p data-start=\"209\" data-end=\"928\">Macavity MA2 Long \u2014 tai PCP pneumatinis \u0161autuvas, si\u016blantis auk\u0161t\u0105 efektyvum\u0105 u\u017e prieinam\u0105 kain\u0105. Modelis yra lengvas ir patogus transportuoti, ta\u010diau kartu turi atnaujinamus AR stiliaus komponentus, tokius kaip rankena ir reguliuojama buo\u017e\u0117. \u0160autuvas po gamybos papildomai sureguliuojamas, tod\u0117l i\u0161 d\u0117\u017e\u0117s jau yra paruo\u0161tas tiksliam \u0161audymui. \u0160alyse, kur teis\u0117s aktai leid\u017eia pneumatinius ginklus naudoti ne tik \u0161audymui \u012f taikinius, jis gali b\u016bti naudojamas ir smulkios bei vidutin\u0117s med\u017eiojamosios faunos med\u017eioklei. Macavity MA2 Long si\u016blomas 4,5 mm (.177), 5,5 mm (.22), 6,35 mm (.25) ir 7,62 mm (.30) kalibrais, kuri\u0173 energija siekia iki 20, 40, 60 arba 110 J priklausomai nuo versijos.    <\/p>\n<p data-start=\"930\" data-end=\"1740\">\u0160is PCP \u0161autuvas turi viduje reguliuojam\u0105 reguliatori\u0173, reguliuojam\u0105 sm\u016bgin\u0119 spyruokl\u0119, atskirus manometrus rezervuaro ir reguliatoriaus sl\u0117giui, taip pat 267 cc oro cilindr\u0105, kurio u\u017epildymo sl\u0117gis siekia iki 250 bar. \u0160onin\u0117s svirties u\u017etaisymas, reguliuojamas dviej\u0173 pakop\u0173 nuleistukas ir nuleistuko saugiklio mechanizmas u\u017etikrina patog\u0173 bei kontroliuojam\u0105 naudojim\u0105. 559 mm vamzdis yra choked, \u012ftemptas, su gaubtu ir grai\u017etvuotas, tod\u0117l padeda i\u0161laikyti stabil\u0173 tikslum\u0105. Weaver\/Picatinny b\u0117geliai skirti optikai ir priedams montuoti. AR-15 stiliaus buo\u017e\u0117 reguliuojama pagal ilg\u012f, AR-15 stiliaus rankena turi mink\u0161t\u0105 gumin\u012f i\u0161orin\u012f sluoksn\u012f, o sm\u016bgius sugerianti gumin\u0117 peties atrama didina komfort\u0105. Komplekte yra trys polimerin\u0117s sukamosios d\u0117tuv\u0117s, u\u017epildymo zondas, O-ring sandarikliai, garso moderatorius ir \u012frankiai; atvir\u0173 taikikli\u0173 ir optikos komplekte n\u0117ra.    <\/p>\n","protected":false},"featured_media":191837,"template":"","meta":{"_acf_changed":false},"product_brand":[],"product_cat":[1142,1146],"product_tag":[],"class_list":{"0":"post-191872","1":"product","2":"type-product","3":"status-publish","4":"has-post-thumbnail","6":"product_cat-oro-ginklai","7":"product_cat-pcp-hpa-lt","9":"first","10":"instock","11":"taxable","12":"shipping-taxable","13":"purchasable","14":"product-type-simple"},"acf":[],"_links":{"self":[{"href":"https:\/\/kingarms.ee\/lt\/wp-json\/wp\/v2\/product\/191872","targetHints":{"allow":["GET"]}}],"collection":[{"href":"https:\/\/kingarms.ee\/lt\/wp-json\/wp\/v2\/product"}],"about":[{"href":"https:\/\/kingarms.ee\/lt\/wp-json\/wp\/v2\/types\/product"}],"wp:featuredmedia":[{"embeddable":true,"href":"https:\/\/kingarms.ee\/lt\/wp-json\/wp\/v2\/media\/191837"}],"wp:attachment":[{"href":"https:\/\/kingarms.ee\/lt\/wp-json\/wp\/v2\/media?parent=191872"}],"wp:term":[{"taxonomy":"product_brand","embeddable":true,"href":"https:\/\/kingarms.ee\/lt\/wp-json\/wp\/v2\/product_brand?post=191872"},{"taxonomy":"product_cat","embeddable":true,"href":"https:\/\/kingarms.ee\/lt\/wp-json\/wp\/v2\/product_cat?post=191872"},{"taxonomy":"product_tag","embeddable":true,"href":"https:\/\/kingarms.ee\/lt\/wp-json\/wp\/v2\/product_tag?post=191872"}],"curies":[{"name":"wp","href":"https:\/\/api.w.org\/{rel}","templated":true}]}}