{"id":191902,"date":"2026-05-15T00:16:35","date_gmt":"2026-05-14T21:16:35","guid":{"rendered":"https:\/\/kingarms.ee\/product\/fx-drs-classic-synthetic-500\/"},"modified":"2026-05-15T00:16:35","modified_gmt":"2026-05-14T21:16:35","slug":"fx-drs-classic-synthetic-500","status":"publish","type":"product","link":"https:\/\/kingarms.ee\/lt\/product\/fx-drs-classic-synthetic-500\/","title":{"rendered":"FX DRS Classic Synthetic 500"},"content":{"rendered":"","protected":false},"excerpt":{"rendered":"<p data-start=\"274\" data-end=\"1124\">FX DRS Classic Synthetic 500 \u2014 tai galingas PCP pneumatinis \u0161autuvas, kuriame klasikin\u0117 i\u0161vaizda suderinta su moderniomis FX technologijomis kompakti\u0161kesniame formate. Pirmiausia d\u0117mes\u012f patraukia \u017eemas ir \u0161varus profilis: po vamzd\u017eiu n\u0117ra \u012fprasto oro cilindro, nes 208 cc oro rezervuaras \u012frengtas aplink vamzd\u012f kaip shroud konstrukcija. Toks sprendimas suteikia \u0161autuvui minimalistin\u0119 i\u0161vaizd\u0105, palengvina transportavim\u0105 ir laikym\u0105 bei padeda i\u0161laikyti nat\u016bralesn\u0119 \u0161audymo pad\u0117t\u012f. Modelis naudoja reguliuojam\u0105 PCP sistem\u0105 su 230 bar u\u017epildymo sl\u0117giu ir si\u016blomas 4,5 mm (.177), 5,5 mm (.22) bei 6,35 mm (.25) kalibrais, kuri\u0173 energija siekia iki 22, 40 arba 64 J priklausomai nuo versijos ir nustatym\u0173. 500 mm Superior STX vamzd\u017eio sistema turi i\u0161imam\u0105 lainer\u012f su i\u0161 i\u0161or\u0117s \u012fspaustomis grai\u017etvomis, tod\u0117l sukuriamas lygus, ma\u017eos trinties vamzd\u017eio kanalas ir geras sandarumas aplink diabolo kulk\u0105 arba slug tipo \u0161audmen\u012f.    <\/p>\n<p data-start=\"1126\" data-end=\"2093\">FX DRS Classic Synthetic 500 turi i\u0161ori\u0161kai reguliuojam\u0105 MkII AMP reguliatori\u0173, reguliuojam\u0105 sm\u016bgin\u0117s spyruokl\u0117s i\u0161ankstin\u012f \u012ftempim\u0105 ir FX High Power plenum, kuris u\u017etikrina stabil\u0173 reguliuojamo oro kiek\u012f kiekvienam \u0161\u016bviui. Nu\u0117mus buo\u017e\u0119 galima reguliuoti sm\u016bgin\u0117s spyruokl\u0117s \u012ftempim\u0105, pritaikant gali\u0105, oro s\u0105naudas ir \u0161audmens stabilum\u0105 pasirinktai kulkai arba slug tipo \u0161audmeniui. Visi\u0161kai reguliuojamas nuleistukas leid\u017eia tiksliai pritaikyti pirm\u0105 ir antr\u0105 pakop\u0105, o nuleistuko lie\u017euv\u0117l\u012f galima reguliuoti pagal atstum\u0105, auk\u0161t\u012f ir pasukimo kamp\u0105. Prie\u017ei\u016bros nereikalaujanti sintetin\u0117 buo\u017e\u0117 pritaikyta abiem rankoms ir turi soft-touch dang\u0105, kuri u\u017etikrina tvirt\u0105 sukibim\u0105 net dr\u0117gnomis s\u0105lygomis; juoda buo\u017e\u0117 suteikia \u0161autuvui \u0161iuolaiki\u0161k\u0105 i\u0161vaizd\u0105. \u0160autuvas turi 11 mm Dovetail b\u0117gel\u012f, atvir\u0173 taikikli\u0173 n\u0117ra, optinis taikiklis \u012f komplekt\u0105 ne\u012feina. Komplekte yra mini d\u0117tuv\u0117, leid\u017eianti optik\u0105 montuoti labai arti vamzd\u017eio, ir u\u017epildymo zondas; u\u017etaisymas atliekamas subtilia de\u0161in\u0117je pus\u0117je esan\u010dia \u0161onine svirtimi. Svoris \u2014 2200 g, bendras ilgis \u2014 927 mm, o d\u0117tuv\u0117s talpa, priklausomai nuo kalibro, yra 12, 14 arba 16 \u0161\u016bvi\u0173.      <\/p>\n","protected":false},"featured_media":191879,"template":"","meta":{"_acf_changed":false},"product_brand":[],"product_cat":[1142,1146],"product_tag":[],"class_list":{"0":"post-191902","1":"product","2":"type-product","3":"status-publish","4":"has-post-thumbnail","6":"product_cat-oro-ginklai","7":"product_cat-pcp-hpa-lt","9":"first","10":"instock","11":"taxable","12":"shipping-taxable","13":"purchasable","14":"product-type-simple"},"acf":[],"_links":{"self":[{"href":"https:\/\/kingarms.ee\/lt\/wp-json\/wp\/v2\/product\/191902","targetHints":{"allow":["GET"]}}],"collection":[{"href":"https:\/\/kingarms.ee\/lt\/wp-json\/wp\/v2\/product"}],"about":[{"href":"https:\/\/kingarms.ee\/lt\/wp-json\/wp\/v2\/types\/product"}],"wp:featuredmedia":[{"embeddable":true,"href":"https:\/\/kingarms.ee\/lt\/wp-json\/wp\/v2\/media\/191879"}],"wp:attachment":[{"href":"https:\/\/kingarms.ee\/lt\/wp-json\/wp\/v2\/media?parent=191902"}],"wp:term":[{"taxonomy":"product_brand","embeddable":true,"href":"https:\/\/kingarms.ee\/lt\/wp-json\/wp\/v2\/product_brand?post=191902"},{"taxonomy":"product_cat","embeddable":true,"href":"https:\/\/kingarms.ee\/lt\/wp-json\/wp\/v2\/product_cat?post=191902"},{"taxonomy":"product_tag","embeddable":true,"href":"https:\/\/kingarms.ee\/lt\/wp-json\/wp\/v2\/product_tag?post=191902"}],"curies":[{"name":"wp","href":"https:\/\/api.w.org\/{rel}","templated":true}]}}