{"id":192109,"date":"2026-05-15T11:44:13","date_gmt":"2026-05-15T08:44:13","guid":{"rendered":"https:\/\/kingarms.ee\/product\/epic-airguns-two-tactical-compact-czub\/"},"modified":"2026-05-15T11:44:13","modified_gmt":"2026-05-15T08:44:13","slug":"epic-airguns-two-tactical-compact-czub","status":"publish","type":"product","link":"https:\/\/kingarms.ee\/lt\/product\/epic-airguns-two-tactical-compact-czub\/","title":{"rendered":"Epic Airguns Two Tactical Compact CZUB"},"content":{"rendered":"","protected":false},"excerpt":{"rendered":"<p data-start=\"387\" data-end=\"1169\">Epic Airguns Two Tactical Compact CZUB \u2014 tai kompakti\u0161kas ir labai tikslus PCP pneumatinis \u0161autuvas su pla\u010diomis reguliavimo galimyb\u0117mis, skirtas \u0161audyti vidutiniais ir didesniais atstumais. Kadangi modelis orientuotas \u012f toliau esan\u010dius taikinius, jis neturi atvir\u0173 taikikli\u0173; vietoje j\u0173 \u012frengtas 30 MOA Weaver\/Picatinny optikos b\u0117gelis, suteikiantis didesn\u012f auk\u0161\u010dio korekcij\u0173 diapazon\u0105 optiniam taikikliui. \u0160autuvas turi tiksl\u0173 300 mm CZUB vamzd\u012f, kurio gale yra 1\/2 UNF sriegis moderatoriui arba vamzd\u017eio stabd\u017eiui montuoti. Po vamzd\u017eiu yra 92 cc oro rezervuaras, kurio u\u017epildymo sl\u0117gis siekia iki 300 bar; rezervuaro priekyje esantis manometras ai\u0161kiai rodo sl\u0117g\u012f, o netoliese \u012frengtas pildymo portas leid\u017eia patogiai papildyti or\u0105. I\u0161ori\u0161kai reguliuojamas reguliatorius padeda u\u017etikrinti, kad kiekvienam \u0161\u016bviui b\u016bt\u0173 naudojamas vienodas susl\u0117gto oro kiekis, o reguliatoriaus sl\u0117g\u012f galima steb\u0117ti pagal atskir\u0105 manometr\u0105 r\u0117mo apa\u010dioje, \u0161alia nuleistuko.    <\/p>\n<p data-start=\"1171\" data-end=\"2167\">Po priekine dalimi esantis Arca-Swiss pried\u0173 b\u0117gelis leid\u017eia lengvai pastatyti \u0161autuv\u0105 ant \u0161audymo atramos. Ergonomi\u0161ka AR stiliaus rankena su i\u0161 anksto suformuotomis \u012fdubomis pir\u0161tams suteikia tvirt\u0105 sukibim\u0105, nuleistuko lie\u017euv\u0117lio kamp\u0105 galima pritaikyti pagal \u0161aulio pageidavim\u0105, o perstatom\u0105 \u0161onin\u0119 u\u017etaisymo svirt\u012f galima naudoti i\u0161 abiej\u0173 pusi\u0173. AR stiliaus saugikl\u012f taip pat galima montuoti kair\u0117je arba de\u0161in\u0117je sistemos pus\u0117je. Stabilumui \u0161audant didesniais atstumais buo\u017e\u0117 yra visi\u0161kai reguliuojama: skruosto atrama reguliuojama vertikaliai, peties atrama \u2014 vertikaliai ir horizontaliai, o guminis galas padeda suma\u017einti juntam\u0105 \u0161\u016bvio impuls\u0105. Kair\u0117je peties atramos pus\u0117je yra i\u0161traukiamas monopodas, kur\u012f kartu su bipodu galima naudoti tvirtam pastatymui ant pavir\u0161iaus, o ilgas bag rider buo\u017e\u0117s apa\u010dioje dar labiau didina stabilum\u0105. Sulankstoma buo\u017e\u0117 sutrumpina bendr\u0105 ilg\u012f ma\u017edaug 24 cm, tod\u0117l \u0161autuv\u0105 patogiau transportuoti. D\u0117tuv\u0117 tinka iki 14 mm ilgio \u0161audmenims; modelis si\u016blomas 4,5 mm, 5,5 mm ir 6,35 mm kalibrais, kuri\u0173 energija siekia iki 44, 65 arba 85 J, o komplekte yra d\u0117klas, u\u017epildymo zondas, d\u0117tuv\u0117 ir atsarginis O-ring sandariklis.      <\/p>\n","protected":false},"featured_media":192086,"template":"","meta":{"_acf_changed":false},"product_brand":[],"product_cat":[1142,1146],"product_tag":[],"class_list":{"0":"post-192109","1":"product","2":"type-product","3":"status-publish","4":"has-post-thumbnail","6":"product_cat-oro-ginklai","7":"product_cat-pcp-hpa-lt","9":"first","10":"instock","11":"taxable","12":"shipping-taxable","13":"purchasable","14":"product-type-simple"},"acf":[],"_links":{"self":[{"href":"https:\/\/kingarms.ee\/lt\/wp-json\/wp\/v2\/product\/192109","targetHints":{"allow":["GET"]}}],"collection":[{"href":"https:\/\/kingarms.ee\/lt\/wp-json\/wp\/v2\/product"}],"about":[{"href":"https:\/\/kingarms.ee\/lt\/wp-json\/wp\/v2\/types\/product"}],"wp:featuredmedia":[{"embeddable":true,"href":"https:\/\/kingarms.ee\/lt\/wp-json\/wp\/v2\/media\/192086"}],"wp:attachment":[{"href":"https:\/\/kingarms.ee\/lt\/wp-json\/wp\/v2\/media?parent=192109"}],"wp:term":[{"taxonomy":"product_brand","embeddable":true,"href":"https:\/\/kingarms.ee\/lt\/wp-json\/wp\/v2\/product_brand?post=192109"},{"taxonomy":"product_cat","embeddable":true,"href":"https:\/\/kingarms.ee\/lt\/wp-json\/wp\/v2\/product_cat?post=192109"},{"taxonomy":"product_tag","embeddable":true,"href":"https:\/\/kingarms.ee\/lt\/wp-json\/wp\/v2\/product_tag?post=192109"}],"curies":[{"name":"wp","href":"https:\/\/api.w.org\/{rel}","templated":true}]}}