{"id":192245,"date":"2026-05-15T13:31:16","date_gmt":"2026-05-15T10:31:16","guid":{"rendered":"https:\/\/kingarms.ee\/product\/agn-technology-uragan-3-compact-walnut\/"},"modified":"2026-05-15T13:31:16","modified_gmt":"2026-05-15T10:31:16","slug":"agn-technology-uragan-3-compact-walnut","status":"publish","type":"product","link":"https:\/\/kingarms.ee\/lt\/product\/agn-technology-uragan-3-compact-walnut\/","title":{"rendered":"AGN Technology Uragan 3 Compact Walnut"},"content":{"rendered":"","protected":false},"excerpt":{"rendered":"<p data-start=\"271\" data-end=\"1084\">AGN Technology Uragan 3 Compact Walnut \u2014 tai nauja Uragan pneumatini\u0173 \u0161autuv\u0173 serijos versija, sukurta remiantis jau puikiai \u012fvertinta Uragan 2 platforma. Atnaujinimai skirti didesniam patikimumui, paprastesnei reguliariai prie\u017ei\u016brai ir patogesniam kasdieniam naudojimui. Modelis turi pailgint\u0105 vir\u0161utin\u012f Weaver\/Picatinny montavimo b\u0117gel\u012f, perprojektuot\u0105 ir padidint\u0105 nuleistuko apsaug\u0105, patobulint\u0105 blok\u0105 ir imtuv\u0105, taip pat optimizuot\u0105 vo\u017etuvo sistem\u0105 bei power plenum, kurie pagerina oro naudojimo efektyvum\u0105 ir \u0161\u016bvi\u0173 pastovum\u0105. Didesnis ir perprojektuotas sl\u0117gio reguliatorius u\u017etikrina stabilesn\u012f veikim\u0105, atnaujinta sm\u016bgin\u0117 sistema leid\u017eia tiksliau atlikti reguliavimus, o vo\u017etuvo mazg\u0105 dabar galima i\u0161imti nei\u0161ardant viso \u0161autuvo. Taip pat patobulintas nuleistuko ir \u0161\u016bvio mechanizmas, pa\u0161alinantis ankstesn\u0119 \u201cping\u201d garso problem\u0105.    <\/p>\n<p data-start=\"1086\" data-end=\"1990\">Uragan 3 Compact Walnut i\u0161saugo daug ankstesni\u0173 Uragan modeli\u0173 stipri\u0173j\u0173 savybi\u0173: gars\u0105 slopinant\u012f vamzd\u017eio gaubt\u0105, M14x1.25 srieg\u012f vamzd\u017eio gale, 250 cc PCP rezervuar\u0105, 300 bar u\u017epildymo sl\u0117g\u012f, apsaugin\u0119 priekin\u0119 dal\u012f, Weaver\/Picatinny pried\u0173 b\u0117gel\u012f ir 20 MOA Weaver\/Picatinny optikos b\u0117gel\u012f. \u0160autuvas turi kair\u0117je pus\u0117je esant\u012f manometr\u0105, CZ vamzd\u012f, pildymo port\u0105 su dulki\u0173 kam\u0161\u010diu, rie\u0161utmed\u017eio thumbhole tipo buo\u017e\u0119, vertikaliai reguliuojam\u0105 gumin\u0119 peties atram\u0105 ir perstatom\u0105 biatlono stiliaus \u0161onin\u0119 u\u017etaisymo svirt\u012f. Dviej\u0173 pakop\u0173 nuleistukas yra reguliuojamas, o dvipusis slankusis saugiklis leid\u017eia patogiai naudoti model\u012f tiek de\u0161iniarankiams, tiek kairiarankiams. \u0160autuvas si\u016blomas 4,5 mm (.177), 5,5 mm (.22), 6,35 mm (.25) ir 7,62 mm (.30) kalibrais, kuri\u0173 d\u0117tuvi\u0173 talpa atitinkamai yra 15, 12, 10 arba 9 \u0161\u016bviai. Svoris \u2014 2700 g, vamzd\u017eio ilgis \u2014 400 mm, bendras ilgis \u2014 660 mm; atvir\u0173 taikikli\u0173 ir optikos komplekte n\u0117ra, pridedamos 2 d\u0117tuv\u0117s, u\u017epildymo zondas, mink\u0161tas d\u0117klas ir \u012frankiai.    <\/p>\n","protected":false},"featured_media":192228,"template":"","meta":{"_acf_changed":false},"product_brand":[],"product_cat":[1142,1146],"product_tag":[],"class_list":{"0":"post-192245","1":"product","2":"type-product","3":"status-publish","4":"has-post-thumbnail","6":"product_cat-oro-ginklai","7":"product_cat-pcp-hpa-lt","9":"first","10":"instock","11":"taxable","12":"shipping-taxable","13":"purchasable","14":"product-type-simple"},"acf":[],"_links":{"self":[{"href":"https:\/\/kingarms.ee\/lt\/wp-json\/wp\/v2\/product\/192245","targetHints":{"allow":["GET"]}}],"collection":[{"href":"https:\/\/kingarms.ee\/lt\/wp-json\/wp\/v2\/product"}],"about":[{"href":"https:\/\/kingarms.ee\/lt\/wp-json\/wp\/v2\/types\/product"}],"wp:featuredmedia":[{"embeddable":true,"href":"https:\/\/kingarms.ee\/lt\/wp-json\/wp\/v2\/media\/192228"}],"wp:attachment":[{"href":"https:\/\/kingarms.ee\/lt\/wp-json\/wp\/v2\/media?parent=192245"}],"wp:term":[{"taxonomy":"product_brand","embeddable":true,"href":"https:\/\/kingarms.ee\/lt\/wp-json\/wp\/v2\/product_brand?post=192245"},{"taxonomy":"product_cat","embeddable":true,"href":"https:\/\/kingarms.ee\/lt\/wp-json\/wp\/v2\/product_cat?post=192245"},{"taxonomy":"product_tag","embeddable":true,"href":"https:\/\/kingarms.ee\/lt\/wp-json\/wp\/v2\/product_tag?post=192245"}],"curies":[{"name":"wp","href":"https:\/\/api.w.org\/{rel}","templated":true}]}}