{"id":192393,"date":"2026-05-15T23:10:08","date_gmt":"2026-05-15T20:10:08","guid":{"rendered":"https:\/\/kingarms.ee\/product\/fx-leopard-compact-bottle\/"},"modified":"2026-05-15T23:10:08","modified_gmt":"2026-05-15T20:10:08","slug":"fx-leopard-compact-bottle","status":"publish","type":"product","link":"https:\/\/kingarms.ee\/lt\/product\/fx-leopard-compact-bottle\/","title":{"rendered":"FX Leopard Compact Bottle"},"content":{"rendered":"","protected":false},"excerpt":{"rendered":"<p data-start=\"373\" data-end=\"1181\">FX Leopard Compact Bottle \u2014 tai kompakti\u0161kas bullpup tipo PCP pneumatinis \u0161autuvas, trumpoje ir na\u0161ioje platformoje sujungiantis tikslum\u0105, gali\u0105 ir pla\u010dias pritaikymo galimybes. Modelyje panaudotos naujausios FX technologijos, \u012fskaitant 54 cc Power Plenum, pasl\u0117pt\u0105 buo\u017e\u0117s galin\u0117je dalyje, kur jis veikia kaip oro buferis tarp reguliatoriaus ir vo\u017etuvo. Compact Bottle versija geriausiai tinka \u0161audymui dideliais atstumais ir benchrest disciplinai, nes prie 210 cc PCP rezervuaro aplink vamzd\u012f pridedamas 300 cc anglies pluo\u0161to balionas. Bendra susl\u0117gto oro talpa siekia 510 cc, tod\u0117l re\u010diau reikia pildyti or\u0105. \u0160autuvas veikia su 250 bar u\u017epildymo sl\u0117giu, turi reguliuojam\u0105 PCP sistem\u0105 ir si\u016blomas 4,5 mm (.177), 5,5 mm (.22), 6,35 mm (.25) bei 7,62 mm (.30) kalibrais, kuri\u0173 energija siekia iki 54, 78, 102 arba 124 J priklausomai nuo kalibro ir nustatym\u0173.    <\/p>\n<p data-start=\"1183\" data-end=\"2194\">FX Leopard Compact Bottle turi i\u0161ori\u0161kai reguliuojam\u0105 AMP MkII reguliatori\u0173, kuris kontroliuoja \u012f Power Plenum patenkant\u012f sl\u0117g\u012f ir leid\u017eia tiksliai pritaikyti sistem\u0105 pasirinktiems \u0161audmenims. Quick Tune sistema suteikia galimyb\u0119 papildomai reguliuoti oro sraut\u0105 per sm\u016bgin\u0117s j\u0117gos makro- ir mikroreguliavim\u0105. STX Superior Liner optimizuotas standartinio svorio diabolo kulkoms ir lengvesniems slug tipo \u0161audmenims; lygios 1:18 grai\u017etvos \u012fspaud\u017eiamos i\u0161 i\u0161or\u0117s, kad b\u016bt\u0173 suma\u017einta trintis ir pagerintas sandarumas aplink \u0161audmen\u012f. \u0160autuvas turi 20 MOA Weaver\/Picatinny optikos b\u0117gel\u012f, Weaver\/Picatinny pried\u0173 b\u0117gel\u012f, reguliuojam\u0105 dviej\u0173 pakop\u0173 nuleistuk\u0105, be \u012franki\u0173 auk\u0161tyn arba \u017eemyn reguliuojam\u0105 peties atram\u0105, mink\u0161t\u0105 ir gerai sukimbant\u012f FX UG1 ranken\u0105 bei dvipus\u012f saugikl\u012f. Sukamoji d\u0117tuv\u0117 yra pakankamai gili iki 13 mm ilgio \u0161audmenims, \u012fskaitant sunkius slug, o \u00bdx20&#8243; sriegis vamzd\u017eio gale leid\u017eia pritvirtinti garso moderatori\u0173. Svoris \u2014 3460 g, vamzd\u017eio ilgis \u2014 500 mm, bendras ilgis \u2014 tik 690 mm; atvir\u0173 taikikli\u0173 ir optikos komplekte n\u0117ra, pridedamas u\u017epildymo zondas ir d\u0117tuv\u0117.   <\/p>\n","protected":false},"featured_media":192352,"template":"","meta":{"_acf_changed":false},"product_brand":[],"product_cat":[1142,1146],"product_tag":[],"class_list":{"0":"post-192393","1":"product","2":"type-product","3":"status-publish","4":"has-post-thumbnail","6":"product_cat-oro-ginklai","7":"product_cat-pcp-hpa-lt","9":"first","10":"instock","11":"taxable","12":"shipping-taxable","13":"purchasable","14":"product-type-simple"},"acf":[],"_links":{"self":[{"href":"https:\/\/kingarms.ee\/lt\/wp-json\/wp\/v2\/product\/192393","targetHints":{"allow":["GET"]}}],"collection":[{"href":"https:\/\/kingarms.ee\/lt\/wp-json\/wp\/v2\/product"}],"about":[{"href":"https:\/\/kingarms.ee\/lt\/wp-json\/wp\/v2\/types\/product"}],"wp:featuredmedia":[{"embeddable":true,"href":"https:\/\/kingarms.ee\/lt\/wp-json\/wp\/v2\/media\/192352"}],"wp:attachment":[{"href":"https:\/\/kingarms.ee\/lt\/wp-json\/wp\/v2\/media?parent=192393"}],"wp:term":[{"taxonomy":"product_brand","embeddable":true,"href":"https:\/\/kingarms.ee\/lt\/wp-json\/wp\/v2\/product_brand?post=192393"},{"taxonomy":"product_cat","embeddable":true,"href":"https:\/\/kingarms.ee\/lt\/wp-json\/wp\/v2\/product_cat?post=192393"},{"taxonomy":"product_tag","embeddable":true,"href":"https:\/\/kingarms.ee\/lt\/wp-json\/wp\/v2\/product_tag?post=192393"}],"curies":[{"name":"wp","href":"https:\/\/api.w.org\/{rel}","templated":true}]}}