{"id":192424,"date":"2026-05-15T23:19:16","date_gmt":"2026-05-15T20:19:16","guid":{"rendered":"https:\/\/kingarms.ee\/product\/agn-technology-manul\/"},"modified":"2026-05-15T23:19:16","modified_gmt":"2026-05-15T20:19:16","slug":"agn-technology-manul","status":"publish","type":"product","link":"https:\/\/kingarms.ee\/lt\/product\/agn-technology-manul\/","title":{"rendered":"AGN Technology Manul"},"content":{"rendered":"","protected":false},"excerpt":{"rendered":"<p data-start=\"188\" data-end=\"941\">AGN Technology Manul \u2014 tai kompakti\u0161kas PCP pneumatinis pistoletas su \u0161onine u\u017etaisymo svirtimi ir patogia laikyti konstrukcija. \u0160onin\u0117 svirtis yra kair\u0117je mechanizmo pus\u0117je, j\u0105 reikia visi\u0161kai patraukti atgal prie\u0161 pasukant d\u0117tuv\u0119, kuri \u0161iek tiek primena revolverio b\u016bgn\u0105, ir u\u017epildant j\u0105 \u0161audmenimis. Manul si\u016blomas 4,5 mm ir 5,5 mm kalibrais, kuri\u0173 d\u0117tuv\u0117s talpa atitinkamai yra 7 arba 6 \u0161\u016bviai. \u012ed\u0117jus \u0161audmenis, svirtis pastumiama \u012f priek\u012f ir pistoletas paruo\u0161tas \u0161\u016bviui. Oras tiekiamas i\u0161 50 cc PCP cilindro, esan\u010dio po priekine dalimi; maksimalus u\u017epildymo sl\u0117gis siekia 250 bar, o sl\u0117g\u012f galima patikrinti pagal manometr\u0105 cilindro priekyje. Bendras pistoleto ilgis \u2014 317 mm, vamzd\u017eio ilgis \u2014 190 mm, energija, priklausomai nuo versijos, siekia iki 12 arba 16 J.     <\/p>\n<p data-start=\"943\" data-end=\"1551\">AGN Technology Manul turi galin\u012f taikikl\u012f ir reguliuojam\u0105 priekin\u012f taikikl\u012f praktiniam taikymuisi, taip pat Weaver\/Picatinny b\u0117gel\u012f, ant kurio galima montuoti, pavyzd\u017eiui, kolimatori\u0173 greitesniam taikinio pagavimui. Rankena pagaminta i\u0161 sm\u016bgiams atsparios sintetin\u0117s med\u017eiagos ir pritaikyta naudoti abiem rankomis. \u0160iurk\u0161ti tekst\u016bra abiejose pus\u0117se bei riev\u0117tos zonos priekyje ir gale u\u017etikrina tvirt\u0105 sukibim\u0105, tod\u0117l \u0161onin\u0119 svirt\u012f galima valdyti patogiai ir kontroliuojamai. Pistoletas sveria 750 g, sistema n\u0117ra reguliuojama, o komplekte yra u\u017epildymo zondas, d\u0117tuv\u0117, O-ring sandarikliai, vieno \u0161\u016bvio d\u0117klas ir \u012frankiai.   <\/p>\n","protected":false},"featured_media":192400,"template":"","meta":{"_acf_changed":false},"product_brand":[],"product_cat":[1142,1146],"product_tag":[],"class_list":{"0":"post-192424","1":"product","2":"type-product","3":"status-publish","4":"has-post-thumbnail","6":"product_cat-oro-ginklai","7":"product_cat-pcp-hpa-lt","9":"first","10":"instock","11":"taxable","12":"shipping-taxable","13":"purchasable","14":"product-type-simple"},"acf":[],"_links":{"self":[{"href":"https:\/\/kingarms.ee\/lt\/wp-json\/wp\/v2\/product\/192424","targetHints":{"allow":["GET"]}}],"collection":[{"href":"https:\/\/kingarms.ee\/lt\/wp-json\/wp\/v2\/product"}],"about":[{"href":"https:\/\/kingarms.ee\/lt\/wp-json\/wp\/v2\/types\/product"}],"wp:featuredmedia":[{"embeddable":true,"href":"https:\/\/kingarms.ee\/lt\/wp-json\/wp\/v2\/media\/192400"}],"wp:attachment":[{"href":"https:\/\/kingarms.ee\/lt\/wp-json\/wp\/v2\/media?parent=192424"}],"wp:term":[{"taxonomy":"product_brand","embeddable":true,"href":"https:\/\/kingarms.ee\/lt\/wp-json\/wp\/v2\/product_brand?post=192424"},{"taxonomy":"product_cat","embeddable":true,"href":"https:\/\/kingarms.ee\/lt\/wp-json\/wp\/v2\/product_cat?post=192424"},{"taxonomy":"product_tag","embeddable":true,"href":"https:\/\/kingarms.ee\/lt\/wp-json\/wp\/v2\/product_tag?post=192424"}],"curies":[{"name":"wp","href":"https:\/\/api.w.org\/{rel}","templated":true}]}}