{"id":192449,"date":"2026-05-15T23:30:20","date_gmt":"2026-05-15T20:30:20","guid":{"rendered":"https:\/\/kingarms.ee\/product\/snowpeak-pp750l\/"},"modified":"2026-05-15T23:30:20","modified_gmt":"2026-05-15T20:30:20","slug":"snowpeak-pp750l","status":"publish","type":"product","link":"https:\/\/kingarms.ee\/lt\/product\/snowpeak-pp750l\/","title":{"rendered":"Snowpeak PP750L"},"content":{"rendered":"","protected":false},"excerpt":{"rendered":"<p data-start=\"246\" data-end=\"913\">Snowpeak PP750L \u2014 tai patobulinta PP750 modelio versija: PCP pneumatinis pistoletas, kur\u012f d\u0117l i\u0161traukiamos buo\u017e\u0117s galima paversti kompakti\u0161ku karabinu. Kaip ir ankstesnis modelis, jis i\u0161laiko transformuojam\u0105 konstrukcij\u0105, ta\u010diau PP750L buo\u017e\u0119 dabar galima ir nuleisti \u017eemyn, pritaikant j\u0105 prie \u0161aulio pasirinktos pad\u0117ties. Buo\u017e\u0117 i\u0161traukiama \u012f tris pad\u0117tis, gali b\u016bti visi\u0161kai nuimama ir reguliuojama auk\u0161tyje. Kitas svarbus patobulinimas \u2014 komplekte esantis garso moderatorius; j\u012f nu\u0117mus atsiveria \u00bd\u2033 UNF sriegis vamzd\u017eio gale kitiems priedams montuoti. Modelis naudoja reguliuojam\u0105 PCP sistem\u0105, kuri padeda i\u0161laikyti pastovi\u0105 \u0161\u016bvio gali\u0105, ir yra si\u016blomas 4,5 mm (.177) bei 5,5 mm (.22) kalibrais, kuri\u0173 energija siekia iki 18 arba 26 J.   <\/p>\n<p data-start=\"915\" data-end=\"1663\">Snowpeak PP750L turi 66 cc oro cilindr\u0105, kurio u\u017epildymo sl\u0117gis siekia iki 250 bar, o d\u0117tuv\u0117s talpa, priklausomai nuo kalibro, yra 9 arba 7 \u0161\u016bviai. Pistoletas turi standartinius atvirus taikiklius, 11 mm Dovetail b\u0117gel\u012f taikikliams ar priedams montuoti ir rankin\u012f saugikl\u012f, integruot\u0105 \u012f nuleistuk\u0105. Nuleistuko svor\u012f galima reguliuoti nuo 900 iki 2250 gram\u0173, tod\u0117l \u0161aulys gali pritaikyti jo poj\u016bt\u012f pagal savo pageidavimus. Medin\u0117s rankenos plok\u0161tel\u0117s suteikia modeliui klasikin\u0119 i\u0161vaizd\u0105, o med\u017eio ir aliuminio konstrukcija i\u0161lieka prakti\u0161ka bei patvari. Svoris su moderatoriumi \u2014 1590 g, vamzd\u017eio ilgis \u2014 277 mm, bendras ilgis su 130 mm moderatoriumi \u2014 nuo 575 iki 817 mm. Komplekte yra u\u017epildymo zondas, d\u0117tuv\u0117, garso moderatorius, vieno \u0161\u016bvio d\u0117klas, atsarginiai O-ring sandarikliai ir \u012frankiai.     <\/p>\n","protected":false},"featured_media":192432,"template":"","meta":{"_acf_changed":false},"product_brand":[],"product_cat":[1142,1146],"product_tag":[],"class_list":{"0":"post-192449","1":"product","2":"type-product","3":"status-publish","4":"has-post-thumbnail","6":"product_cat-oro-ginklai","7":"product_cat-pcp-hpa-lt","9":"first","10":"instock","11":"taxable","12":"shipping-taxable","13":"purchasable","14":"product-type-simple"},"acf":[],"_links":{"self":[{"href":"https:\/\/kingarms.ee\/lt\/wp-json\/wp\/v2\/product\/192449","targetHints":{"allow":["GET"]}}],"collection":[{"href":"https:\/\/kingarms.ee\/lt\/wp-json\/wp\/v2\/product"}],"about":[{"href":"https:\/\/kingarms.ee\/lt\/wp-json\/wp\/v2\/types\/product"}],"wp:featuredmedia":[{"embeddable":true,"href":"https:\/\/kingarms.ee\/lt\/wp-json\/wp\/v2\/media\/192432"}],"wp:attachment":[{"href":"https:\/\/kingarms.ee\/lt\/wp-json\/wp\/v2\/media?parent=192449"}],"wp:term":[{"taxonomy":"product_brand","embeddable":true,"href":"https:\/\/kingarms.ee\/lt\/wp-json\/wp\/v2\/product_brand?post=192449"},{"taxonomy":"product_cat","embeddable":true,"href":"https:\/\/kingarms.ee\/lt\/wp-json\/wp\/v2\/product_cat?post=192449"},{"taxonomy":"product_tag","embeddable":true,"href":"https:\/\/kingarms.ee\/lt\/wp-json\/wp\/v2\/product_tag?post=192449"}],"curies":[{"name":"wp","href":"https:\/\/api.w.org\/{rel}","templated":true}]}}