{"id":192479,"date":"2026-05-15T23:40:41","date_gmt":"2026-05-15T20:40:41","guid":{"rendered":"https:\/\/kingarms.ee\/product\/snowpeak-pp20\/"},"modified":"2026-05-15T23:40:41","modified_gmt":"2026-05-15T20:40:41","slug":"snowpeak-pp20","status":"publish","type":"product","link":"https:\/\/kingarms.ee\/lt\/product\/snowpeak-pp20\/","title":{"rendered":"Snowpeak PP20"},"content":{"rendered":"","protected":false},"excerpt":{"rendered":"<p data-start=\"238\" data-end=\"742\">Artemis PP20 \u2014 tai tinkamas pradinis PCP pneumatinis pistoletas tiems, kurie nori prad\u0117ti 10 metr\u0173 sportinio \u0161audymo disciplin\u0105. Modelis sukurtas baziniam match tipo taiklumo \u0161audymui ir suteikia pagrindines savybes, kuri\u0173 reikia pradedan\u010diam 10M \u0161auliui. Pistoletas turi buko medienos match ranken\u0105 su tekst\u016bruota apdaila, u\u017etikrinan\u010dia tvirt\u0105 ir kontroliuojam\u0105 sukibim\u0105. Rankena skirta de\u0161iniarankiams, o S, M ir L dyd\u017eiai pateikiami viename komplekte. Modelis yra 4,5 mm (.177) kalibro, jo energija siekia 7,5 J, vamzd\u017eio ilgis \u2014 240 mm, bendras ilgis \u2014 425 mm.    <\/p>\n<p data-start=\"744\" data-end=\"1222\">Artemis PP20 naudoja reguliuojam\u0105 PCP sistem\u0105, kuri padeda i\u0161laikyti pastov\u0173 sl\u0117g\u012f kiekvienam \u0161\u016bviui. Oro rezervuaro priekyje esantis manometras yra lengvai \u012fskaitomas, tod\u0117l sl\u0117g\u012f patogu kontroliuoti. Visi\u0161kai reguliuojamas match nuleistukas leid\u017eia nustatyti nuleidimo j\u0117g\u0105 nuo 1,5 iki 2 lbf, arba ma\u017edaug nuo 0,68 iki 0,91 kg. Pistoletas taip pat turi automatin\u012f saugikl\u012f ir visi\u0161kai reguliuojam\u0105 galin\u012f taikikl\u012f. Taikymosi linijos ilgis yra 357\u2013372 mm, svoris \u2014 1100 g. Komplekte yra 2 adapteriai, d\u0117klas ir O-ring sandarikliai.     <\/p>\n","protected":false},"featured_media":192456,"template":"","meta":{"_acf_changed":false},"product_brand":[],"product_cat":[1142,1146],"product_tag":[],"class_list":{"0":"post-192479","1":"product","2":"type-product","3":"status-publish","4":"has-post-thumbnail","6":"product_cat-oro-ginklai","7":"product_cat-pcp-hpa-lt","9":"first","10":"instock","11":"taxable","12":"shipping-taxable","13":"purchasable","14":"product-type-simple"},"acf":[],"_links":{"self":[{"href":"https:\/\/kingarms.ee\/lt\/wp-json\/wp\/v2\/product\/192479","targetHints":{"allow":["GET"]}}],"collection":[{"href":"https:\/\/kingarms.ee\/lt\/wp-json\/wp\/v2\/product"}],"about":[{"href":"https:\/\/kingarms.ee\/lt\/wp-json\/wp\/v2\/types\/product"}],"wp:featuredmedia":[{"embeddable":true,"href":"https:\/\/kingarms.ee\/lt\/wp-json\/wp\/v2\/media\/192456"}],"wp:attachment":[{"href":"https:\/\/kingarms.ee\/lt\/wp-json\/wp\/v2\/media?parent=192479"}],"wp:term":[{"taxonomy":"product_brand","embeddable":true,"href":"https:\/\/kingarms.ee\/lt\/wp-json\/wp\/v2\/product_brand?post=192479"},{"taxonomy":"product_cat","embeddable":true,"href":"https:\/\/kingarms.ee\/lt\/wp-json\/wp\/v2\/product_cat?post=192479"},{"taxonomy":"product_tag","embeddable":true,"href":"https:\/\/kingarms.ee\/lt\/wp-json\/wp\/v2\/product_tag?post=192479"}],"curies":[{"name":"wp","href":"https:\/\/api.w.org\/{rel}","templated":true}]}}