{"id":192492,"date":"2026-05-15T23:59:04","date_gmt":"2026-05-15T20:59:04","guid":{"rendered":"https:\/\/kingarms.ee\/product\/hammerli-ap20-pro\/"},"modified":"2026-05-15T23:59:04","modified_gmt":"2026-05-15T20:59:04","slug":"hammerli-ap20-pro","status":"publish","type":"product","link":"https:\/\/kingarms.ee\/lt\/product\/hammerli-ap20-pro\/","title":{"rendered":"H\u00e4mmerli AP20 Pro"},"content":{"rendered":"","protected":false},"excerpt":{"rendered":"<p data-start=\"250\" data-end=\"854\">H\u00e4mmerli AP20 Pro \u2014 tai ekonomi\u0161kai patrauklus PCP match klas\u0117s pneumatinis pistoletas, skirtas 10 metr\u0173 sportinio \u0161audymo disciplinai ir sukurtas Walther modulin\u0117s sistemos pagrindu. Konstrukcijoje naudojami patikrinti auk\u0161tesn\u0117s klas\u0117s LP400 komponentai, tod\u0117l modelis yra patvarus ir tinkamas treniruot\u0117ms bei var\u017eyboms. Pistoletas veikia su 200 bar susl\u0117gto oro sistema, jo energija siekia iki 7,5 J, o vienu u\u017epildymu galima atlikti daugiau nei 180 \u0161\u016bvi\u0173. Siauras aliumininis cilindras turi integruot\u0105 manometr\u0105 greitam sl\u0117gio patikrinimui. Modelis yra 4,5 mm (.177) kalibro, vamzd\u017eio ilgis \u2014 250 mm, bendras ilgis \u2014 415 mm, o taikymosi linija \u2014 366\u2013375 mm.    <\/p>\n<p data-start=\"856\" data-end=\"1602\">H\u00e4mmerli AP20 Pro turi 3D reguliuojam\u0105 rie\u0161utmed\u017eio memory ranken\u0105, leid\u017eian\u010di\u0105 tiksliai pritaikyti sukibim\u0105 prie \u0161aulio rankos. Reguliuojamas dviej\u0173 pakop\u0173 match nuleistukas turi apie 500 g nuleidimo svor\u012f, o taikikliai yra pilnai reguliuojami: galinis taikiklis tolygiai reguliuojamas pagal plot\u012f ir auk\u0161t\u012f, pasukamas priekinis taikiklis si\u016blo tris kei\u010diamus ply\u0161io plo\u010dius, o taikikli\u0173 sistema gali b\u016bti koreguojama ir i\u0161ilgine kryptimi tiksliam kalibravimui. Komplekte yra \u0161e\u0161i skirting\u0173 spalv\u0173 kei\u010diami vamzd\u017eio gaubtai individualizavimui. Ma\u017eas, apie 980 g, bazinis svoris u\u017etikrina lengv\u0105 valdym\u0105 ir ger\u0105 balans\u0105. Modelis neturi d\u0117tuv\u0117s ir yra skirtas vieno \u0161\u016bvio naudojimui; komplekte yra d\u0117klas, u\u017epildymo zondas ir \u012frankiai. Model\u012f taip pat rekomenduoja Vokietijos \u0161audymo federacija DSB.     <\/p>\n","protected":false},"featured_media":192487,"template":"","meta":{"_acf_changed":false},"product_brand":[],"product_cat":[1142,1146],"product_tag":[],"class_list":{"0":"post-192492","1":"product","2":"type-product","3":"status-publish","4":"has-post-thumbnail","6":"product_cat-oro-ginklai","7":"product_cat-pcp-hpa-lt","9":"first","10":"instock","11":"taxable","12":"shipping-taxable","13":"purchasable","14":"product-type-simple"},"acf":[],"_links":{"self":[{"href":"https:\/\/kingarms.ee\/lt\/wp-json\/wp\/v2\/product\/192492","targetHints":{"allow":["GET"]}}],"collection":[{"href":"https:\/\/kingarms.ee\/lt\/wp-json\/wp\/v2\/product"}],"about":[{"href":"https:\/\/kingarms.ee\/lt\/wp-json\/wp\/v2\/types\/product"}],"wp:featuredmedia":[{"embeddable":true,"href":"https:\/\/kingarms.ee\/lt\/wp-json\/wp\/v2\/media\/192487"}],"wp:attachment":[{"href":"https:\/\/kingarms.ee\/lt\/wp-json\/wp\/v2\/media?parent=192492"}],"wp:term":[{"taxonomy":"product_brand","embeddable":true,"href":"https:\/\/kingarms.ee\/lt\/wp-json\/wp\/v2\/product_brand?post=192492"},{"taxonomy":"product_cat","embeddable":true,"href":"https:\/\/kingarms.ee\/lt\/wp-json\/wp\/v2\/product_cat?post=192492"},{"taxonomy":"product_tag","embeddable":true,"href":"https:\/\/kingarms.ee\/lt\/wp-json\/wp\/v2\/product_tag?post=192492"}],"curies":[{"name":"wp","href":"https:\/\/api.w.org\/{rel}","templated":true}]}}