{"id":192528,"date":"2026-05-16T00:09:12","date_gmt":"2026-05-15T21:09:12","guid":{"rendered":"https:\/\/kingarms.ee\/product\/snowpeak-pp30\/"},"modified":"2026-05-16T00:09:12","modified_gmt":"2026-05-15T21:09:12","slug":"snowpeak-pp30","status":"publish","type":"product","link":"https:\/\/kingarms.ee\/lt\/product\/snowpeak-pp30\/","title":{"rendered":"Snowpeak PP30"},"content":{"rendered":"","protected":false},"excerpt":{"rendered":"<p data-start=\"271\" data-end=\"906\">Snowpeak PP30 \u2014 tai pilnai \u012frengtas PCP match klas\u0117s pneumatinis pistoletas, skirtas 10 metr\u0173 taikinio \u0161audymo disciplinai ir si\u016blomas u\u017e labai patraukli\u0105 kain\u0105. Pistoletas yra lengvas \u2014 tik 906 g, tod\u0117l j\u012f patogu laikyti tiksliai \u0161audant ir ilgesni\u0173 treniruo\u010di\u0173 metu. Modelis yra 4,5 mm (.177) kalibro, jo energija siekia 7,5 J, vamzd\u017eio ilgis \u2014 260 mm, bendras ilgis \u2014 404 mm, o taikymosi linija \u2014 354 mm. Reguliuojama PCP sistema padeda i\u0161laikyti pastovi\u0105 kiekvieno \u0161\u016bvio gali\u0105, o pilnai u\u017epildytas oro cilindras, kurio maksimalus sl\u0117gis yra 250 bar, leid\u017eia atlikti ma\u017edaug 100 \u0161\u016bvi\u0173. Oro cilindro priekyje esantis manometras ai\u0161kiai rodo esam\u0105 u\u017epildymo sl\u0117g\u012f.    <\/p>\n<p data-start=\"908\" data-end=\"1687\">Snowpeak PP30 turi reguliuojam\u0105 medin\u0119 match ranken\u0105 su \u0161iurk\u0161\u010dia tekst\u016bra, u\u017etikrinan\u010dia tvirt\u0105 ir kontroliuojam\u0105 sukibim\u0105. Nuleistuko sistema si\u016blo pla\u010dias reguliavimo galimybes: galima reguliuoti pirm\u0105 ir antr\u0105 pakop\u0105, bendr\u0105 nuleidimo svor\u012f nuo 0,045 iki 0,91 kg, nuleistuko eigos ribotuv\u0105 ir i\u0161ilgin\u0119 nuleistuko lie\u017euv\u0117lio pad\u0117t\u012f, kad ji tikt\u0173 skirtingam pir\u0161to ilgiui. Taip pat yra sauso \u0161\u016bvio funkcija treniruot\u0117ms. Galinis taikiklis tiksliai reguliuojamas horizontaliai ir vertikaliai reguliavimo ratukais, be to, galima keisti galinio taikiklio i\u0161pjovos plot\u012f. Modelis neturi d\u0117tuv\u0117s ir yra skirtas vieno \u0161\u016bvio naudojimui. De\u0161iniarankiams skirta M dyd\u017eio rankena, juodos\/sidabrin\u0117s spalvos apdaila ir tvirtas transportavimo d\u0117klas daro PP30 geru pasirinkimu tiek pradedantiems, tiek patyrusiems 10M \u0161auliams. Komplekte yra d\u0117klas, u\u017epildymo adapteris ir O-ring sandarikliai.      <\/p>\n","protected":false},"featured_media":192499,"template":"","meta":{"_acf_changed":false},"product_brand":[],"product_cat":[1142,1146],"product_tag":[],"class_list":{"0":"post-192528","1":"product","2":"type-product","3":"status-publish","4":"has-post-thumbnail","6":"product_cat-oro-ginklai","7":"product_cat-pcp-hpa-lt","9":"first","10":"instock","11":"taxable","12":"shipping-taxable","13":"purchasable","14":"product-type-simple"},"acf":[],"_links":{"self":[{"href":"https:\/\/kingarms.ee\/lt\/wp-json\/wp\/v2\/product\/192528","targetHints":{"allow":["GET"]}}],"collection":[{"href":"https:\/\/kingarms.ee\/lt\/wp-json\/wp\/v2\/product"}],"about":[{"href":"https:\/\/kingarms.ee\/lt\/wp-json\/wp\/v2\/types\/product"}],"wp:featuredmedia":[{"embeddable":true,"href":"https:\/\/kingarms.ee\/lt\/wp-json\/wp\/v2\/media\/192499"}],"wp:attachment":[{"href":"https:\/\/kingarms.ee\/lt\/wp-json\/wp\/v2\/media?parent=192528"}],"wp:term":[{"taxonomy":"product_brand","embeddable":true,"href":"https:\/\/kingarms.ee\/lt\/wp-json\/wp\/v2\/product_brand?post=192528"},{"taxonomy":"product_cat","embeddable":true,"href":"https:\/\/kingarms.ee\/lt\/wp-json\/wp\/v2\/product_cat?post=192528"},{"taxonomy":"product_tag","embeddable":true,"href":"https:\/\/kingarms.ee\/lt\/wp-json\/wp\/v2\/product_tag?post=192528"}],"curies":[{"name":"wp","href":"https:\/\/api.w.org\/{rel}","templated":true}]}}