{"id":192552,"date":"2026-05-16T00:30:25","date_gmt":"2026-05-15T21:30:25","guid":{"rendered":"https:\/\/kingarms.ee\/product\/walther-lp500-expert\/"},"modified":"2026-05-16T00:30:25","modified_gmt":"2026-05-15T21:30:25","slug":"walther-lp500-expert","status":"publish","type":"product","link":"https:\/\/kingarms.ee\/lt\/product\/walther-lp500-expert\/","title":{"rendered":"Walther LP500 Expert"},"content":{"rendered":"","protected":false},"excerpt":{"rendered":"<p data-start=\"246\" data-end=\"831\">Walther LP500 Expert \u2014 tai Walther LP400 modeli\u0173 \u012fp\u0117dinis ir LP500 serijos tikslus PCP match pneumatinis pistoletas, skirtas 10 metr\u0173 sportinio \u0161audymo disciplinai. LP500 serija standarti\u0161kai komplektuojama su match vamzd\u017eiu ir kompensatoriumi, Linear absorber, sauso \u0161\u016bvio re\u017eimu, saddle breech sistema, aliumininiu cilindru, pasukamu taikikliu, 10 g INLINE svareliu, 3D \u017eym\u0117jimu bei bepakopi\u0161kai reguliuojamu galiniu taikikliu pagal plot\u012f ir gyl\u012f kartu su pasukamu priekiniu taikikliu. Modelis veikia su 200 bar PCP sistema, yra 4,5 mm (.177) kalibro, jo energija siekia 7,5 J, vamzd\u017eio ilgis \u2014 221 mm, bendras ilgis \u2014 420 mm, o taikymosi linija reguliuojama 340\u2013400 mm diapazone.  <\/p>\n<p data-start=\"833\" data-end=\"1446\">LP500 Expert sukurtas \u0161auliui, kuriam reikia stabilaus, tikslaus ir pla\u010diai reguliuojamo var\u017eybinio pistoleto. Rankenos pad\u0117tis match \u0161audyme yra svarbi kiekvienai rezultato de\u0161imtajai, tod\u0117l \u0161iame modelyje naudojama \u012fprasta 3D rankena, padedanti pasiekti pastov\u0173 ir stabil\u0173 sukibim\u0105. Expert versija turi SILVER vamzd\u012f su aliumininiu vamzd\u017eio gaubtu, Chrome spalvin\u012f dizain\u0105, Stabilizer duj\u0173 portus ir X-Change nuleistuko modul\u012f su mechaniniu nuleistuku, kur\u012f galima pakeisti elektroniniu. Pistoletas sveria 910 g, turi medin\u0119 ranken\u0105 \/ buo\u017e\u0117s sprendim\u0105 ir tinka tiek kairiarankiams, tiek de\u0161iniarankiams. Komplekte yra d\u0117klas, cilindras, u\u017epildymo zondas ir \u012frankiai.    <\/p>\n","protected":false},"featured_media":192547,"template":"","meta":{"_acf_changed":false},"product_brand":[],"product_cat":[1142,1146],"product_tag":[],"class_list":{"0":"post-192552","1":"product","2":"type-product","3":"status-publish","4":"has-post-thumbnail","6":"product_cat-oro-ginklai","7":"product_cat-pcp-hpa-lt","9":"first","10":"instock","11":"taxable","12":"shipping-taxable","13":"purchasable","14":"product-type-simple"},"acf":[],"_links":{"self":[{"href":"https:\/\/kingarms.ee\/lt\/wp-json\/wp\/v2\/product\/192552","targetHints":{"allow":["GET"]}}],"collection":[{"href":"https:\/\/kingarms.ee\/lt\/wp-json\/wp\/v2\/product"}],"about":[{"href":"https:\/\/kingarms.ee\/lt\/wp-json\/wp\/v2\/types\/product"}],"wp:featuredmedia":[{"embeddable":true,"href":"https:\/\/kingarms.ee\/lt\/wp-json\/wp\/v2\/media\/192547"}],"wp:attachment":[{"href":"https:\/\/kingarms.ee\/lt\/wp-json\/wp\/v2\/media?parent=192552"}],"wp:term":[{"taxonomy":"product_brand","embeddable":true,"href":"https:\/\/kingarms.ee\/lt\/wp-json\/wp\/v2\/product_brand?post=192552"},{"taxonomy":"product_cat","embeddable":true,"href":"https:\/\/kingarms.ee\/lt\/wp-json\/wp\/v2\/product_cat?post=192552"},{"taxonomy":"product_tag","embeddable":true,"href":"https:\/\/kingarms.ee\/lt\/wp-json\/wp\/v2\/product_tag?post=192552"}],"curies":[{"name":"wp","href":"https:\/\/api.w.org\/{rel}","templated":true}]}}