{"id":192601,"date":"2026-05-16T12:01:58","date_gmt":"2026-05-16T09:01:58","guid":{"rendered":"https:\/\/kingarms.ee\/product\/walther-lp500\/"},"modified":"2026-05-16T12:01:58","modified_gmt":"2026-05-16T09:01:58","slug":"walther-lp500","status":"publish","type":"product","link":"https:\/\/kingarms.ee\/lt\/product\/walther-lp500\/","title":{"rendered":"Walther LP500"},"content":{"rendered":"","protected":false},"excerpt":{"rendered":"<p data-start=\"268\" data-end=\"882\">Walther LP500 \u2014 tai bazinis LP500 serijos modelis, kur\u012f Walther suk\u016br\u0117 siekdama pasi\u016blyti daug kokyb\u0117s u\u017e prieinamesn\u0119 kain\u0105. \u0160is PCP match pneumatinis pistoletas skirtas 10 metr\u0173 sportinio \u0161audymo disciplinai ir yra 4,5 mm (.177) kalibro. Jis naudoja juod\u0105 aliuminin\u012f oro cilindr\u0105 su 200 bar u\u017epildymo sl\u0117giu, kurio pakanka ma\u017edaug 100\u2013150 \u0161\u016bvi\u0173. Modelis turi match vamzd\u012f su kompensatoriumi ir aliumininiu i\u0161oriniu vamzd\u017eio gaubtu, 7,5 J energij\u0105, 221 mm vamzd\u012f, 420 mm bendr\u0105 ilg\u012f ir 351 mm taikymosi linij\u0105. Saddle breech konstrukcija palengvina kulkeli\u0173 \u012fd\u0117jim\u0105, sauso \u0161\u016bvio re\u017eimas leid\u017eia treniruoti nuleistuk\u0105 be \u0161\u016bvio, o ma\u017eas 855 g svoris padeda lengviau valdyti ir i\u0161laikyti balans\u0105.   <\/p>\n<p data-start=\"884\" data-end=\"1466\">Walther LP500 turi anatomi\u0161kai suformuot\u0105 3D ranken\u0105, kuri\u0105 galima pritaikyti prie \u0161aulio rankos dyd\u017eio; modelis tinkamas naudoti abiem rankomis. Galinio taikiklio plotis ir gylis yra reguliuojami, o trij\u0173 pusi\u0173 priekinis taikiklis si\u016blo tris pasirenkamus plo\u010dius \u2014 3,8, 4,4 ir 4,7 mm, pasirenkamus pasukant taikikl\u012f. Aliumininis dviej\u0173 pakop\u0173 master nuleistuko lie\u017euv\u0117lis ir X-Change kei\u010diama nuleistuko grup\u0117 leid\u017eia rinktis tarp mechaninio ir elektroninio nuleistuko; mechaninis nuleistukas yra komplekte. Pakuot\u0117je yra d\u0117klas, valymo rinkinys, u\u017epildymo adapteris ir \u012frankiai.   <\/p>\n","protected":false},"featured_media":192596,"template":"","meta":{"_acf_changed":false},"product_brand":[],"product_cat":[1142,1146],"product_tag":[],"class_list":{"0":"post-192601","1":"product","2":"type-product","3":"status-publish","4":"has-post-thumbnail","6":"product_cat-oro-ginklai","7":"product_cat-pcp-hpa-lt","9":"first","10":"instock","11":"taxable","12":"shipping-taxable","13":"purchasable","14":"product-type-simple"},"acf":[],"_links":{"self":[{"href":"https:\/\/kingarms.ee\/lt\/wp-json\/wp\/v2\/product\/192601","targetHints":{"allow":["GET"]}}],"collection":[{"href":"https:\/\/kingarms.ee\/lt\/wp-json\/wp\/v2\/product"}],"about":[{"href":"https:\/\/kingarms.ee\/lt\/wp-json\/wp\/v2\/types\/product"}],"wp:featuredmedia":[{"embeddable":true,"href":"https:\/\/kingarms.ee\/lt\/wp-json\/wp\/v2\/media\/192596"}],"wp:attachment":[{"href":"https:\/\/kingarms.ee\/lt\/wp-json\/wp\/v2\/media?parent=192601"}],"wp:term":[{"taxonomy":"product_brand","embeddable":true,"href":"https:\/\/kingarms.ee\/lt\/wp-json\/wp\/v2\/product_brand?post=192601"},{"taxonomy":"product_cat","embeddable":true,"href":"https:\/\/kingarms.ee\/lt\/wp-json\/wp\/v2\/product_cat?post=192601"},{"taxonomy":"product_tag","embeddable":true,"href":"https:\/\/kingarms.ee\/lt\/wp-json\/wp\/v2\/product_tag?post=192601"}],"curies":[{"name":"wp","href":"https:\/\/api.w.org\/{rel}","templated":true}]}}