{"id":192614,"date":"2026-05-16T12:17:11","date_gmt":"2026-05-16T09:17:11","guid":{"rendered":"https:\/\/kingarms.ee\/product\/walther-lp500-e-meister-manufaktur-blue\/"},"modified":"2026-05-16T12:17:11","modified_gmt":"2026-05-16T09:17:11","slug":"walther-lp500-e-meister-manufaktur-blue","status":"publish","type":"product","link":"https:\/\/kingarms.ee\/lt\/product\/walther-lp500-e-meister-manufaktur-blue\/","title":{"rendered":"Walther LP500-E Meister Manufaktur Blue"},"content":{"rendered":"","protected":false},"excerpt":{"rendered":"<p data-start=\"288\" data-end=\"966\">Walther LP500-E Meister Manufaktur Blue, dar vadinamas LP500 Finest Craftsmanship, yra auk\u0161\u010diausios klas\u0117s PCP match pneumatinis pistoletas ir vertas Walther LP400 modeli\u0173 \u012fp\u0117dinis. LP500 serija standarti\u0161kai komplektuojama su match vamzd\u017eiu ir kompensatoriumi, absorberiu, sauso \u0161\u016bvio re\u017eimu, saddle breech sistema, aliuminio\u2013anglies pluo\u0161to kompozito cilindru, pasukamu taikikliu, 10 g INLINE svareliu, 3D \u017eym\u0117jimu bei bepakopi\u0161kai reguliuojamu galiniu taikikliu pagal plot\u012f ir gyl\u012f kartu su pasukamu priekiniu taikikliu. Modelis veikia su 200 bar PCP sistema, yra 4,5 mm (.177) kalibro, jo energija siekia 7,5 J, vamzd\u017eio ilgis \u2014 221 mm, bendras ilgis \u2014 420 mm, o taikymosi linija reguliuojama 340\u2013400 mm diapazone.  <\/p>\n<p data-start=\"968\" data-end=\"1727\">Walther LP500-E Meister Manufaktur Blue sukurtas \u0161auliui, kuriam reikia maksimalios individualios reguliacijos, stabilumo ir itin \u0161varaus nuleistuko poj\u016b\u010dio. 5D rankena leid\u017eia bepakopi\u0161kai reguliuoti su\u0117mimo t\u016br\u012f ir tiksliai pritaikyti pistolet\u0105 prie \u0161aulio rankos bei pageidavim\u0173; M ir L dyd\u017eiai pateikiami viename komplekte. Meister Manufaktur Blue versija turi GOLD vamzd\u012f su aliumininiu vamzd\u017eio gaubtu, stabilizatori\u0173, Vario nuleistuk\u0105 su maksimaliomis reguliavimo galimyb\u0117mis ir X-Change nuleistuko modul\u012f su elektroniniu nuleistuku, kur\u012f galima pakeisti mechaniniu. Pistoletas sveria 950 g, turi juodos\/m\u0117lynos spalvos apdail\u0105, o konstrukcijoje naudojamas aliuminis ir sintetin\u0117s med\u017eiagos. Komplekte yra kabeliai, d\u0117klas, valymo rinkinys, papildomas cilindras, u\u017epildymo adapteris ir \u012frankiai.    <\/p>\n","protected":false},"featured_media":192609,"template":"","meta":{"_acf_changed":false},"product_brand":[],"product_cat":[1142,1146],"product_tag":[],"class_list":{"0":"post-192614","1":"product","2":"type-product","3":"status-publish","4":"has-post-thumbnail","6":"product_cat-oro-ginklai","7":"product_cat-pcp-hpa-lt","9":"first","10":"instock","11":"taxable","12":"shipping-taxable","13":"purchasable","14":"product-type-simple"},"acf":[],"_links":{"self":[{"href":"https:\/\/kingarms.ee\/lt\/wp-json\/wp\/v2\/product\/192614","targetHints":{"allow":["GET"]}}],"collection":[{"href":"https:\/\/kingarms.ee\/lt\/wp-json\/wp\/v2\/product"}],"about":[{"href":"https:\/\/kingarms.ee\/lt\/wp-json\/wp\/v2\/types\/product"}],"wp:featuredmedia":[{"embeddable":true,"href":"https:\/\/kingarms.ee\/lt\/wp-json\/wp\/v2\/media\/192609"}],"wp:attachment":[{"href":"https:\/\/kingarms.ee\/lt\/wp-json\/wp\/v2\/media?parent=192614"}],"wp:term":[{"taxonomy":"product_brand","embeddable":true,"href":"https:\/\/kingarms.ee\/lt\/wp-json\/wp\/v2\/product_brand?post=192614"},{"taxonomy":"product_cat","embeddable":true,"href":"https:\/\/kingarms.ee\/lt\/wp-json\/wp\/v2\/product_cat?post=192614"},{"taxonomy":"product_tag","embeddable":true,"href":"https:\/\/kingarms.ee\/lt\/wp-json\/wp\/v2\/product_tag?post=192614"}],"curies":[{"name":"wp","href":"https:\/\/api.w.org\/{rel}","templated":true}]}}