{"id":97998,"date":"2024-02-24T13:16:29","date_gmt":"2024-02-24T10:17:26","guid":{"rendered":"https:\/\/kingarms.ee\/product\/ruostumattomasta-teraksesta-valmistetut-ruokailuvalineet-homeland\/"},"modified":"2024-02-24T13:17:26","modified_gmt":"2024-02-24T10:17:26","slug":"ruostumattoman-teraksen-toimittajat-laukkuineen","status":"publish","type":"product","link":"https:\/\/kingarms.ee\/lt\/product\/ruostumattoman-teraksen-toimittajat-laukkuineen\/","title":{"rendered":"Ruostumattomasta ter\u00e4ksest\u00e4 valmistetut ruokailuv\u00e4lineet HOMELAND"},"content":{"rendered":"<p><img loading=\"lazy\" decoding=\"async\" class=\"alignnone size-full wp-image-97990\" src=\"https:\/\/kingarms.ee\/wp-content\/uploads\/2024\/02\/f2431d10-863c-11eb-8fa0-00155dc1232d_13c86f57-273a-11ee-b77c-00155d9a7102-2.jpg\" alt=\"\" width=\"799\" height=\"999\" srcset=\"https:\/\/kingarms.ee\/wp-content\/uploads\/2024\/02\/f2431d10-863c-11eb-8fa0-00155dc1232d_13c86f57-273a-11ee-b77c-00155d9a7102-2.jpg 799w, https:\/\/kingarms.ee\/wp-content\/uploads\/2024\/02\/f2431d10-863c-11eb-8fa0-00155dc1232d_13c86f57-273a-11ee-b77c-00155d9a7102-2-240x300.jpg 240w, https:\/\/kingarms.ee\/wp-content\/uploads\/2024\/02\/f2431d10-863c-11eb-8fa0-00155dc1232d_13c86f57-273a-11ee-b77c-00155d9a7102-2-768x960.jpg 768w, https:\/\/kingarms.ee\/wp-content\/uploads\/2024\/02\/f2431d10-863c-11eb-8fa0-00155dc1232d_13c86f57-273a-11ee-b77c-00155d9a7102-2-500x625.jpg 500w, https:\/\/kingarms.ee\/wp-content\/uploads\/2024\/02\/f2431d10-863c-11eb-8fa0-00155dc1232d_13c86f57-273a-11ee-b77c-00155d9a7102-2-150x188.jpg 150w\" sizes=\"auto, (max-width: 799px) 100vw, 799px\" \/><\/p>\n","protected":false},"excerpt":{"rendered":"<p>Ruostumaton ter\u00e4s<br \/>\nPussi: 100% polypropeenia<br \/>\nPaino: 164 g<br \/>\nPakkauksen koko: 15 x 4,8 x 2,5 cm.<\/p>\n<p>&#8211; eritt\u00e4in pieni pakkauskoko<br \/>\n&#8211; mukana pieni laukku<\/p>\n","protected":false},"featured_media":97992,"template":"","meta":{"_acf_changed":false},"product_brand":[],"product_cat":[352],"product_tag":[],"class_list":{"0":"post-97998","1":"product","2":"type-product","3":"status-publish","4":"has-post-thumbnail","6":"product_cat-matkatavarat","8":"first","9":"instock","10":"taxable","11":"shipping-taxable","12":"purchasable","13":"product-type-simple"},"acf":[],"_links":{"self":[{"href":"https:\/\/kingarms.ee\/lt\/wp-json\/wp\/v2\/product\/97998","targetHints":{"allow":["GET"]}}],"collection":[{"href":"https:\/\/kingarms.ee\/lt\/wp-json\/wp\/v2\/product"}],"about":[{"href":"https:\/\/kingarms.ee\/lt\/wp-json\/wp\/v2\/types\/product"}],"wp:featuredmedia":[{"embeddable":true,"href":"https:\/\/kingarms.ee\/lt\/wp-json\/wp\/v2\/media\/97992"}],"wp:attachment":[{"href":"https:\/\/kingarms.ee\/lt\/wp-json\/wp\/v2\/media?parent=97998"}],"wp:term":[{"taxonomy":"product_brand","embeddable":true,"href":"https:\/\/kingarms.ee\/lt\/wp-json\/wp\/v2\/product_brand?post=97998"},{"taxonomy":"product_cat","embeddable":true,"href":"https:\/\/kingarms.ee\/lt\/wp-json\/wp\/v2\/product_cat?post=97998"},{"taxonomy":"product_tag","embeddable":true,"href":"https:\/\/kingarms.ee\/lt\/wp-json\/wp\/v2\/product_tag?post=97998"}],"curies":[{"name":"wp","href":"https:\/\/api.w.org\/{rel}","templated":true}]}}