{"id":98947,"date":"2024-03-02T12:43:20","date_gmt":"2024-03-02T09:44:42","guid":{"rendered":"https:\/\/kingarms.ee\/product\/metallinen-ak47-cymalta\/"},"modified":"2024-03-02T12:44:42","modified_gmt":"2024-03-02T09:44:42","slug":"metalli-ak47-cyma-valmistajalta","status":"publish","type":"product","link":"https:\/\/kingarms.ee\/lt\/product\/metalli-ak47-cyma-valmistajalta\/","title":{"rendered":"Metallinen AK47 CYMA:lta"},"content":{"rendered":"<p><img loading=\"lazy\" decoding=\"async\" class=\"alignnone size-full wp-image-98939\" src=\"https:\/\/kingarms.ee\/wp-content\/uploads\/2024\/03\/20240302_113558-scaled.jpg\" alt=\"\" width=\"2560\" height=\"1920\" srcset=\"https:\/\/kingarms.ee\/wp-content\/uploads\/2024\/03\/20240302_113558-scaled.jpg 2560w, https:\/\/kingarms.ee\/wp-content\/uploads\/2024\/03\/20240302_113558-300x225.jpg 300w, https:\/\/kingarms.ee\/wp-content\/uploads\/2024\/03\/20240302_113558-1024x768.jpg 1024w, https:\/\/kingarms.ee\/wp-content\/uploads\/2024\/03\/20240302_113558-768x576.jpg 768w, https:\/\/kingarms.ee\/wp-content\/uploads\/2024\/03\/20240302_113558-1536x1152.jpg 1536w, https:\/\/kingarms.ee\/wp-content\/uploads\/2024\/03\/20240302_113558-2048x1536.jpg 2048w, https:\/\/kingarms.ee\/wp-content\/uploads\/2024\/03\/20240302_113558-600x450.jpg 600w, https:\/\/kingarms.ee\/wp-content\/uploads\/2024\/03\/20240302_113558-500x375.jpg 500w, https:\/\/kingarms.ee\/wp-content\/uploads\/2024\/03\/20240302_113558-150x113.jpg 150w\" sizes=\"auto, (max-width: 2560px) 100vw, 2560px\" \/><\/p>\n","protected":false},"excerpt":{"rendered":"<p>Tarjoamme myyntiin k\u00e4ytetyn AK47-automaattipistoolin CYMAlta.<\/p>\n<p>Sarja sis\u00e4lt\u00e4\u00e4 metallisen AK47 , 5 lipasta , akku , pikalaturi , aseen hihna , pussi.<\/p>\n<p>VALMIS PAKETTI KOKENEELLE PELAAJALLE<\/p>\n<p>TAKUU 1a<\/p>\n","protected":false},"featured_media":98940,"template":"","meta":{"_acf_changed":false},"product_brand":[],"product_cat":[934],"product_tag":[],"class_list":{"0":"post-98947","1":"product","2":"type-product","3":"status-publish","4":"has-post-thumbnail","6":"product_cat-kaytettyja-tuotteita","8":"first","9":"instock","10":"taxable","11":"shipping-taxable","12":"purchasable","13":"product-type-simple"},"acf":[],"_links":{"self":[{"href":"https:\/\/kingarms.ee\/lt\/wp-json\/wp\/v2\/product\/98947","targetHints":{"allow":["GET"]}}],"collection":[{"href":"https:\/\/kingarms.ee\/lt\/wp-json\/wp\/v2\/product"}],"about":[{"href":"https:\/\/kingarms.ee\/lt\/wp-json\/wp\/v2\/types\/product"}],"wp:featuredmedia":[{"embeddable":true,"href":"https:\/\/kingarms.ee\/lt\/wp-json\/wp\/v2\/media\/98940"}],"wp:attachment":[{"href":"https:\/\/kingarms.ee\/lt\/wp-json\/wp\/v2\/media?parent=98947"}],"wp:term":[{"taxonomy":"product_brand","embeddable":true,"href":"https:\/\/kingarms.ee\/lt\/wp-json\/wp\/v2\/product_brand?post=98947"},{"taxonomy":"product_cat","embeddable":true,"href":"https:\/\/kingarms.ee\/lt\/wp-json\/wp\/v2\/product_cat?post=98947"},{"taxonomy":"product_tag","embeddable":true,"href":"https:\/\/kingarms.ee\/lt\/wp-json\/wp\/v2\/product_tag?post=98947"}],"curies":[{"name":"wp","href":"https:\/\/api.w.org\/{rel}","templated":true}]}}