{"id":136643,"date":"2024-11-02T15:05:21","date_gmt":"2024-11-02T12:05:21","guid":{"rendered":"https:\/\/kingarms.ee\/apstakli\/"},"modified":"2024-11-02T15:05:22","modified_gmt":"2024-11-02T12:05:22","slug":"apstakli","status":"publish","type":"page","link":"https:\/\/kingarms.ee\/lv\/apstakli\/","title":{"rendered":"Apst\u0101k\u013ci"},"content":{"rendered":"\n<p>Vietnes \u012bpa\u0161nieks https:\/\/kingarms.ee un visu t\u0101s apak\u0161dom\u0101 (turpm\u0101k apavu vai administr\u0101cija) \u012bpa\u0161nieks ap\u0146emas aizsarg\u0101t j\u016bsu priv\u0101tumu internet\u0101. \u0160\u012b konfidencialit\u0101tes politika apraksta, k\u0101 j\u016bsu personisk\u0101 inform\u0101cija tiek v\u0101kta, apstr\u0101d\u0101ta un saglab\u0101ta. Administr\u0101cija piev\u0113r\u0161 \u012bpa\u0161u uzman\u012bbu lietot\u0101ju personas datu aizsardz\u012bbai. Izmantojot Strikeakactive vietni, lietot\u0101js piekr\u012bt \u0161\u012b dokumenta datu v\u0101k\u0161anas un izmanto\u0161anas noteikumiem.   <\/p>\n\n<p>Veicot pas\u016bt\u012bjumu m\u016bsu tie\u0161saistes veikal\u0101, j\u016bs apstiprin\u0101t, ka jums ir ties\u012bbas ieg\u0101d\u0101ties \u0161\u0101da veida preces un jums ir vec\u0101ki par 18 gadiem.<\/p>\n\n<p>Ja j\u016bs nepiekr\u012btat m\u016bsu priv\u0101tuma politikas noteikumiem un nosac\u012bjumiem, nelietojiet vietni Kingarms!<\/p>\n\n<p>Sav\u0101kta inform\u0101cija<\/p>\n\n<p>Vietnes administr\u0113\u0161ana var apkopot \u0161\u0101du inform\u0101ciju par vietnes lietot\u0101jiem:<\/p>\n\n<p>Person\u012bg\u0101 inform\u0101cija, ko sniedzat, re\u0123istr\u0113joties vai veicot pirkumu: t\u0101lru\u0146a numurs, e-pasta adrese, v\u0101rds, uzv\u0101rds, patriotiskais v\u0101rds, pases s\u0113rija un numurs, pieg\u0101des adrese.<br\/>Autom\u0101tiski p\u0101rs\u016bt\u012btie dati, apmekl\u0113jot vietni: IP adrese, p\u0101rl\u016bka inform\u0101cija, vietnes ilgums, vietnes adrese, no kuras tika veikta p\u0101reja utt.<br\/>Inform\u0101cija par klienta vecumu un statusu<\/p>\n\n<p>Inform\u0101cijas izmanto\u0161ana<\/p>\n\n<p>\u0160ie ir da\u017ei no veidiem, k\u0101 m\u0113s varam izmantot j\u016bsu personisko inform\u0101ciju.<\/p>\n\n<p>Pakalpojumu snieg\u0161anai (re\u0123istr\u0101cija, pas\u016bt\u012b\u0161ana, pieg\u0101de utt.).<br\/>Pazi\u0146ojiet jums par pas\u016bt\u012bjuma statusu, jauniem ievadiem un pied\u0101v\u0101jumiem, ieskaitot pa e-pastu.<br\/>Uzlabot vietnes kvalit\u0101ti, nov\u0113rt\u0113jiet t\u0101s komfortu un lietder\u012bbu, analiz\u0113t produktu un pakalpojumu efektivit\u0101ti.<br\/>Kampa\u0146as un sacens\u012bbas (atkar\u012bb\u0101 no j\u016bsu dal\u012bbas taj\u0101s).<br\/>Analiz\u0113t klienta vecumu un statusu.<\/p>\n\n<p>Inform\u0101cijas atkl\u0101\u0161ana<\/p>\n\n<p>M\u0113s veicam visus nepiecie\u0161amos organizatoriskos un tehniskos pas\u0101kumus, lai aizsarg\u0101tu personas datus no nejau\u0161as un kr\u0101pnieciskas piek\u013cuves, izn\u012bcin\u0101\u0161anas, modifik\u0101cijas vai cit\u0101m nelikum\u012bg\u0101m darb\u012bb\u0101m.<br\/>M\u0113s garant\u0113jam tre\u0161o personu personas datu konfidencialit\u0101ti un aizsardz\u012bbu. Piek\u013cuve personas datiem tiek garant\u0113ta tikai pakalpojumiem un partneriem, kuriem tie nepiecie\u0161ami, lai veiktu oper\u0101cijas (pas\u016bt\u012b\u0161ana, pieg\u0101de, pas\u016bt\u012b\u0161ana). <br\/>Personas datu p\u0101rs\u016bt\u012b\u0161anu tre\u0161aj\u0101m person\u0101m var veikt ar\u012b likum\u0101 paredz\u0113taj\u0101s liet\u0101s, piem\u0113ram, uz\u0146\u0113muma nodo\u0161ana. Jaunais \u012bpa\u0161nieks ap\u0146emas aizsarg\u0101t sa\u0146emto inform\u0101ciju. Datu p\u0101rraide ir iesp\u0113jama ar\u012b, lai nov\u0113rstu kr\u0101p\u0161anu.<br\/>P\u0101reja no m\u016bsu tie\u0161saistes veikala uz citiem avotiem nav atbild\u012bga par \u0161o resursu sniegto datu konfidencialit\u0101ti.  <\/p>\n\n<p>Bro\u0161\u016bra<\/p>\n\n<p>Ja lietot\u0101js ir devis savu piekri\u0161anu ieg\u016bt &#8220;bi\u013cetenu&#8221;, nor\u0101dot atbilsto\u0161o lodzi\u0146u p\u0113c paraksta, vi\u0146\u0161 vai vi\u0146a ir piekritusi nos\u016bt\u012bt e -pasta adresi uz re\u0123istr\u0101ciju nor\u0101d\u012bto e -pasta adresi.<\/p>\n\n<p>Ja v\u0113laties atteikties no pas\u016bt\u012bjuma, lietot\u0101jam ir ties\u012bbas uzraudz\u012bt saiti katr\u0101 nos\u016bt\u012btaj\u0101 e -past\u0101.<\/p>\n\n<p>Pirkuma atgrie\u0161ana.<br\/>P\u0101rdev\u0113js pie\u0146em pras\u012bbas par pre\u010du kvalit\u0101ti 14 (\u010detrpadsmit) dienu laik\u0101 no pirc\u0113ja sa\u0146em\u0161anas pre\u010du sa\u0146em\u0161anas, ja preces un t\u0101 iepakojums ir neskarts un ka pa\u0161am nav kait\u0113juma pa\u0161mont\u0101\u0161anai\/demont\u0101\u017eai Apvid\u016b Uz. Uz.<br\/>Lieto\u0161anas d\u0113\u013c boj\u0101tie produkti un deta\u013cas netiek aizst\u0101ti bez maksas.<br\/>Ja transporta laik\u0101 tre\u0161\u0101s puses saboj\u0101 produktu un t\u0101 iepakojumu, pretenzijas netiks pie\u0146emtas.<br\/>Preces tiek atgrieztas papildu iepakojum\u0101.<br\/>P\u0101rskait\u012bt\u0101 nauda tiks atgriezta j\u016bsu bankas kont\u0101 5-30 darba dienu laik\u0101 (periods ir atkar\u012bgs no bankas emit\u0113t\u0101 bankas).<br\/>Ja to pien\u0101kumu veik\u0161ana vai netiek iev\u0113rotas vi\u0146u saist\u012bbas, puses ir atbild\u012bgas par pa\u0161reiz\u0113jiem ties\u012bbu aktiem.  <\/p>\n","protected":false},"excerpt":{"rendered":"<p>Vietnes \u012bpa\u0161nieks https:\/\/kingarms.ee un visu t\u0101s apak\u0161dom\u0101 (turpm\u0101k apavu vai administr\u0101cija) \u012bpa\u0161nieks ap\u0146emas aizsarg\u0101t j\u016bsu priv\u0101tumu internet\u0101. \u0160\u012b konfidencialit\u0101tes politika<\/p>\n","protected":false},"author":6672,"featured_media":0,"parent":0,"menu_order":0,"comment_status":"closed","ping_status":"closed","template":"","meta":{"_acf_changed":false,"footnotes":""},"class_list":["post-136643","page","type-page","status-publish","hentry"],"acf":[],"_links":{"self":[{"href":"https:\/\/kingarms.ee\/lv\/wp-json\/wp\/v2\/pages\/136643","targetHints":{"allow":["GET"]}}],"collection":[{"href":"https:\/\/kingarms.ee\/lv\/wp-json\/wp\/v2\/pages"}],"about":[{"href":"https:\/\/kingarms.ee\/lv\/wp-json\/wp\/v2\/types\/page"}],"author":[{"embeddable":true,"href":"https:\/\/kingarms.ee\/lv\/wp-json\/wp\/v2\/users\/6672"}],"replies":[{"embeddable":true,"href":"https:\/\/kingarms.ee\/lv\/wp-json\/wp\/v2\/comments?post=136643"}],"version-history":[{"count":0,"href":"https:\/\/kingarms.ee\/lv\/wp-json\/wp\/v2\/pages\/136643\/revisions"}],"wp:attachment":[{"href":"https:\/\/kingarms.ee\/lv\/wp-json\/wp\/v2\/media?parent=136643"}],"curies":[{"name":"wp","href":"https:\/\/api.w.org\/{rel}","templated":true}]}}