{"id":136665,"date":"2024-11-02T15:25:15","date_gmt":"2024-11-02T12:25:15","guid":{"rendered":"https:\/\/kingarms.ee\/augsta-spiediena-cilindra-piepildisana\/"},"modified":"2024-11-02T15:25:18","modified_gmt":"2024-11-02T12:25:18","slug":"augsta-spiediena-cilindra-piepildisana","status":"publish","type":"page","link":"https:\/\/kingarms.ee\/lv\/augsta-spiediena-cilindra-piepildisana\/","title":{"rendered":"Augsta spiediena cilindra piepild\u012b\u0161ana"},"content":{"rendered":"<div class=\"wpb-content-wrapper\"><p>[vc_row][vc_column width=&#8221;1\/2&#8243;][vc_column_text woodmart_inline=&#8221;no&#8221; text_larger=&#8221;no&#8221;]<\/p>\n<h1>Augsta spiediena cilindra piepild\u012b\u0161ana<\/h1>\n<p><span style=\"color: #000000; font-size: 20px;\">Augstspiediena cilindra piepild\u012bjums Tallin\u0101<\/span><\/p>\n<p><span style=\"color: #000000; font-size: 20px;\">2 \u20ac<\/span><\/p>\n<p>Kingarms veikal\u0101 m\u0113s vienm\u0113r varam piepild\u012bt j\u016bsu PCP un HPA iero\u010dus ar gaisu. Piepild\u012bjums l\u012bdz 300 atmosf\u0113rai vai 4500 psi. Izpildes laiks ir atkar\u012bgs no cilindra tilpuma[\/vc_column_text][\/vc_column][vc_column width=&#8221;1\/2&#8243;][vc_single_image image=&#8221;115325&#8243; img_size=&#8221;full&#8221; parallax_scroll=&#8221;no&#8221; woodmart_inline=&#8221;no&#8221;][\/vc_column][\/vc_row]<\/p>\n<\/div>","protected":false},"excerpt":{"rendered":"<p>[vc_row][vc_column width=&#8221;1\/2&#8243;][vc_column_text woodmart_inline=&#8221;no&#8221; text_larger=&#8221;no&#8221;] Augsta spiediena cilindra piepild\u012b\u0161ana Augstspiediena cilindra piepild\u012bjums Tallin\u0101 2 \u20ac Kingarms veikal\u0101 m\u0113s vienm\u0113r varam piepild\u012bt<\/p>\n","protected":false},"author":10,"featured_media":0,"parent":0,"menu_order":0,"comment_status":"closed","ping_status":"closed","template":"","meta":{"_acf_changed":false,"footnotes":""},"class_list":["post-136665","page","type-page","status-publish","hentry"],"acf":[],"_links":{"self":[{"href":"https:\/\/kingarms.ee\/lv\/wp-json\/wp\/v2\/pages\/136665","targetHints":{"allow":["GET"]}}],"collection":[{"href":"https:\/\/kingarms.ee\/lv\/wp-json\/wp\/v2\/pages"}],"about":[{"href":"https:\/\/kingarms.ee\/lv\/wp-json\/wp\/v2\/types\/page"}],"author":[{"embeddable":true,"href":"https:\/\/kingarms.ee\/lv\/wp-json\/wp\/v2\/users\/10"}],"replies":[{"embeddable":true,"href":"https:\/\/kingarms.ee\/lv\/wp-json\/wp\/v2\/comments?post=136665"}],"version-history":[{"count":0,"href":"https:\/\/kingarms.ee\/lv\/wp-json\/wp\/v2\/pages\/136665\/revisions"}],"wp:attachment":[{"href":"https:\/\/kingarms.ee\/lv\/wp-json\/wp\/v2\/media?parent=136665"}],"curies":[{"name":"wp","href":"https:\/\/api.w.org\/{rel}","templated":true}]}}