{"id":136702,"date":"2024-10-15T15:38:02","date_gmt":"2024-11-02T21:07:26","guid":{"rendered":"https:\/\/kingarms.ee\/product\/radio-raiditajs-uv82-baofeng\/"},"modified":"2025-08-02T17:47:03","modified_gmt":"2025-08-02T14:47:03","slug":"raadiosaatja-uv82-baofeng-lv","status":"publish","type":"product","link":"https:\/\/kingarms.ee\/lv\/product\/raadiosaatja-uv82-baofeng-lv\/","title":{"rendered":"Radio raid\u012bt\u0101js UV82 (Baofeng)"},"content":{"rendered":"<p><img loading=\"lazy\" decoding=\"async\" class=\"alignnone size-full wp-image-136409\" src=\"https:\/\/kingarms.ee\/wp-content\/uploads\/2024\/10\/baofeng-dual-band-vhfuhf-fm-radio-bf-uv82.jpg\" alt=\"\" width=\"1000\" height=\"1000\" srcset=\"https:\/\/kingarms.ee\/wp-content\/uploads\/2024\/10\/baofeng-dual-band-vhfuhf-fm-radio-bf-uv82.jpg 1000w, https:\/\/kingarms.ee\/wp-content\/uploads\/2024\/10\/baofeng-dual-band-vhfuhf-fm-radio-bf-uv82-300x300.jpg 300w, https:\/\/kingarms.ee\/wp-content\/uploads\/2024\/10\/baofeng-dual-band-vhfuhf-fm-radio-bf-uv82-150x150.jpg 150w, https:\/\/kingarms.ee\/wp-content\/uploads\/2024\/10\/baofeng-dual-band-vhfuhf-fm-radio-bf-uv82-768x768.jpg 768w, https:\/\/kingarms.ee\/wp-content\/uploads\/2024\/10\/baofeng-dual-band-vhfuhf-fm-radio-bf-uv82-500x500.jpg 500w\" sizes=\"auto, (max-width: 1000px) 100vw, 1000px\" \/><\/p>\n","protected":false},"excerpt":{"rendered":"<p>Radio raid\u012bt\u0101js UV82 (Baofeng) Divr\u012bku VHF\/UHF FM Radio Divi PTT: \u013bauj p\u0101rs\u016bt\u012bt divas da\u017e\u0101das 128 kan\u0101lu frekvences<\/p>\n<p>Frekvences laukums: &#8211; VHF 136-174 MHz &#8211; UHF 400-520 MHz &#8211; FM 65-108MHz frekvence: 2,5 kHz \/ 5 kHz \/ 6,25 kHz \/ 10 kHz \/ 12,5 kHz \/ 25 kHz \/ 30 kHz \/ 50 kHz \/ 50 kHz uz priek\u0161u. : 5W &#8211; 1W<\/p>\n<p>Antenas pretest\u012bba: 50\u03a9 apgaismot\u0101 LCD ekr\u0101na aug\u0161\u0113j\u0101 LED kabatas lukturis (fiks\u0113ta vai mirgojo\u0161a gaisma) ir ar PTT un Clippers un k\u0101p\u0113c to pavada rokas siksna, ko pavada aizmugur\u0113jais skapis<\/p>\n<p>Atsevi\u0161\u0137i kabe\u013ca programm\u0113jami datora izm\u0113ri: 60 mm x 132 mm x 35 mm (284 mm ar antenu) Svars: 238 g Li-jons 7.4 V x 2800 mAh akumulators un galda ku\u0123is<\/p>\n","protected":false},"featured_media":136504,"template":"","meta":{"_acf_changed":false},"product_brand":[],"product_cat":[1125],"product_tag":[],"class_list":{"0":"post-136702","1":"product","2":"type-product","3":"status-publish","4":"has-post-thumbnail","6":"product_cat-uztvereji","8":"first","9":"instock","10":"taxable","11":"shipping-taxable","12":"purchasable","13":"product-type-simple"},"acf":[],"_links":{"self":[{"href":"https:\/\/kingarms.ee\/lv\/wp-json\/wp\/v2\/product\/136702","targetHints":{"allow":["GET"]}}],"collection":[{"href":"https:\/\/kingarms.ee\/lv\/wp-json\/wp\/v2\/product"}],"about":[{"href":"https:\/\/kingarms.ee\/lv\/wp-json\/wp\/v2\/types\/product"}],"wp:featuredmedia":[{"embeddable":true,"href":"https:\/\/kingarms.ee\/lv\/wp-json\/wp\/v2\/media\/136504"}],"wp:attachment":[{"href":"https:\/\/kingarms.ee\/lv\/wp-json\/wp\/v2\/media?parent=136702"}],"wp:term":[{"taxonomy":"product_brand","embeddable":true,"href":"https:\/\/kingarms.ee\/lv\/wp-json\/wp\/v2\/product_brand?post=136702"},{"taxonomy":"product_cat","embeddable":true,"href":"https:\/\/kingarms.ee\/lv\/wp-json\/wp\/v2\/product_cat?post=136702"},{"taxonomy":"product_tag","embeddable":true,"href":"https:\/\/kingarms.ee\/lv\/wp-json\/wp\/v2\/product_tag?post=136702"}],"curies":[{"name":"wp","href":"https:\/\/api.w.org\/{rel}","templated":true}]}}