{"id":136709,"date":"2024-10-14T17:41:29","date_gmt":"2024-11-03T07:16:27","guid":{"rendered":"https:\/\/kingarms.ee\/product\/radio-raiditajs-uv5plus-baofeng\/"},"modified":"2025-08-02T17:50:18","modified_gmt":"2025-08-02T14:50:18","slug":"radio-raiditajs-uv5plus-baofeng","status":"publish","type":"product","link":"https:\/\/kingarms.ee\/lv\/product\/radio-raiditajs-uv5plus-baofeng\/","title":{"rendered":"Radio raid\u012bt\u0101js UV5plus (Baofeng)"},"content":{"rendered":"<p><img loading=\"lazy\" decoding=\"async\" class=\"alignnone size-full wp-image-136273\" src=\"https:\/\/kingarms.ee\/wp-content\/uploads\/2024\/10\/baofeng-dual-band-vhfuhf-fm-radio-upgraded-version-orange-bf-uv5plus.jpg\" alt=\"\" width=\"1000\" height=\"1000\" srcset=\"https:\/\/kingarms.ee\/wp-content\/uploads\/2024\/10\/baofeng-dual-band-vhfuhf-fm-radio-upgraded-version-orange-bf-uv5plus.jpg 1000w, https:\/\/kingarms.ee\/wp-content\/uploads\/2024\/10\/baofeng-dual-band-vhfuhf-fm-radio-upgraded-version-orange-bf-uv5plus-300x300.jpg 300w, https:\/\/kingarms.ee\/wp-content\/uploads\/2024\/10\/baofeng-dual-band-vhfuhf-fm-radio-upgraded-version-orange-bf-uv5plus-150x150.jpg 150w, https:\/\/kingarms.ee\/wp-content\/uploads\/2024\/10\/baofeng-dual-band-vhfuhf-fm-radio-upgraded-version-orange-bf-uv5plus-768x768.jpg 768w, https:\/\/kingarms.ee\/wp-content\/uploads\/2024\/10\/baofeng-dual-band-vhfuhf-fm-radio-upgraded-version-orange-bf-uv5plus-500x500.jpg 500w\" sizes=\"auto, (max-width: 1000px) 100vw, 1000px\" \/><\/p>\n","protected":false},"excerpt":{"rendered":"<p>Radio raid\u012bt\u0101js UV5plus (Baofeng) divu foon vhf\/uhf fm radio jaunin\u0101ts 128 kan\u0101lu versija<\/p>\n<p>Frekvences laukums: &#8211; VHF 136-174 MHz &#8211; UHF 400-520 MHz &#8211; FM 65-108MHz frekvence: 2,5 kHz \/ 5 kHz \/ 6,25 kHz \/ 10 kHz \/ 12,5 kHz \/ 25 kHz uz priek\u0161u: 5W &#8211; 1W 1W 1w quenna impedance: 50\u03a9. Mikrofona br\u012bnums: 600\u03a9 akumulatora apgaismots LCD ekr\u0101ns 2x antena (120 mm un 165 mm) aug\u0161\u0113j\u0101 LED kabatas lukturis (fiks\u0113ta vai mirgojo\u0161a gaisma<\/p>\n<p>Atsevi\u0161\u0137i p\u0101rdots kabe\u013ca programm\u0113jams PC \u016bdens un putek\u013cu kl\u012bnika (IP67) Izm\u0113ri: 55 mm x 130 mm x 35 mm (282 mm ar antenu) Svars: 250 g li-jons 8.4 V x 1800 mAh akumulators un galddators<\/p>\n","protected":false},"featured_media":136546,"template":"","meta":{"_acf_changed":false},"product_brand":[],"product_cat":[1125],"product_tag":[],"class_list":{"0":"post-136709","1":"product","2":"type-product","3":"status-publish","4":"has-post-thumbnail","6":"product_cat-uztvereji","8":"first","9":"instock","10":"taxable","11":"shipping-taxable","12":"purchasable","13":"product-type-simple"},"acf":[],"_links":{"self":[{"href":"https:\/\/kingarms.ee\/lv\/wp-json\/wp\/v2\/product\/136709","targetHints":{"allow":["GET"]}}],"collection":[{"href":"https:\/\/kingarms.ee\/lv\/wp-json\/wp\/v2\/product"}],"about":[{"href":"https:\/\/kingarms.ee\/lv\/wp-json\/wp\/v2\/types\/product"}],"wp:featuredmedia":[{"embeddable":true,"href":"https:\/\/kingarms.ee\/lv\/wp-json\/wp\/v2\/media\/136546"}],"wp:attachment":[{"href":"https:\/\/kingarms.ee\/lv\/wp-json\/wp\/v2\/media?parent=136709"}],"wp:term":[{"taxonomy":"product_brand","embeddable":true,"href":"https:\/\/kingarms.ee\/lv\/wp-json\/wp\/v2\/product_brand?post=136709"},{"taxonomy":"product_cat","embeddable":true,"href":"https:\/\/kingarms.ee\/lv\/wp-json\/wp\/v2\/product_cat?post=136709"},{"taxonomy":"product_tag","embeddable":true,"href":"https:\/\/kingarms.ee\/lv\/wp-json\/wp\/v2\/product_tag?post=136709"}],"curies":[{"name":"wp","href":"https:\/\/api.w.org\/{rel}","templated":true}]}}