{"id":136711,"date":"2024-10-14T17:32:10","date_gmt":"2024-11-03T07:22:59","guid":{"rendered":"https:\/\/kingarms.ee\/product\/radio-raiditajs-uv-17-baofeng\/"},"modified":"2025-08-02T17:51:07","modified_gmt":"2025-08-02T14:51:07","slug":"radio-rajons-uv-17-baofeng","status":"publish","type":"product","link":"https:\/\/kingarms.ee\/lv\/product\/radio-rajons-uv-17-baofeng\/","title":{"rendered":"Radio raid\u012bt\u0101js UV-17 (Baofeng)"},"content":{"rendered":"<p><img loading=\"lazy\" decoding=\"async\" class=\"alignnone size-full wp-image-136227\" src=\"https:\/\/kingarms.ee\/wp-content\/uploads\/2024\/10\/baofeng-dual-band-vhfuhf-fm-radio-uv-17-bf-uv17.jpg\" alt=\"\" width=\"1000\" height=\"1000\" srcset=\"https:\/\/kingarms.ee\/wp-content\/uploads\/2024\/10\/baofeng-dual-band-vhfuhf-fm-radio-uv-17-bf-uv17.jpg 1000w, https:\/\/kingarms.ee\/wp-content\/uploads\/2024\/10\/baofeng-dual-band-vhfuhf-fm-radio-uv-17-bf-uv17-300x300.jpg 300w, https:\/\/kingarms.ee\/wp-content\/uploads\/2024\/10\/baofeng-dual-band-vhfuhf-fm-radio-uv-17-bf-uv17-150x150.jpg 150w, https:\/\/kingarms.ee\/wp-content\/uploads\/2024\/10\/baofeng-dual-band-vhfuhf-fm-radio-uv-17-bf-uv17-768x768.jpg 768w, https:\/\/kingarms.ee\/wp-content\/uploads\/2024\/10\/baofeng-dual-band-vhfuhf-fm-radio-uv-17-bf-uv17-500x500.jpg 500w\" sizes=\"auto, (max-width: 1000px) 100vw, 1000px\" \/><\/p>\n","protected":false},"excerpt":{"rendered":"<p>Radio raid\u012bt\u0101js UV-17 (Baofeng) Divr\u012bku VHF\/UHF FM radio l\u012bdz 999 atmi\u0146as kan\u0101liem<\/p>\n<p>Frekvence: &#8211; VHF 136-174 MHz &#8211; UHF 400-480 MHz &#8211; FM 65-108MHz frekvence: 2,5 kHz \/ 5 kHz \/ 6,25 kHz \/ 10 kHz \/ 10 kHz \/ 12,5 kHz \/ 25 kHz uz priek\u0161u: 5W &#8211; 1W 1W antenas impedance : 50\u03a9 apgaismots 1,77 &#8220;LCD ekr\u0101na akumulators ar akumulatora taup\u012b\u0161anas funkciju Apak\u0161\u0113j\u0101 2x LED kabatas lukturis (fiks\u0113ta vai mirgojo\u0161a gaisma) Vox re\u017e\u012bms, kas paredz\u0113ts bezmaksas rok\u0101m frekvences dobuma funkcijai, ko papildina PTT un CLIPP<\/p>\n<p>Atsevi\u0161\u0137i p\u0101rdots kabe\u013ca programm\u0113jams datora izm\u0113ri: 61 mm x 138 mm x 42 mm (61 mm x 267 mm x 55 mm antenas un aizmugur\u0113jais atloks) Svars: 290 g tipa C-usb ietver litija jonu 7.4 V x 1800 mAH akumulatoru un C tipu C tipa C tipa C tipa. USB l\u0101d\u0113t\u0101js<\/p>\n","protected":false},"featured_media":136540,"template":"","meta":{"_acf_changed":false},"product_brand":[],"product_cat":[1125],"product_tag":[],"class_list":{"0":"post-136711","1":"product","2":"type-product","3":"status-publish","4":"has-post-thumbnail","6":"product_cat-uztvereji","8":"first","9":"instock","10":"taxable","11":"shipping-taxable","12":"purchasable","13":"product-type-simple"},"acf":[],"_links":{"self":[{"href":"https:\/\/kingarms.ee\/lv\/wp-json\/wp\/v2\/product\/136711","targetHints":{"allow":["GET"]}}],"collection":[{"href":"https:\/\/kingarms.ee\/lv\/wp-json\/wp\/v2\/product"}],"about":[{"href":"https:\/\/kingarms.ee\/lv\/wp-json\/wp\/v2\/types\/product"}],"wp:featuredmedia":[{"embeddable":true,"href":"https:\/\/kingarms.ee\/lv\/wp-json\/wp\/v2\/media\/136540"}],"wp:attachment":[{"href":"https:\/\/kingarms.ee\/lv\/wp-json\/wp\/v2\/media?parent=136711"}],"wp:term":[{"taxonomy":"product_brand","embeddable":true,"href":"https:\/\/kingarms.ee\/lv\/wp-json\/wp\/v2\/product_brand?post=136711"},{"taxonomy":"product_cat","embeddable":true,"href":"https:\/\/kingarms.ee\/lv\/wp-json\/wp\/v2\/product_cat?post=136711"},{"taxonomy":"product_tag","embeddable":true,"href":"https:\/\/kingarms.ee\/lv\/wp-json\/wp\/v2\/product_tag?post=136711"}],"curies":[{"name":"wp","href":"https:\/\/api.w.org\/{rel}","templated":true}]}}