{"id":136713,"date":"2024-10-15T15:27:52","date_gmt":"2024-11-03T07:28:46","guid":{"rendered":"https:\/\/kingarms.ee\/product\/radio-raiditajs-uv5r-camo-baofeng\/"},"modified":"2025-08-02T17:48:40","modified_gmt":"2025-08-02T14:48:40","slug":"radio-raiditajs-uv5r-camo-baofeng","status":"publish","type":"product","link":"https:\/\/kingarms.ee\/lv\/product\/radio-raiditajs-uv5r-camo-baofeng\/","title":{"rendered":"Radio raid\u012bt\u0101js UV5R-Camo (Baofeng)"},"content":{"rendered":"<p><img loading=\"lazy\" decoding=\"async\" class=\"alignnone size-full wp-image-136341\" src=\"https:\/\/kingarms.ee\/wp-content\/uploads\/2024\/10\/baofeng-dual-band-vhfuhf-fm-radio-camo-bf-uv5r-camo.jpg\" alt=\"\" width=\"1000\" height=\"1000\" srcset=\"https:\/\/kingarms.ee\/wp-content\/uploads\/2024\/10\/baofeng-dual-band-vhfuhf-fm-radio-camo-bf-uv5r-camo.jpg 1000w, https:\/\/kingarms.ee\/wp-content\/uploads\/2024\/10\/baofeng-dual-band-vhfuhf-fm-radio-camo-bf-uv5r-camo-300x300.jpg 300w, https:\/\/kingarms.ee\/wp-content\/uploads\/2024\/10\/baofeng-dual-band-vhfuhf-fm-radio-camo-bf-uv5r-camo-150x150.jpg 150w, https:\/\/kingarms.ee\/wp-content\/uploads\/2024\/10\/baofeng-dual-band-vhfuhf-fm-radio-camo-bf-uv5r-camo-768x768.jpg 768w, https:\/\/kingarms.ee\/wp-content\/uploads\/2024\/10\/baofeng-dual-band-vhfuhf-fm-radio-camo-bf-uv5r-camo-500x500.jpg 500w\" sizes=\"auto, (max-width: 1000px) 100vw, 1000px\" \/><\/p>\n","protected":false},"excerpt":{"rendered":"<p>Antenas pretest\u012bba: 50\u03a9 akumulators ar saglab\u0101\u0161anas funkcijas apgaismotu LCD ekr\u0101na aug\u0161\u0113jo LED kabatas lukturi (fiks\u0113tu vai mirgojo\u0161u gaismu), ko papildina PTT un Clippers<\/p>\n<p>Frekvences laukums: &#8211; VHF 136-174 MHz &#8211; UHF 400-480 MHz &#8211; FM 65-108MHz frekvence: 2,5 kHz \/ 5 kHz \/ 6,25 kHz \/ 10 kHz \/ 10 kHz \/ 12,5 kHz \/ 25 kHz uz priek\u0161u: 4W &#8211; 1W<\/p>\n<p>Antenas pretest\u012bba: 50\u03a9 akumulators ar saglab\u0101\u0161anas funkcijas apgaismotu LCD ekr\u0101na aug\u0161\u0113jo LED kabatas lukturi (fiks\u0113tu vai mirgojo\u0161u gaismu), ko papildina PTT un Clippers<\/p>\n<p>Atsevi\u0161\u0137a kabe\u013ca programm\u0113jama datora izm\u0113ri: 58 mm x 110 mm x 32 mm Svars: 130 g li-jon 7.4 V x 1800 mAh akumulatora un galda ku\u0123is<\/p>\n<p>Mask\u0113\u0161an\u0101s versija<\/p>\n","protected":false},"featured_media":136564,"template":"","meta":{"_acf_changed":false},"product_brand":[],"product_cat":[1125],"product_tag":[],"class_list":{"0":"post-136713","1":"product","2":"type-product","3":"status-publish","4":"has-post-thumbnail","6":"product_cat-uztvereji","8":"first","9":"instock","10":"taxable","11":"shipping-taxable","12":"purchasable","13":"product-type-simple"},"acf":[],"_links":{"self":[{"href":"https:\/\/kingarms.ee\/lv\/wp-json\/wp\/v2\/product\/136713","targetHints":{"allow":["GET"]}}],"collection":[{"href":"https:\/\/kingarms.ee\/lv\/wp-json\/wp\/v2\/product"}],"about":[{"href":"https:\/\/kingarms.ee\/lv\/wp-json\/wp\/v2\/types\/product"}],"wp:featuredmedia":[{"embeddable":true,"href":"https:\/\/kingarms.ee\/lv\/wp-json\/wp\/v2\/media\/136564"}],"wp:attachment":[{"href":"https:\/\/kingarms.ee\/lv\/wp-json\/wp\/v2\/media?parent=136713"}],"wp:term":[{"taxonomy":"product_brand","embeddable":true,"href":"https:\/\/kingarms.ee\/lv\/wp-json\/wp\/v2\/product_brand?post=136713"},{"taxonomy":"product_cat","embeddable":true,"href":"https:\/\/kingarms.ee\/lv\/wp-json\/wp\/v2\/product_cat?post=136713"},{"taxonomy":"product_tag","embeddable":true,"href":"https:\/\/kingarms.ee\/lv\/wp-json\/wp\/v2\/product_tag?post=136713"}],"curies":[{"name":"wp","href":"https:\/\/api.w.org\/{rel}","templated":true}]}}