{"id":136716,"date":"2024-10-15T15:49:35","date_gmt":"2024-11-03T07:34:02","guid":{"rendered":"https:\/\/kingarms.ee\/product\/radio-raiditajs-uvs9-baofeng\/"},"modified":"2025-08-02T17:46:20","modified_gmt":"2025-08-02T14:46:20","slug":"radio-raiditajs-uvs9-baofeng","status":"publish","type":"product","link":"https:\/\/kingarms.ee\/lv\/product\/radio-raiditajs-uvs9-baofeng\/","title":{"rendered":"Radio raid\u012bt\u0101js UVS9 (Baofeng)"},"content":{"rendered":"<p><img loading=\"lazy\" decoding=\"async\" class=\"alignnone size-full wp-image-136443\" src=\"https:\/\/kingarms.ee\/wp-content\/uploads\/2024\/10\/baofeng-dual-band-vhfuhf-radio-bf-uvs9.jpg\" alt=\"\" width=\"1000\" height=\"1000\" srcset=\"https:\/\/kingarms.ee\/wp-content\/uploads\/2024\/10\/baofeng-dual-band-vhfuhf-radio-bf-uvs9.jpg 1000w, https:\/\/kingarms.ee\/wp-content\/uploads\/2024\/10\/baofeng-dual-band-vhfuhf-radio-bf-uvs9-300x300.jpg 300w, https:\/\/kingarms.ee\/wp-content\/uploads\/2024\/10\/baofeng-dual-band-vhfuhf-radio-bf-uvs9-150x150.jpg 150w, https:\/\/kingarms.ee\/wp-content\/uploads\/2024\/10\/baofeng-dual-band-vhfuhf-radio-bf-uvs9-768x768.jpg 768w, https:\/\/kingarms.ee\/wp-content\/uploads\/2024\/10\/baofeng-dual-band-vhfuhf-radio-bf-uvs9-500x500.jpg 500w\" sizes=\"auto, (max-width: 1000px) 100vw, 1000px\" \/><\/p>\n","protected":false},"excerpt":{"rendered":"<p>Radio raid\u012bt\u0101js UVS9 (Baofeng) divu bar\u012bbu VHF\/UHF radio<br \/>\n128 kan\u0101li<br \/>\nFrekvence:<br \/>\n&#8211; VHF 136-174 MHz<br \/>\n&#8211; UHF 400-520 MHz<br \/>\nUz priek\u0161u jauda: 8W &#8211; 1W<br \/>\nLCD ekr\u0101ns ar akumulatora saglab\u0101\u0161anas funkciju<br \/>\nAug\u0161\u0113j\u0101 LED kabatas lampa (fiks\u0113ta vai mirgojo\u0161a gaisma)<br \/>\nPavadot PTT un Klipari un k\u0101p\u0113c<br \/>\nN\u0101k ar rokas siksnu<br \/>\nN\u0101k ar aizmugur\u0113jo skavu<br \/>\nPC programm\u0113jamais kabelis p\u0101rdo\u0161anai atsevi\u0161\u0137i<br \/>\nIzm\u0113ri: 58 mm x 110 mm x 32 mm (bez antenas)<br \/>\nSvars: 160 g<br \/>\nLi-jons 7.4 V x 2000 mAh akumulators un d\u0113\u013cu nogulsn\u0113\u0161an\u0101s<br \/>\nMelns<\/p>\n","protected":false},"featured_media":136498,"template":"","meta":{"_acf_changed":false},"product_brand":[],"product_cat":[1125],"product_tag":[],"class_list":{"0":"post-136716","1":"product","2":"type-product","3":"status-publish","4":"has-post-thumbnail","6":"product_cat-uztvereji","8":"first","9":"instock","10":"taxable","11":"shipping-taxable","12":"purchasable","13":"product-type-simple"},"acf":[],"_links":{"self":[{"href":"https:\/\/kingarms.ee\/lv\/wp-json\/wp\/v2\/product\/136716","targetHints":{"allow":["GET"]}}],"collection":[{"href":"https:\/\/kingarms.ee\/lv\/wp-json\/wp\/v2\/product"}],"about":[{"href":"https:\/\/kingarms.ee\/lv\/wp-json\/wp\/v2\/types\/product"}],"wp:featuredmedia":[{"embeddable":true,"href":"https:\/\/kingarms.ee\/lv\/wp-json\/wp\/v2\/media\/136498"}],"wp:attachment":[{"href":"https:\/\/kingarms.ee\/lv\/wp-json\/wp\/v2\/media?parent=136716"}],"wp:term":[{"taxonomy":"product_brand","embeddable":true,"href":"https:\/\/kingarms.ee\/lv\/wp-json\/wp\/v2\/product_brand?post=136716"},{"taxonomy":"product_cat","embeddable":true,"href":"https:\/\/kingarms.ee\/lv\/wp-json\/wp\/v2\/product_cat?post=136716"},{"taxonomy":"product_tag","embeddable":true,"href":"https:\/\/kingarms.ee\/lv\/wp-json\/wp\/v2\/product_tag?post=136716"}],"curies":[{"name":"wp","href":"https:\/\/api.w.org\/{rel}","templated":true}]}}