{"id":136717,"date":"2024-10-14T16:50:50","date_gmt":"2024-11-03T07:34:38","guid":{"rendered":"https:\/\/kingarms.ee\/product\/radio-raiditajs-uv-10r-baofeng\/"},"modified":"2025-08-02T17:52:54","modified_gmt":"2025-08-02T14:52:54","slug":"radio-rajons-uv-10r-baofeng","status":"publish","type":"product","link":"https:\/\/kingarms.ee\/lv\/product\/radio-rajons-uv-10r-baofeng\/","title":{"rendered":"Radio raid\u012bt\u0101js UV-10R (Baofeng)"},"content":{"rendered":"<p><img loading=\"lazy\" decoding=\"async\" class=\"alignnone size-full wp-image-136153\" src=\"https:\/\/kingarms.ee\/wp-content\/uploads\/2024\/10\/baofeng-dual-band-vhfuhf-fm-radio-uv-10r-bf-uv10r.jpg\" alt=\"\" width=\"1000\" height=\"1000\" srcset=\"https:\/\/kingarms.ee\/wp-content\/uploads\/2024\/10\/baofeng-dual-band-vhfuhf-fm-radio-uv-10r-bf-uv10r.jpg 1000w, https:\/\/kingarms.ee\/wp-content\/uploads\/2024\/10\/baofeng-dual-band-vhfuhf-fm-radio-uv-10r-bf-uv10r-300x300.jpg 300w, https:\/\/kingarms.ee\/wp-content\/uploads\/2024\/10\/baofeng-dual-band-vhfuhf-fm-radio-uv-10r-bf-uv10r-150x150.jpg 150w, https:\/\/kingarms.ee\/wp-content\/uploads\/2024\/10\/baofeng-dual-band-vhfuhf-fm-radio-uv-10r-bf-uv10r-768x768.jpg 768w, https:\/\/kingarms.ee\/wp-content\/uploads\/2024\/10\/baofeng-dual-band-vhfuhf-fm-radio-uv-10r-bf-uv10r-500x500.jpg 500w\" sizes=\"auto, (max-width: 1000px) 100vw, 1000px\" \/><\/p>\n","protected":false},"excerpt":{"rendered":"<p>Radio raid\u012bt\u0101js UV-10R (Baofeng) Divr\u012bku VHF\/UHF FM radio l\u012bdz 128 atmi\u0146as kan\u0101liem<\/p>\n<p>Frekvences laukums: &#8211; VHF 136-174 MHz &#8211; UHF 400-520 MHz &#8211; FM 65-108MHz frekvence: 2,5 kHz \/ 5 kHz \/ 6,25 kHz \/ 10 kHz \/ 12,5 kHz \/ 25 kHz uz priek\u0161u: 5W &#8211; 1W 1W 1W qutenna impedance: LCDDD. LCD apgaismots ar 50\u03a9 akumulatora taup\u012b\u0161anas funkcijas aug\u0161\u0113jo LED kabatas lampu (fiks\u0113tu vai mirgojo\u0161u gaismu) Vox re\u017e\u012bmu br\u012bv\u0101m rok\u0101m, kurai pievienoti PTT un Clippers, un k\u0101p\u0113c roku siksnai ir pievienota 57 mm x 117 mm x 35 mm (57 mm x 254 mm x 43 mm ar antenu un aizmugur\u0113jo skavu) Svars: 205 g li-jons 7.4 V x 2800 mAh akumulators un d\u0113\u013cu nogulsn\u0113\u0161an\u0101s<\/p>\n","protected":false},"featured_media":136528,"template":"","meta":{"_acf_changed":false},"product_brand":[],"product_cat":[1125],"product_tag":[],"class_list":{"0":"post-136717","1":"product","2":"type-product","3":"status-publish","4":"has-post-thumbnail","6":"product_cat-uztvereji","8":"first","9":"instock","10":"taxable","11":"shipping-taxable","12":"purchasable","13":"product-type-simple"},"acf":[],"_links":{"self":[{"href":"https:\/\/kingarms.ee\/lv\/wp-json\/wp\/v2\/product\/136717","targetHints":{"allow":["GET"]}}],"collection":[{"href":"https:\/\/kingarms.ee\/lv\/wp-json\/wp\/v2\/product"}],"about":[{"href":"https:\/\/kingarms.ee\/lv\/wp-json\/wp\/v2\/types\/product"}],"wp:featuredmedia":[{"embeddable":true,"href":"https:\/\/kingarms.ee\/lv\/wp-json\/wp\/v2\/media\/136528"}],"wp:attachment":[{"href":"https:\/\/kingarms.ee\/lv\/wp-json\/wp\/v2\/media?parent=136717"}],"wp:term":[{"taxonomy":"product_brand","embeddable":true,"href":"https:\/\/kingarms.ee\/lv\/wp-json\/wp\/v2\/product_brand?post=136717"},{"taxonomy":"product_cat","embeddable":true,"href":"https:\/\/kingarms.ee\/lv\/wp-json\/wp\/v2\/product_cat?post=136717"},{"taxonomy":"product_tag","embeddable":true,"href":"https:\/\/kingarms.ee\/lv\/wp-json\/wp\/v2\/product_tag?post=136717"}],"curies":[{"name":"wp","href":"https:\/\/api.w.org\/{rel}","templated":true}]}}