{"id":136722,"date":"2024-10-14T16:36:29","date_gmt":"2024-11-03T13:22:23","guid":{"rendered":"https:\/\/kingarms.ee\/product\/radio-raiditajs-u21pro-baofeng\/"},"modified":"2025-08-02T17:53:48","modified_gmt":"2025-08-02T14:53:48","slug":"radio-raiditajs-u21pro-baofengraadiosaatja-u21pro-baofeng","status":"publish","type":"product","link":"https:\/\/kingarms.ee\/lv\/product\/radio-raiditajs-u21pro-baofengraadiosaatja-u21pro-baofeng\/","title":{"rendered":"Radio raid\u012bt\u0101js U21Pro (Baofeng)"},"content":{"rendered":"<p><img loading=\"lazy\" decoding=\"async\" class=\"alignnone size-full wp-image-136113\" src=\"https:\/\/kingarms.ee\/wp-content\/uploads\/2024\/10\/baofeng-dual-band-vhfuhf-amfm-radio-bf-u21pro.jpg\" alt=\"\" width=\"1000\" height=\"1000\" srcset=\"https:\/\/kingarms.ee\/wp-content\/uploads\/2024\/10\/baofeng-dual-band-vhfuhf-amfm-radio-bf-u21pro.jpg 1000w, https:\/\/kingarms.ee\/wp-content\/uploads\/2024\/10\/baofeng-dual-band-vhfuhf-amfm-radio-bf-u21pro-300x300.jpg 300w, https:\/\/kingarms.ee\/wp-content\/uploads\/2024\/10\/baofeng-dual-band-vhfuhf-amfm-radio-bf-u21pro-150x150.jpg 150w, https:\/\/kingarms.ee\/wp-content\/uploads\/2024\/10\/baofeng-dual-band-vhfuhf-amfm-radio-bf-u21pro-768x768.jpg 768w, https:\/\/kingarms.ee\/wp-content\/uploads\/2024\/10\/baofeng-dual-band-vhfuhf-amfm-radio-bf-u21pro-500x500.jpg 500w\" sizes=\"auto, (max-width: 1000px) 100vw, 1000px\" \/><\/p>\n","protected":false},"excerpt":{"rendered":"<p>Radio raid\u012bt\u0101js U21Pro (Baofeng) divu slodzes VHF\/UHF un AM\/FM radio anti-kritums, putek\u013ci un miglaini radio raid\u012bt\u0101js 999 kan\u0101li<\/p>\n<p>Frekvence: &#8211; FM 65-108MHz &#8211; Am 108-136MHz<\/p>\n<p>&#8211; VHF 136-174 MHz &#8211; UHF 400-520 MHz frekvences solis: 12,5kHz \/ 50kHz jauda: 5W &#8211; 1W elast\u012bga antena 205mmm<\/p>\n<p>Antenas pretest\u012bba: 50\u03a9 apgaismots 1,77 &#8220;kr\u0101sains LCD ekr\u0101na akumulators ar saglab\u0101\u0161anas funkcijas aug\u0161\u0113jo LED kabatas lukturi (fiks\u0113ta vai mirgojo\u0161a gaisma) auskar\u012bba<\/p>\n<p>KABELIS PROGRAM\u0112JAMS DATORS, TIEK P\u0100RDOTS Atsevi\u0161\u0137i Izm\u0113ri: 65 mm x 145 mm x 45 mm SVARS: 295 g Li-Ion 7,4 V x 2500 mAh AKUMULATORS UN GALDA L\u0100D\u0112T\u0100JS NAV IEK\u013bAUTS, izmantojot USB-C kabeli, UZL\u0100D\u0112JAMS<\/p>\n<p>MUST V\u00c4RV<\/p>\n<p>&nbsp;<\/p>\n","protected":false},"featured_media":136522,"template":"","meta":{"_acf_changed":false},"product_brand":[],"product_cat":[1125],"product_tag":[],"class_list":{"0":"post-136722","1":"product","2":"type-product","3":"status-publish","4":"has-post-thumbnail","6":"product_cat-uztvereji","8":"first","9":"instock","10":"taxable","11":"shipping-taxable","12":"purchasable","13":"product-type-simple"},"acf":[],"_links":{"self":[{"href":"https:\/\/kingarms.ee\/lv\/wp-json\/wp\/v2\/product\/136722","targetHints":{"allow":["GET"]}}],"collection":[{"href":"https:\/\/kingarms.ee\/lv\/wp-json\/wp\/v2\/product"}],"about":[{"href":"https:\/\/kingarms.ee\/lv\/wp-json\/wp\/v2\/types\/product"}],"wp:featuredmedia":[{"embeddable":true,"href":"https:\/\/kingarms.ee\/lv\/wp-json\/wp\/v2\/media\/136522"}],"wp:attachment":[{"href":"https:\/\/kingarms.ee\/lv\/wp-json\/wp\/v2\/media?parent=136722"}],"wp:term":[{"taxonomy":"product_brand","embeddable":true,"href":"https:\/\/kingarms.ee\/lv\/wp-json\/wp\/v2\/product_brand?post=136722"},{"taxonomy":"product_cat","embeddable":true,"href":"https:\/\/kingarms.ee\/lv\/wp-json\/wp\/v2\/product_cat?post=136722"},{"taxonomy":"product_tag","embeddable":true,"href":"https:\/\/kingarms.ee\/lv\/wp-json\/wp\/v2\/product_tag?post=136722"}],"curies":[{"name":"wp","href":"https:\/\/api.w.org\/{rel}","templated":true}]}}