{"id":136731,"date":"2024-06-28T15:32:15","date_gmt":"2024-11-03T14:15:41","guid":{"rendered":"https:\/\/kingarms.ee\/product\/golabs-r150-spekstacija\/"},"modified":"2025-08-02T18:22:58","modified_gmt":"2025-08-02T15:22:58","slug":"golabs-r150-kasasasas-jouter","status":"publish","type":"product","link":"https:\/\/kingarms.ee\/lv\/product\/golabs-r150-kasasasas-jouter\/","title":{"rendered":"Golabs R150 sp\u0113kstacija"},"content":{"rendered":"","protected":false},"excerpt":{"rendered":"<h2>Golabs R150 sp\u0113kstacija<\/h2>\n<p>Golabs R150 jauda ir 204 WH (3,2 V \/ G3750 mAh). Satur \u0101tru PD60W l\u0101d\u0113\u0161anas portu un LifePO4 baterijas, kas var uzl\u0101d\u0113t l\u012bdz 10 gadiem vai 2000 cikliem.<\/p>\n","protected":false},"featured_media":135592,"template":"","meta":{"_acf_changed":false},"product_brand":[],"product_cat":[1120],"product_tag":[],"class_list":{"0":"post-136731","1":"product","2":"type-product","3":"status-publish","4":"has-post-thumbnail","6":"product_cat-energijas-banka","8":"first","9":"instock","10":"sale","11":"taxable","12":"shipping-taxable","13":"purchasable","14":"product-type-simple"},"acf":[],"_links":{"self":[{"href":"https:\/\/kingarms.ee\/lv\/wp-json\/wp\/v2\/product\/136731","targetHints":{"allow":["GET"]}}],"collection":[{"href":"https:\/\/kingarms.ee\/lv\/wp-json\/wp\/v2\/product"}],"about":[{"href":"https:\/\/kingarms.ee\/lv\/wp-json\/wp\/v2\/types\/product"}],"wp:featuredmedia":[{"embeddable":true,"href":"https:\/\/kingarms.ee\/lv\/wp-json\/wp\/v2\/media\/135592"}],"wp:attachment":[{"href":"https:\/\/kingarms.ee\/lv\/wp-json\/wp\/v2\/media?parent=136731"}],"wp:term":[{"taxonomy":"product_brand","embeddable":true,"href":"https:\/\/kingarms.ee\/lv\/wp-json\/wp\/v2\/product_brand?post=136731"},{"taxonomy":"product_cat","embeddable":true,"href":"https:\/\/kingarms.ee\/lv\/wp-json\/wp\/v2\/product_cat?post=136731"},{"taxonomy":"product_tag","embeddable":true,"href":"https:\/\/kingarms.ee\/lv\/wp-json\/wp\/v2\/product_tag?post=136731"}],"curies":[{"name":"wp","href":"https:\/\/api.w.org\/{rel}","templated":true}]}}