{"id":136739,"date":"2024-06-25T19:13:09","date_gmt":"2024-11-05T07:31:30","guid":{"rendered":"https:\/\/kingarms.ee\/product\/airsoft-ierocis-spoks-l-emr-carbontech-ets-evolucija\/"},"modified":"2025-08-02T18:26:06","modified_gmt":"2025-08-02T15:26:06","slug":"airsoft-relv-ghost-l-emr-carbontech-eets-eevolucija","status":"publish","type":"product","link":"https:\/\/kingarms.ee\/lv\/product\/airsoft-relv-ghost-l-emr-carbontech-eets-eevolucija\/","title":{"rendered":"Airsoft ierocis spoks L EMR CARBONTECH ETS Evol\u016bcija<br>"},"content":{"rendered":"<p><img loading=\"lazy\" decoding=\"async\" class=\"alignnone size-full wp-image-101659\" src=\"https:\/\/kingarms.ee\/wp-content\/uploads\/2024\/06\/Evolution-Ghost-L-EMR-Carbontech-ETS-extra-big-74407-387.jpg\" alt=\"\" width=\"1080\" height=\"720\" srcset=\"https:\/\/kingarms.ee\/wp-content\/uploads\/2024\/06\/Evolution-Ghost-L-EMR-Carbontech-ETS-extra-big-74407-387.jpg 1080w, https:\/\/kingarms.ee\/wp-content\/uploads\/2024\/06\/Evolution-Ghost-L-EMR-Carbontech-ETS-extra-big-74407-387-300x200.jpg 300w, https:\/\/kingarms.ee\/wp-content\/uploads\/2024\/06\/Evolution-Ghost-L-EMR-Carbontech-ETS-extra-big-74407-387-1024x683.jpg 1024w, https:\/\/kingarms.ee\/wp-content\/uploads\/2024\/06\/Evolution-Ghost-L-EMR-Carbontech-ETS-extra-big-74407-387-768x512.jpg 768w, https:\/\/kingarms.ee\/wp-content\/uploads\/2024\/06\/Evolution-Ghost-L-EMR-Carbontech-ETS-extra-big-74407-387-500x333.jpg 500w, https:\/\/kingarms.ee\/wp-content\/uploads\/2024\/06\/Evolution-Ghost-L-EMR-Carbontech-ETS-extra-big-74407-387-150x100.jpg 150w\" sizes=\"auto, (max-width: 1080px) 100vw, 1080px\" \/><\/p>\n","protected":false},"excerpt":{"rendered":"<p>Airsoft ierocis spoks l emr carbontech evolution evolution spoks l emr carbontech ets kval\u012bna laika un elektronikas replika no evol\u016bcijas. Sp\u0113c\u012bgs plastmasas korpuss un alum\u012bnija griesti. Ir 6,01 precizit\u0101tes caurule un elektronisks spr\u016bda. Turkl\u0101t \u0101tra pavasara nomai\u0146a. Garums- 740-830mm Kalal 2,5 kg akumulators OTS- mini Tamya 140BB vid\u0113j\u0101 v\u0101ci\u0146a ziede. Akumulators un l\u0101d\u0113t\u0101js nav iek\u013cauti !!!!<\/p>\n","protected":false},"featured_media":135513,"template":"","meta":{"_acf_changed":false},"product_brand":[],"product_cat":[1001],"product_tag":[],"class_list":{"0":"post-136739","1":"product","2":"type-product","3":"status-publish","4":"has-post-thumbnail","6":"product_cat-tirdzniecibas-automati","8":"first","9":"instock","10":"sale","11":"taxable","12":"shipping-taxable","13":"purchasable","14":"product-type-simple"},"acf":[],"_links":{"self":[{"href":"https:\/\/kingarms.ee\/lv\/wp-json\/wp\/v2\/product\/136739","targetHints":{"allow":["GET"]}}],"collection":[{"href":"https:\/\/kingarms.ee\/lv\/wp-json\/wp\/v2\/product"}],"about":[{"href":"https:\/\/kingarms.ee\/lv\/wp-json\/wp\/v2\/types\/product"}],"wp:featuredmedia":[{"embeddable":true,"href":"https:\/\/kingarms.ee\/lv\/wp-json\/wp\/v2\/media\/135513"}],"wp:attachment":[{"href":"https:\/\/kingarms.ee\/lv\/wp-json\/wp\/v2\/media?parent=136739"}],"wp:term":[{"taxonomy":"product_brand","embeddable":true,"href":"https:\/\/kingarms.ee\/lv\/wp-json\/wp\/v2\/product_brand?post=136739"},{"taxonomy":"product_cat","embeddable":true,"href":"https:\/\/kingarms.ee\/lv\/wp-json\/wp\/v2\/product_cat?post=136739"},{"taxonomy":"product_tag","embeddable":true,"href":"https:\/\/kingarms.ee\/lv\/wp-json\/wp\/v2\/product_tag?post=136739"}],"curies":[{"name":"wp","href":"https:\/\/api.w.org\/{rel}","templated":true}]}}