{"id":136750,"date":"2024-03-16T11:22:40","date_gmt":"2024-11-05T10:04:33","guid":{"rendered":"https:\/\/kingarms.ee\/product\/pargajiena-dusa-20-litri\/"},"modified":"2025-08-02T18:43:04","modified_gmt":"2025-08-02T15:43:04","slug":"pargajieni-20-litri","status":"publish","type":"product","link":"https:\/\/kingarms.ee\/lv\/product\/pargajieni-20-litri\/","title":{"rendered":"P\u0101rg\u0101jiena du\u0161a (20 litri)"},"content":{"rendered":"<p><img loading=\"lazy\" decoding=\"async\" class=\"alignnone size-full wp-image-100755\" src=\"https:\/\/kingarms.ee\/wp-content\/uploads\/2024\/03\/3ed7420b3ce2ea13db44376df496c451.webp\" alt=\"\" width=\"787\" height=\"743\" srcset=\"https:\/\/kingarms.ee\/wp-content\/uploads\/2024\/03\/3ed7420b3ce2ea13db44376df496c451.webp 787w, https:\/\/kingarms.ee\/wp-content\/uploads\/2024\/03\/3ed7420b3ce2ea13db44376df496c451-300x283.webp 300w, https:\/\/kingarms.ee\/wp-content\/uploads\/2024\/03\/3ed7420b3ce2ea13db44376df496c451-768x725.webp 768w, https:\/\/kingarms.ee\/wp-content\/uploads\/2024\/03\/3ed7420b3ce2ea13db44376df496c451-500x472.webp 500w, https:\/\/kingarms.ee\/wp-content\/uploads\/2024\/03\/3ed7420b3ce2ea13db44376df496c451-150x142.webp 150w\" sizes=\"auto, (max-width: 787px) 100vw, 787px\" \/><\/p>\n","protected":false},"excerpt":{"rendered":"<p>Sp\u0113c\u012bga polivinilhlor\u012bda caurule: 100% polipropil\u0113na tilpums: 20 litri &#8211; elast\u012bga caurule, v\u0101rsta un du\u0161as galva &#8211; piek\u0101rt\u0101 aukla apm\u0113ram 2 m<\/p>\n<p>&nbsp;<\/p>\n","protected":false},"featured_media":135186,"template":"","meta":{"_acf_changed":false},"product_brand":[],"product_cat":[1119],"product_tag":[],"class_list":{"0":"post-136750","1":"product","2":"type-product","3":"status-publish","4":"has-post-thumbnail","6":"product_cat-celojumu-preces","8":"first","9":"instock","10":"taxable","11":"shipping-taxable","12":"purchasable","13":"product-type-simple"},"acf":[],"_links":{"self":[{"href":"https:\/\/kingarms.ee\/lv\/wp-json\/wp\/v2\/product\/136750","targetHints":{"allow":["GET"]}}],"collection":[{"href":"https:\/\/kingarms.ee\/lv\/wp-json\/wp\/v2\/product"}],"about":[{"href":"https:\/\/kingarms.ee\/lv\/wp-json\/wp\/v2\/types\/product"}],"wp:featuredmedia":[{"embeddable":true,"href":"https:\/\/kingarms.ee\/lv\/wp-json\/wp\/v2\/media\/135186"}],"wp:attachment":[{"href":"https:\/\/kingarms.ee\/lv\/wp-json\/wp\/v2\/media?parent=136750"}],"wp:term":[{"taxonomy":"product_brand","embeddable":true,"href":"https:\/\/kingarms.ee\/lv\/wp-json\/wp\/v2\/product_brand?post=136750"},{"taxonomy":"product_cat","embeddable":true,"href":"https:\/\/kingarms.ee\/lv\/wp-json\/wp\/v2\/product_cat?post=136750"},{"taxonomy":"product_tag","embeddable":true,"href":"https:\/\/kingarms.ee\/lv\/wp-json\/wp\/v2\/product_tag?post=136750"}],"curies":[{"name":"wp","href":"https:\/\/api.w.org\/{rel}","templated":true}]}}