{"id":136752,"date":"2024-03-14T12:27:52","date_gmt":"2024-11-05T10:20:57","guid":{"rendered":"https:\/\/kingarms.ee\/product\/pasivas-austinas-remington-21db\/"},"modified":"2025-08-02T18:50:46","modified_gmt":"2025-08-02T15:50:46","slug":"pasiva-korvelapape-remington-21db","status":"publish","type":"product","link":"https:\/\/kingarms.ee\/lv\/product\/pasiva-korvelapape-remington-21db\/","title":{"rendered":"Pas\u012bv\u0101s austi\u0146as (Remington 21dB)<br>"},"content":{"rendered":"<p><img loading=\"lazy\" decoding=\"async\" class=\"alignnone size-full wp-image-100662\" src=\"https:\/\/kingarms.ee\/wp-content\/uploads\/2024\/03\/15870_naushniki-remington-nrr-21db-passi.jpg\" alt=\"\" width=\"600\" height=\"500\" srcset=\"https:\/\/kingarms.ee\/wp-content\/uploads\/2024\/03\/15870_naushniki-remington-nrr-21db-passi.jpg 600w, https:\/\/kingarms.ee\/wp-content\/uploads\/2024\/03\/15870_naushniki-remington-nrr-21db-passi-300x250.jpg 300w, https:\/\/kingarms.ee\/wp-content\/uploads\/2024\/03\/15870_naushniki-remington-nrr-21db-passi-500x417.jpg 500w, https:\/\/kingarms.ee\/wp-content\/uploads\/2024\/03\/15870_naushniki-remington-nrr-21db-passi-150x125.jpg 150w\" sizes=\"auto, (max-width: 600px) 100vw, 600px\" \/><\/p>\n","protected":false},"excerpt":{"rendered":"<p>Katrs mednieks un \u0161\u0101v\u0113js zina, ka \u0161aujamiero\u010da \u0161au\u0161ana ir diezgan kait\u012bga dzirdei. Ikviens var viegli zaud\u0113t dzirdes pistoles d\u0113\u013c, ja vien vi\u0146i nav pareizi sagatavoti. Lai izvair\u012btos no \u0161\u0101da &#8220;prieka&#8221;, Remingtons pasniedz savu pas\u012bvo austi\u0146u versiju. Ieb\u016bv\u0113tie ausu aizb\u0101\u017e\u0146i samazina \u0101r\u0113jo ska\u0146u apjomu par aptuveni 20 dB. M\u012bkst\u0101s galvas saites dizains ir viegli saliekams mazu somu p\u0101rvad\u0101\u0161anai.<\/p>\n","protected":false},"featured_media":135138,"template":"","meta":{"_acf_changed":false},"product_brand":[],"product_cat":[1024],"product_tag":[],"class_list":{"0":"post-136752","1":"product","2":"type-product","3":"status-publish","4":"has-post-thumbnail","6":"product_cat-pasivas-austinas","8":"first","9":"instock","10":"taxable","11":"shipping-taxable","12":"purchasable","13":"product-type-simple"},"acf":[],"_links":{"self":[{"href":"https:\/\/kingarms.ee\/lv\/wp-json\/wp\/v2\/product\/136752","targetHints":{"allow":["GET"]}}],"collection":[{"href":"https:\/\/kingarms.ee\/lv\/wp-json\/wp\/v2\/product"}],"about":[{"href":"https:\/\/kingarms.ee\/lv\/wp-json\/wp\/v2\/types\/product"}],"wp:featuredmedia":[{"embeddable":true,"href":"https:\/\/kingarms.ee\/lv\/wp-json\/wp\/v2\/media\/135138"}],"wp:attachment":[{"href":"https:\/\/kingarms.ee\/lv\/wp-json\/wp\/v2\/media?parent=136752"}],"wp:term":[{"taxonomy":"product_brand","embeddable":true,"href":"https:\/\/kingarms.ee\/lv\/wp-json\/wp\/v2\/product_brand?post=136752"},{"taxonomy":"product_cat","embeddable":true,"href":"https:\/\/kingarms.ee\/lv\/wp-json\/wp\/v2\/product_cat?post=136752"},{"taxonomy":"product_tag","embeddable":true,"href":"https:\/\/kingarms.ee\/lv\/wp-json\/wp\/v2\/product_tag?post=136752"}],"curies":[{"name":"wp","href":"https:\/\/api.w.org\/{rel}","templated":true}]}}