{"id":136755,"date":"2024-03-09T20:18:19","date_gmt":"2024-11-05T10:33:31","guid":{"rendered":"https:\/\/kingarms.ee\/product\/airsoft-ierocis-sa-f02-flex-specna-arms\/"},"modified":"2025-08-02T18:57:44","modified_gmt":"2025-08-02T15:57:44","slug":"airsoft-relv-sa-f02-flex-specna-arms","status":"publish","type":"product","link":"https:\/\/kingarms.ee\/lv\/product\/airsoft-relv-sa-f02-flex-specna-arms\/","title":{"rendered":"Airsoft ierocis SA-F02 Flex (Specna Arms)<br>"},"content":{"rendered":"<p><img loading=\"lazy\" decoding=\"async\" class=\"alignnone size-full wp-image-100516\" src=\"https:\/\/kingarms.ee\/wp-content\/uploads\/2024\/03\/661bf34350f9c2af953f89cebf51cfd0a3297b0d_1152231751_1.webp\" alt=\"\" width=\"2000\" height=\"1333\" srcset=\"https:\/\/kingarms.ee\/wp-content\/uploads\/2024\/03\/661bf34350f9c2af953f89cebf51cfd0a3297b0d_1152231751_1.webp 2000w, https:\/\/kingarms.ee\/wp-content\/uploads\/2024\/03\/661bf34350f9c2af953f89cebf51cfd0a3297b0d_1152231751_1-300x200.webp 300w, https:\/\/kingarms.ee\/wp-content\/uploads\/2024\/03\/661bf34350f9c2af953f89cebf51cfd0a3297b0d_1152231751_1-1024x682.webp 1024w, https:\/\/kingarms.ee\/wp-content\/uploads\/2024\/03\/661bf34350f9c2af953f89cebf51cfd0a3297b0d_1152231751_1-768x512.webp 768w, https:\/\/kingarms.ee\/wp-content\/uploads\/2024\/03\/661bf34350f9c2af953f89cebf51cfd0a3297b0d_1152231751_1-1536x1024.webp 1536w, https:\/\/kingarms.ee\/wp-content\/uploads\/2024\/03\/661bf34350f9c2af953f89cebf51cfd0a3297b0d_1152231751_1-500x333.webp 500w, https:\/\/kingarms.ee\/wp-content\/uploads\/2024\/03\/661bf34350f9c2af953f89cebf51cfd0a3297b0d_1152231751_1-150x100.webp 150w\" sizes=\"auto, (max-width: 2000px) 100vw, 2000px\" \/><\/p>\n","protected":false},"excerpt":{"rendered":"<p>Airsoft iero\u010di SA-F02 Flex (Specna Arms) Ra\u017eot\u0101ja Specna iero\u010du \u0101trums<\/p>\n<p>[FPS] 370 Gearboxi versioon Gearbox v2 Tulistamis t\u00fc\u00fcp Poolautomaatne Laagrite l\u00e4bim\u00f5\u00f5t GB<\/p>\n<p>[mm] 8 Sisemise toru pikkus<br \/>\n[mm] 275 Slave maht<br \/>\n[tk] 300 Hop-Up Jah Kaasas aku: EI Keere t\u00fc\u00fcp 14mm CCW Kiire kevadise vahetuse s\u00fcsteem Jah Pistik T\u00fc\u00fcp Tamiya v\u00e4ike V\u00e4rvus Must Toote kaal [g] 2280 Materjal Plastik Minimaalne pikkus<\/p>\n<p>[mm] 720 Toote pikkus<br \/>\n[cm] 81 MOSFET\/ETU: EI Specna relvaliin FLEX\u2122 Toiteallikas Elektriline<\/p>\n","protected":false},"featured_media":135063,"template":"","meta":{"_acf_changed":false},"product_brand":[],"product_cat":[1001],"product_tag":[],"class_list":{"0":"post-136755","1":"product","2":"type-product","3":"status-publish","4":"has-post-thumbnail","6":"product_cat-tirdzniecibas-automati","8":"first","9":"onbackorder","10":"taxable","11":"shipping-taxable","12":"product-type-simple"},"acf":[],"_links":{"self":[{"href":"https:\/\/kingarms.ee\/lv\/wp-json\/wp\/v2\/product\/136755","targetHints":{"allow":["GET"]}}],"collection":[{"href":"https:\/\/kingarms.ee\/lv\/wp-json\/wp\/v2\/product"}],"about":[{"href":"https:\/\/kingarms.ee\/lv\/wp-json\/wp\/v2\/types\/product"}],"wp:featuredmedia":[{"embeddable":true,"href":"https:\/\/kingarms.ee\/lv\/wp-json\/wp\/v2\/media\/135063"}],"wp:attachment":[{"href":"https:\/\/kingarms.ee\/lv\/wp-json\/wp\/v2\/media?parent=136755"}],"wp:term":[{"taxonomy":"product_brand","embeddable":true,"href":"https:\/\/kingarms.ee\/lv\/wp-json\/wp\/v2\/product_brand?post=136755"},{"taxonomy":"product_cat","embeddable":true,"href":"https:\/\/kingarms.ee\/lv\/wp-json\/wp\/v2\/product_cat?post=136755"},{"taxonomy":"product_tag","embeddable":true,"href":"https:\/\/kingarms.ee\/lv\/wp-json\/wp\/v2\/product_tag?post=136755"}],"curies":[{"name":"wp","href":"https:\/\/api.w.org\/{rel}","templated":true}]}}