{"id":136756,"date":"2024-03-09T20:13:29","date_gmt":"2024-11-05T10:36:32","guid":{"rendered":"https:\/\/kingarms.ee\/product\/airsoft-ieroca-flex-sa-f03-specna-arms\/"},"modified":"2025-08-02T18:58:34","modified_gmt":"2025-08-02T15:58:34","slug":"airsoft-relv-flex-sa-f03-specna-aarms","status":"publish","type":"product","link":"https:\/\/kingarms.ee\/lv\/product\/airsoft-relv-flex-sa-f03-specna-aarms\/","title":{"rendered":"Airsoft iero\u010da flex SA-F03 (Specna Arms)<br>"},"content":{"rendered":"<p><img loading=\"lazy\" decoding=\"async\" class=\"alignnone size-full wp-image-100497\" src=\"https:\/\/kingarms.ee\/wp-content\/uploads\/2024\/03\/d1eeb496ef6ea537f0a456d138a3034150243a09_1152231753_1.webp\" alt=\"\" width=\"2000\" height=\"1333\" srcset=\"https:\/\/kingarms.ee\/wp-content\/uploads\/2024\/03\/d1eeb496ef6ea537f0a456d138a3034150243a09_1152231753_1.webp 2000w, https:\/\/kingarms.ee\/wp-content\/uploads\/2024\/03\/d1eeb496ef6ea537f0a456d138a3034150243a09_1152231753_1-300x200.webp 300w, https:\/\/kingarms.ee\/wp-content\/uploads\/2024\/03\/d1eeb496ef6ea537f0a456d138a3034150243a09_1152231753_1-1024x682.webp 1024w, https:\/\/kingarms.ee\/wp-content\/uploads\/2024\/03\/d1eeb496ef6ea537f0a456d138a3034150243a09_1152231753_1-768x512.webp 768w, https:\/\/kingarms.ee\/wp-content\/uploads\/2024\/03\/d1eeb496ef6ea537f0a456d138a3034150243a09_1152231753_1-1536x1024.webp 1536w, https:\/\/kingarms.ee\/wp-content\/uploads\/2024\/03\/d1eeb496ef6ea537f0a456d138a3034150243a09_1152231753_1-500x333.webp 500w, https:\/\/kingarms.ee\/wp-content\/uploads\/2024\/03\/d1eeb496ef6ea537f0a456d138a3034150243a09_1152231753_1-150x100.webp 150w\" sizes=\"auto, (max-width: 2000px) 100vw, 2000px\" \/><\/p>\n","protected":false},"excerpt":{"rendered":"<p>Airsoft iero\u010da flex SA-F03 (Specna Arms) Ra\u017eot\u0101js Specna Arms Gearbox versijas p\u0101rnesumk\u0101rba V2 \u0161au\u0161anas tips pusautom\u0101tiskais gult\u0146u diametrs GB<\/p>\n<p>[mm] 8 Sisemise toru pikkus<br \/>\n[mm] 280 Salve maht<br \/>\n[tk] 300 Hop-Up Jah Kaasas aku: EI Keere t\u00fc\u00fcp 14mm CCW Kiire vedru vahetuse s\u00fcsteem Jah Pistik T\u00fc\u00fcp Tamiya v\u00e4ike V\u00e4rvus Must Kiirus<\/p>\n<p>[FPS] 370 Toote kaal [g] 2220 Materjal Plastik Minimaalne pikkus<\/p>\n<p>[mm] 710 Toote pikkus<br \/>\n[cm] 79 MOSFET\/ETU: EI Specna relvaliin FLEX\u2122 Toiteallikas Elektriline<\/p>\n","protected":false},"featured_media":135051,"template":"","meta":{"_acf_changed":false},"product_brand":[],"product_cat":[1001],"product_tag":[],"class_list":{"0":"post-136756","1":"product","2":"type-product","3":"status-publish","4":"has-post-thumbnail","6":"product_cat-tirdzniecibas-automati","8":"first","9":"onbackorder","10":"taxable","11":"shipping-taxable","12":"product-type-simple"},"acf":[],"_links":{"self":[{"href":"https:\/\/kingarms.ee\/lv\/wp-json\/wp\/v2\/product\/136756","targetHints":{"allow":["GET"]}}],"collection":[{"href":"https:\/\/kingarms.ee\/lv\/wp-json\/wp\/v2\/product"}],"about":[{"href":"https:\/\/kingarms.ee\/lv\/wp-json\/wp\/v2\/types\/product"}],"wp:featuredmedia":[{"embeddable":true,"href":"https:\/\/kingarms.ee\/lv\/wp-json\/wp\/v2\/media\/135051"}],"wp:attachment":[{"href":"https:\/\/kingarms.ee\/lv\/wp-json\/wp\/v2\/media?parent=136756"}],"wp:term":[{"taxonomy":"product_brand","embeddable":true,"href":"https:\/\/kingarms.ee\/lv\/wp-json\/wp\/v2\/product_brand?post=136756"},{"taxonomy":"product_cat","embeddable":true,"href":"https:\/\/kingarms.ee\/lv\/wp-json\/wp\/v2\/product_cat?post=136756"},{"taxonomy":"product_tag","embeddable":true,"href":"https:\/\/kingarms.ee\/lv\/wp-json\/wp\/v2\/product_tag?post=136756"}],"curies":[{"name":"wp","href":"https:\/\/api.w.org\/{rel}","templated":true}]}}