{"id":136772,"date":"2024-02-29T19:39:21","date_gmt":"2024-11-05T11:41:21","guid":{"rendered":"https:\/\/kingarms.ee\/product\/miega-paklajs-olivu-zals-mil-tec\/"},"modified":"2025-08-02T19:15:16","modified_gmt":"2025-08-02T16:15:16","slug":"miega-paklajs-olivu-zals-mil-tec","status":"publish","type":"product","link":"https:\/\/kingarms.ee\/lv\/product\/miega-paklajs-olivu-zals-mil-tec\/","title":{"rendered":"Miega pakl\u0101js, ol\u012bvu za\u013c\u0161 (mil-tec)"},"content":{"rendered":"<p><img loading=\"lazy\" decoding=\"async\" class=\"alignnone size-full wp-image-98873\" src=\"https:\/\/kingarms.ee\/wp-content\/uploads\/2024\/02\/uniplast-magamismatt-oliivroheline.jpg\" alt=\"\" width=\"800\" height=\"800\" srcset=\"https:\/\/kingarms.ee\/wp-content\/uploads\/2024\/02\/uniplast-magamismatt-oliivroheline.jpg 800w, https:\/\/kingarms.ee\/wp-content\/uploads\/2024\/02\/uniplast-magamismatt-oliivroheline-300x300.jpg 300w, https:\/\/kingarms.ee\/wp-content\/uploads\/2024\/02\/uniplast-magamismatt-oliivroheline-150x150.jpg 150w, https:\/\/kingarms.ee\/wp-content\/uploads\/2024\/02\/uniplast-magamismatt-oliivroheline-768x768.jpg 768w, https:\/\/kingarms.ee\/wp-content\/uploads\/2024\/02\/uniplast-magamismatt-oliivroheline-500x500.jpg 500w\" sizes=\"auto, (max-width: 800px) 100vw, 800px\" \/><\/p>\n","protected":false},"excerpt":{"rendered":"<p>Izm\u0113ri: 180x50x0,7 cm svars: 0,22 kg<\/p>\n<p>Viegls un kompakts miega pakl\u0101js<\/p>\n","protected":false},"featured_media":134844,"template":"","meta":{"_acf_changed":false},"product_brand":[],"product_cat":[1119],"product_tag":[],"class_list":{"0":"post-136772","1":"product","2":"type-product","3":"status-publish","4":"has-post-thumbnail","6":"product_cat-celojumu-preces","8":"first","9":"instock","10":"taxable","11":"shipping-taxable","12":"purchasable","13":"product-type-simple"},"acf":[],"_links":{"self":[{"href":"https:\/\/kingarms.ee\/lv\/wp-json\/wp\/v2\/product\/136772","targetHints":{"allow":["GET"]}}],"collection":[{"href":"https:\/\/kingarms.ee\/lv\/wp-json\/wp\/v2\/product"}],"about":[{"href":"https:\/\/kingarms.ee\/lv\/wp-json\/wp\/v2\/types\/product"}],"wp:featuredmedia":[{"embeddable":true,"href":"https:\/\/kingarms.ee\/lv\/wp-json\/wp\/v2\/media\/134844"}],"wp:attachment":[{"href":"https:\/\/kingarms.ee\/lv\/wp-json\/wp\/v2\/media?parent=136772"}],"wp:term":[{"taxonomy":"product_brand","embeddable":true,"href":"https:\/\/kingarms.ee\/lv\/wp-json\/wp\/v2\/product_brand?post=136772"},{"taxonomy":"product_cat","embeddable":true,"href":"https:\/\/kingarms.ee\/lv\/wp-json\/wp\/v2\/product_cat?post=136772"},{"taxonomy":"product_tag","embeddable":true,"href":"https:\/\/kingarms.ee\/lv\/wp-json\/wp\/v2\/product_tag?post=136772"}],"curies":[{"name":"wp","href":"https:\/\/api.w.org\/{rel}","templated":true}]}}