{"id":136782,"date":"2024-02-24T15:30:56","date_gmt":"2024-11-05T11:46:42","guid":{"rendered":"https:\/\/kingarms.ee\/product\/izdzivosanas-klajs-vai-avarijas-sega\/"},"modified":"2025-08-02T19:16:53","modified_gmt":"2025-08-02T16:16:53","slug":"uzraudziba-deko-support-tek","status":"publish","type":"product","link":"https:\/\/kingarms.ee\/lv\/product\/uzraudziba-deko-support-tek\/","title":{"rendered":"Izdz\u012bvo\u0161anas kl\u0101js vai av\u0101rijas sega"},"content":{"rendered":"<p><img loading=\"lazy\" decoding=\"async\" class=\"alignnone size-full wp-image-98439\" src=\"https:\/\/kingarms.ee\/wp-content\/uploads\/2024\/02\/c62ed0d8ca575609dbd4892fc7449bb9-ezgif.com-webp-to-jpg-converter.jpg\" alt=\"\" width=\"800\" height=\"800\" srcset=\"https:\/\/kingarms.ee\/wp-content\/uploads\/2024\/02\/c62ed0d8ca575609dbd4892fc7449bb9-ezgif.com-webp-to-jpg-converter.jpg 800w, https:\/\/kingarms.ee\/wp-content\/uploads\/2024\/02\/c62ed0d8ca575609dbd4892fc7449bb9-ezgif.com-webp-to-jpg-converter-300x300.jpg 300w, https:\/\/kingarms.ee\/wp-content\/uploads\/2024\/02\/c62ed0d8ca575609dbd4892fc7449bb9-ezgif.com-webp-to-jpg-converter-150x150.jpg 150w, https:\/\/kingarms.ee\/wp-content\/uploads\/2024\/02\/c62ed0d8ca575609dbd4892fc7449bb9-ezgif.com-webp-to-jpg-converter-768x768.jpg 768w, https:\/\/kingarms.ee\/wp-content\/uploads\/2024\/02\/c62ed0d8ca575609dbd4892fc7449bb9-ezgif.com-webp-to-jpg-converter-500x500.jpg 500w\" sizes=\"auto, (max-width: 800px) 100vw, 800px\" \/><\/p>\n","protected":false},"excerpt":{"rendered":"<p>Izdz\u012bvo\u0161anas kl\u0101js vai av\u0101rijas sega aizsardz\u012bba no aukstuma, mitra, v\u0113ja un siltuma k\u0101 gu\u013cammaiss k\u0101 zem\u016bdens aukstumam: Saglab\u0101jiet siltuma sudraba pusi no karstuma: turiet \u0101ra izm\u0113ru sudraba pusi: apm. 213 x 132 cm svars: apm. 50 g<\/p>\n","protected":false},"featured_media":134828,"template":"","meta":{"_acf_changed":false},"product_brand":[],"product_cat":[1119],"product_tag":[],"class_list":{"0":"post-136782","1":"product","2":"type-product","3":"status-publish","4":"has-post-thumbnail","6":"product_cat-celojumu-preces","8":"first","9":"instock","10":"taxable","11":"shipping-taxable","12":"purchasable","13":"product-type-simple"},"acf":[],"_links":{"self":[{"href":"https:\/\/kingarms.ee\/lv\/wp-json\/wp\/v2\/product\/136782","targetHints":{"allow":["GET"]}}],"collection":[{"href":"https:\/\/kingarms.ee\/lv\/wp-json\/wp\/v2\/product"}],"about":[{"href":"https:\/\/kingarms.ee\/lv\/wp-json\/wp\/v2\/types\/product"}],"wp:featuredmedia":[{"embeddable":true,"href":"https:\/\/kingarms.ee\/lv\/wp-json\/wp\/v2\/media\/134828"}],"wp:attachment":[{"href":"https:\/\/kingarms.ee\/lv\/wp-json\/wp\/v2\/media?parent=136782"}],"wp:term":[{"taxonomy":"product_brand","embeddable":true,"href":"https:\/\/kingarms.ee\/lv\/wp-json\/wp\/v2\/product_brand?post=136782"},{"taxonomy":"product_cat","embeddable":true,"href":"https:\/\/kingarms.ee\/lv\/wp-json\/wp\/v2\/product_cat?post=136782"},{"taxonomy":"product_tag","embeddable":true,"href":"https:\/\/kingarms.ee\/lv\/wp-json\/wp\/v2\/product_tag?post=136782"}],"curies":[{"name":"wp","href":"https:\/\/api.w.org\/{rel}","templated":true}]}}