{"id":136795,"date":"2024-04-04T15:34:56","date_gmt":"2024-11-05T12:04:29","guid":{"rendered":"https:\/\/kingarms.ee\/product\/gaisa-sautenes-pcp-borner-puncher-nish-s\/"},"modified":"2025-08-02T18:39:30","modified_gmt":"2025-08-02T15:39:30","slug":"briesmas-pcp-dzimusais-puncer-sish-s","status":"publish","type":"product","link":"https:\/\/kingarms.ee\/lv\/product\/briesmas-pcp-dzimusais-puncer-sish-s\/","title":{"rendered":"Gaisa \u0160autenes PCP Borner Puncher Nish S"},"content":{"rendered":"<p><img loading=\"lazy\" decoding=\"async\" class=\"alignnone size-full wp-image-100939\" src=\"https:\/\/kingarms.ee\/wp-content\/uploads\/2024\/04\/nish-.png\" alt=\"\" width=\"800\" height=\"800\" srcset=\"https:\/\/kingarms.ee\/wp-content\/uploads\/2024\/04\/nish-.png 800w, https:\/\/kingarms.ee\/wp-content\/uploads\/2024\/04\/nish--300x300.png 300w, https:\/\/kingarms.ee\/wp-content\/uploads\/2024\/04\/nish--150x150.png 150w, https:\/\/kingarms.ee\/wp-content\/uploads\/2024\/04\/nish--768x768.png 768w, https:\/\/kingarms.ee\/wp-content\/uploads\/2024\/04\/nish--500x500.png 500w\" sizes=\"auto, (max-width: 800px) 100vw, 800px\" \/><\/p>\n","protected":false},"excerpt":{"rendered":"<p>Borner PCP Puncher Nish gaisa pistole ar 4,5 mm kalibra pcp iero\u010diem ir augstas kvalit\u0101tes un apvieno augstas un meistar\u012bbas. Borner PCP Puncher Nish S ir jaud\u012bgs PCP gaisa pistole ar s\u0101nu sviru. Jaudu var noregul\u0113t ar piel\u0101go\u0161anas riteni s\u0101nos. Divk\u0101r\u0161s sint\u0113tiskais materi\u0101ls ir apr\u012bkots ar Picatinny kop\u0146u piederumiem. Uz pistoles varat atrast 11 mm autobusu, lai apstiprin\u0101tu autobusa un aud\u0113ja m\u0113r\u0137i. Svars 3,30 kg<br \/>\nKalibrs 0,177 (4,5 mm)<br \/>\nMeln\u0101 sint\u0113tisk\u0101 alga<br \/>\nMaksim\u0101lais izejas \u0101trums 1000 kadri sekund\u0113 un 325 m\/s<br \/>\nKop\u0113jais garums 84 cm<br \/>\n11 mm uz plaukta un aud\u0113ja<br \/>\nCaurules garums 53 cm<br \/>\nPapl\u0101tnes s\u0113jums 14. gab<br \/>\nPneimatika iepriek\u0161<\/p>\n","protected":false},"featured_media":135254,"template":"","meta":{"_acf_changed":false},"product_brand":[],"product_cat":[1008],"product_tag":[],"class_list":{"0":"post-136795","1":"product","2":"type-product","3":"status-publish","4":"has-post-thumbnail","6":"product_cat-pcp-hpa","8":"first","9":"instock","10":"taxable","11":"shipping-taxable","12":"purchasable","13":"product-type-simple"},"acf":[],"_links":{"self":[{"href":"https:\/\/kingarms.ee\/lv\/wp-json\/wp\/v2\/product\/136795","targetHints":{"allow":["GET"]}}],"collection":[{"href":"https:\/\/kingarms.ee\/lv\/wp-json\/wp\/v2\/product"}],"about":[{"href":"https:\/\/kingarms.ee\/lv\/wp-json\/wp\/v2\/types\/product"}],"wp:featuredmedia":[{"embeddable":true,"href":"https:\/\/kingarms.ee\/lv\/wp-json\/wp\/v2\/media\/135254"}],"wp:attachment":[{"href":"https:\/\/kingarms.ee\/lv\/wp-json\/wp\/v2\/media?parent=136795"}],"wp:term":[{"taxonomy":"product_brand","embeddable":true,"href":"https:\/\/kingarms.ee\/lv\/wp-json\/wp\/v2\/product_brand?post=136795"},{"taxonomy":"product_cat","embeddable":true,"href":"https:\/\/kingarms.ee\/lv\/wp-json\/wp\/v2\/product_cat?post=136795"},{"taxonomy":"product_tag","embeddable":true,"href":"https:\/\/kingarms.ee\/lv\/wp-json\/wp\/v2\/product_tag?post=136795"}],"curies":[{"name":"wp","href":"https:\/\/api.w.org\/{rel}","templated":true}]}}