{"id":136798,"date":"2024-02-24T13:52:23","date_gmt":"2024-11-05T12:06:29","guid":{"rendered":"https:\/\/kingarms.ee\/product\/izdzivosanas-svilpe-arkartas-situacija\/"},"modified":"2025-08-02T19:19:21","modified_gmt":"2025-08-02T16:19:21","slug":"haad-in-ventilacijas-gadijuma","status":"publish","type":"product","link":"https:\/\/kingarms.ee\/lv\/product\/haad-in-ventilacijas-gadijuma\/","title":{"rendered":"Izdz\u012bvo\u0161anas svilpe \u0101rk\u0101rtas situ\u0101cij\u0101"},"content":{"rendered":"<p><img loading=\"lazy\" decoding=\"async\" class=\"alignnone size-full wp-image-98095\" src=\"https:\/\/kingarms.ee\/wp-content\/uploads\/2024\/02\/86fb04c7-8668-4df6-9456-f890b53722cf_1959x1959-ezgif.com-webp-to-png-converter.png\" alt=\"\" width=\"800\" height=\"800\" srcset=\"https:\/\/kingarms.ee\/wp-content\/uploads\/2024\/02\/86fb04c7-8668-4df6-9456-f890b53722cf_1959x1959-ezgif.com-webp-to-png-converter.png 800w, https:\/\/kingarms.ee\/wp-content\/uploads\/2024\/02\/86fb04c7-8668-4df6-9456-f890b53722cf_1959x1959-ezgif.com-webp-to-png-converter-300x300.png 300w, https:\/\/kingarms.ee\/wp-content\/uploads\/2024\/02\/86fb04c7-8668-4df6-9456-f890b53722cf_1959x1959-ezgif.com-webp-to-png-converter-150x150.png 150w, https:\/\/kingarms.ee\/wp-content\/uploads\/2024\/02\/86fb04c7-8668-4df6-9456-f890b53722cf_1959x1959-ezgif.com-webp-to-png-converter-768x768.png 768w, https:\/\/kingarms.ee\/wp-content\/uploads\/2024\/02\/86fb04c7-8668-4df6-9456-f890b53722cf_1959x1959-ezgif.com-webp-to-png-converter-500x500.png 500w\" sizes=\"auto, (max-width: 800px) 100vw, 800px\" \/><\/p>\n","protected":false},"excerpt":{"rendered":"<p>7-in-viens \u0101rk\u0101rtas izdz\u012bvo\u0161anas svilpe: daudzfunkcion\u0101lu lauka r\u012bks kajakam, laivai, p\u0101rg\u0101jieniem, kempingam, k\u0101p\u0161anai, med\u012bb\u0101m, mak\u0161\u0137er\u0113\u0161anai un gl\u0101b\u0161anas darbam.<\/p>\n","protected":false},"featured_media":134800,"template":"","meta":{"_acf_changed":false},"product_brand":[],"product_cat":[1119],"product_tag":[],"class_list":{"0":"post-136798","1":"product","2":"type-product","3":"status-publish","4":"has-post-thumbnail","6":"product_cat-celojumu-preces","8":"first","9":"instock","10":"taxable","11":"shipping-taxable","12":"purchasable","13":"product-type-simple"},"acf":[],"_links":{"self":[{"href":"https:\/\/kingarms.ee\/lv\/wp-json\/wp\/v2\/product\/136798","targetHints":{"allow":["GET"]}}],"collection":[{"href":"https:\/\/kingarms.ee\/lv\/wp-json\/wp\/v2\/product"}],"about":[{"href":"https:\/\/kingarms.ee\/lv\/wp-json\/wp\/v2\/types\/product"}],"wp:featuredmedia":[{"embeddable":true,"href":"https:\/\/kingarms.ee\/lv\/wp-json\/wp\/v2\/media\/134800"}],"wp:attachment":[{"href":"https:\/\/kingarms.ee\/lv\/wp-json\/wp\/v2\/media?parent=136798"}],"wp:term":[{"taxonomy":"product_brand","embeddable":true,"href":"https:\/\/kingarms.ee\/lv\/wp-json\/wp\/v2\/product_brand?post=136798"},{"taxonomy":"product_cat","embeddable":true,"href":"https:\/\/kingarms.ee\/lv\/wp-json\/wp\/v2\/product_cat?post=136798"},{"taxonomy":"product_tag","embeddable":true,"href":"https:\/\/kingarms.ee\/lv\/wp-json\/wp\/v2\/product_tag?post=136798"}],"curies":[{"name":"wp","href":"https:\/\/api.w.org\/{rel}","templated":true}]}}