{"id":136806,"date":"2024-04-04T15:40:15","date_gmt":"2024-11-05T12:18:25","guid":{"rendered":"https:\/\/kingarms.ee\/product\/gaisa-sautenes-pcp-dusatata-perforatori-niche-s-sukkn\/"},"modified":"2025-08-02T18:38:43","modified_gmt":"2025-08-02T15:38:43","slug":"draudu-pcp-borner-puncher-sish-s-sump","status":"publish","type":"product","link":"https:\/\/kingarms.ee\/lv\/product\/draudu-pcp-borner-puncher-sish-s-sump\/","title":{"rendered":"Gaisa \u0160autenes PCP Du\u0161\u0101t\u0101ta perforatori Niche S + S\u016bkkn"},"content":{"rendered":"<p><img loading=\"lazy\" decoding=\"async\" class=\"alignnone size-full wp-image-100947\" src=\"https:\/\/kingarms.ee\/wp-content\/uploads\/2024\/04\/BornerPCPPuncherNishSpcppumppu_3950001289072_ca37d5431a05690a8a97d35f59a3ae07_1.jpg\" alt=\"\" width=\"1080\" height=\"1080\" srcset=\"https:\/\/kingarms.ee\/wp-content\/uploads\/2024\/04\/BornerPCPPuncherNishSpcppumppu_3950001289072_ca37d5431a05690a8a97d35f59a3ae07_1.jpg 1080w, https:\/\/kingarms.ee\/wp-content\/uploads\/2024\/04\/BornerPCPPuncherNishSpcppumppu_3950001289072_ca37d5431a05690a8a97d35f59a3ae07_1-300x300.jpg 300w, https:\/\/kingarms.ee\/wp-content\/uploads\/2024\/04\/BornerPCPPuncherNishSpcppumppu_3950001289072_ca37d5431a05690a8a97d35f59a3ae07_1-1024x1024.jpg 1024w, https:\/\/kingarms.ee\/wp-content\/uploads\/2024\/04\/BornerPCPPuncherNishSpcppumppu_3950001289072_ca37d5431a05690a8a97d35f59a3ae07_1-150x150.jpg 150w, https:\/\/kingarms.ee\/wp-content\/uploads\/2024\/04\/BornerPCPPuncherNishSpcppumppu_3950001289072_ca37d5431a05690a8a97d35f59a3ae07_1-768x768.jpg 768w, https:\/\/kingarms.ee\/wp-content\/uploads\/2024\/04\/BornerPCPPuncherNishSpcppumppu_3950001289072_ca37d5431a05690a8a97d35f59a3ae07_1-500x500.jpg 500w\" sizes=\"auto, (max-width: 1080px) 100vw, 1080px\" \/><\/p>\n","protected":false},"excerpt":{"rendered":"<p>Air PCP Borner Puncher Nish S + S\u016bkn\u0113t\u0101ja PCP Puncher Nish S Air \u0161autene ar 4,5 mm kalibru ar PCP s\u016bk\u0146a pCP iero\u010diem ir augstas kvalit\u0101tes un apvieno augstas un meistar\u012bbas. Borner PCP Puncher Nish S ir jaud\u012bgs PCP gaisa pistole ar s\u0101nu sviru. Jaudu var noregul\u0113t ar piel\u0101go\u0161anas riteni s\u0101nos. Divk\u0101r\u0161s sint\u0113tiskais materi\u0101ls ir apr\u012bkots ar Picatinny kop\u0146u piederumiem. Uz pistoles varat atrast 11 mm autobusu, lai apstiprin\u0101tu autobusa un aud\u0113ja m\u0113r\u0137i. Svars 3,30 kg<br \/>\nKalibrs 0,177 (4,5 mm)<br \/>\nMeln\u0101 sint\u0113tisk\u0101 alga<br \/>\nMaksim\u0101lais izejas \u0101trums 1000 kadri sekund\u0113 un 305 m\/s<br \/>\nKop\u0113jais garums 84 cm<br \/>\n11 mm uz plaukta un aud\u0113ja<br \/>\nCaurules garums 53 cm<br \/>\nPapl\u0101tnes s\u0113jums 14. gab<br \/>\nPneimatika iepriek\u0161<\/p>\n","protected":false},"featured_media":135256,"template":"","meta":{"_acf_changed":false},"product_brand":[],"product_cat":[1008],"product_tag":[],"class_list":{"0":"post-136806","1":"product","2":"type-product","3":"status-publish","4":"has-post-thumbnail","6":"product_cat-pcp-hpa","8":"first","9":"instock","10":"taxable","11":"shipping-taxable","12":"purchasable","13":"product-type-simple"},"acf":[],"_links":{"self":[{"href":"https:\/\/kingarms.ee\/lv\/wp-json\/wp\/v2\/product\/136806","targetHints":{"allow":["GET"]}}],"collection":[{"href":"https:\/\/kingarms.ee\/lv\/wp-json\/wp\/v2\/product"}],"about":[{"href":"https:\/\/kingarms.ee\/lv\/wp-json\/wp\/v2\/types\/product"}],"wp:featuredmedia":[{"embeddable":true,"href":"https:\/\/kingarms.ee\/lv\/wp-json\/wp\/v2\/media\/135256"}],"wp:attachment":[{"href":"https:\/\/kingarms.ee\/lv\/wp-json\/wp\/v2\/media?parent=136806"}],"wp:term":[{"taxonomy":"product_brand","embeddable":true,"href":"https:\/\/kingarms.ee\/lv\/wp-json\/wp\/v2\/product_brand?post=136806"},{"taxonomy":"product_cat","embeddable":true,"href":"https:\/\/kingarms.ee\/lv\/wp-json\/wp\/v2\/product_cat?post=136806"},{"taxonomy":"product_tag","embeddable":true,"href":"https:\/\/kingarms.ee\/lv\/wp-json\/wp\/v2\/product_tag?post=136806"}],"curies":[{"name":"wp","href":"https:\/\/api.w.org\/{rel}","templated":true}]}}