{"id":136809,"date":"2024-03-19T19:22:54","date_gmt":"2024-11-05T12:25:46","guid":{"rendered":"https:\/\/kingarms.ee\/product\/azglabat-lang-aluminija-lieevvardu-14-1-pc-melns\/"},"modified":"2025-08-02T18:42:05","modified_gmt":"2025-08-02T15:42:05","slug":"veikalu-langs-aluminija-lietojums-14-1-tk-melns","status":"publish","type":"product","link":"https:\/\/kingarms.ee\/lv\/product\/veikalu-langs-aluminija-lietojums-14-1-tk-melns\/","title":{"rendered":"Azglab\u0101t lang alum\u012bnija lieevv\u0101rdu 14 1 pc melns"},"content":{"rendered":"<p><img loading=\"lazy\" decoding=\"async\" class=\"alignnone size-full wp-image-100783\" src=\"https:\/\/kingarms.ee\/wp-content\/uploads\/2024\/03\/Belt-Poe-Lang-aluminiowy-14-5-szt-czarny.webp\" alt=\"\" width=\"512\" height=\"512\" srcset=\"https:\/\/kingarms.ee\/wp-content\/uploads\/2024\/03\/Belt-Poe-Lang-aluminiowy-14-5-szt-czarny.webp 512w, https:\/\/kingarms.ee\/wp-content\/uploads\/2024\/03\/Belt-Poe-Lang-aluminiowy-14-5-szt-czarny-300x300.webp 300w, https:\/\/kingarms.ee\/wp-content\/uploads\/2024\/03\/Belt-Poe-Lang-aluminiowy-14-5-szt-czarny-150x150.webp 150w, https:\/\/kingarms.ee\/wp-content\/uploads\/2024\/03\/Belt-Poe-Lang-aluminiowy-14-5-szt-czarny-500x500.webp 500w\" sizes=\"auto, (max-width: 512px) 100vw, 512px\" \/><\/p>\n","protected":false},"excerpt":{"rendered":"<p>Uzglab\u0101t lang alum\u012bnija lietv\u0101rdu 14 1 PC melns<\/p>\n<p>076-311 modelis<br \/>\nRa\u017eot\u0101js (Store Lang Enterprise Co Ltd., Taiv\u0101na)<br \/>\nGabalu skaits 1 PC.<br \/>\nGarums 35,56 &#8221;<br \/>\nMateri\u0101ls alum\u012bnijs<br \/>\nRa\u017eot\u0101ja kods D-011-BM-B21<\/p>\n","protected":false},"featured_media":135194,"template":"","meta":{"_acf_changed":false},"product_brand":[],"product_cat":[1016],"product_tag":[],"class_list":{"0":"post-136809","1":"product","2":"type-product","3":"status-publish","4":"has-post-thumbnail","6":"product_cat-bultas-bultas-dalas","8":"first","9":"instock","10":"taxable","11":"shipping-taxable","12":"purchasable","13":"product-type-simple"},"acf":[],"_links":{"self":[{"href":"https:\/\/kingarms.ee\/lv\/wp-json\/wp\/v2\/product\/136809","targetHints":{"allow":["GET"]}}],"collection":[{"href":"https:\/\/kingarms.ee\/lv\/wp-json\/wp\/v2\/product"}],"about":[{"href":"https:\/\/kingarms.ee\/lv\/wp-json\/wp\/v2\/types\/product"}],"wp:featuredmedia":[{"embeddable":true,"href":"https:\/\/kingarms.ee\/lv\/wp-json\/wp\/v2\/media\/135194"}],"wp:attachment":[{"href":"https:\/\/kingarms.ee\/lv\/wp-json\/wp\/v2\/media?parent=136809"}],"wp:term":[{"taxonomy":"product_brand","embeddable":true,"href":"https:\/\/kingarms.ee\/lv\/wp-json\/wp\/v2\/product_brand?post=136809"},{"taxonomy":"product_cat","embeddable":true,"href":"https:\/\/kingarms.ee\/lv\/wp-json\/wp\/v2\/product_cat?post=136809"},{"taxonomy":"product_tag","embeddable":true,"href":"https:\/\/kingarms.ee\/lv\/wp-json\/wp\/v2\/product_tag?post=136809"}],"curies":[{"name":"wp","href":"https:\/\/api.w.org\/{rel}","templated":true}]}}