{"id":136813,"date":"2024-09-07T13:31:13","date_gmt":"2024-09-07T10:31:13","guid":{"rendered":"https:\/\/kingarms.ee\/product\/sakot-lielgalu-ekol-lady-9mm-p-a-k\/"},"modified":"2025-08-02T18:09:53","modified_gmt":"2025-08-02T15:09:53","slug":"saciet-pustol-ekol-lady-9mm-p-a-k","status":"publish","type":"product","link":"https:\/\/kingarms.ee\/lv\/product\/saciet-pustol-ekol-lady-9mm-p-a-k\/","title":{"rendered":"SAKOT LIELGALU EKOL LADY 9MM P.A.K"},"content":{"rendered":"","protected":false},"excerpt":{"rendered":"<h1 class=\"product_title wd-entities-title\">SAKOT LIELGALU EKOL LADY 9MM P.A.K<\/h1>\n<p>&nbsp;<\/p>\n<p>Startera pistoles Ekolas kundzes korpuss ir izgatavots no met\u0101la. Kalibrs: 9 mm<br \/>\nKop\u0113jais pistoles garums: 162 mm<br \/>\nPlatums: 32 mm<br \/>\nAugstums: 117 mm<br \/>\nTuk\u0161a pistoles svars: 572 g<br \/>\nPapl\u0101tes s\u0113jums: 6+1<br \/>\nTips: Starta lielgabals (aug\u0161\u0113j\u0101 uguns) no aug\u0161as sp\u0113j rad\u012bt tikai ska\u0146as k\u0101rtrid\u017ea ska\u0146u. Pistoles caurule ir cie\u0161i aizv\u0113rta, un vintrauas ir caurums trosel\u0113, lai no\u0146emtu izpl\u016bdes g\u0101zi. Ra\u0137etes nevar atlaist ar \u0161o pistoli.<\/p>\n","protected":false},"featured_media":152651,"template":"","meta":{"_acf_changed":false},"product_brand":[],"product_cat":[1010],"product_tag":[],"class_list":{"0":"post-136813","1":"product","2":"type-product","3":"status-publish","4":"has-post-thumbnail","6":"product_cat-starta-pistoles","8":"first","9":"instock","10":"taxable","11":"shipping-taxable","12":"purchasable","13":"product-type-simple"},"acf":[],"_links":{"self":[{"href":"https:\/\/kingarms.ee\/lv\/wp-json\/wp\/v2\/product\/136813","targetHints":{"allow":["GET"]}}],"collection":[{"href":"https:\/\/kingarms.ee\/lv\/wp-json\/wp\/v2\/product"}],"about":[{"href":"https:\/\/kingarms.ee\/lv\/wp-json\/wp\/v2\/types\/product"}],"wp:featuredmedia":[{"embeddable":true,"href":"https:\/\/kingarms.ee\/lv\/wp-json\/wp\/v2\/media\/152651"}],"wp:attachment":[{"href":"https:\/\/kingarms.ee\/lv\/wp-json\/wp\/v2\/media?parent=136813"}],"wp:term":[{"taxonomy":"product_brand","embeddable":true,"href":"https:\/\/kingarms.ee\/lv\/wp-json\/wp\/v2\/product_brand?post=136813"},{"taxonomy":"product_cat","embeddable":true,"href":"https:\/\/kingarms.ee\/lv\/wp-json\/wp\/v2\/product_cat?post=136813"},{"taxonomy":"product_tag","embeddable":true,"href":"https:\/\/kingarms.ee\/lv\/wp-json\/wp\/v2\/product_tag?post=136813"}],"curies":[{"name":"wp","href":"https:\/\/api.w.org\/{rel}","templated":true}]}}