{"id":136820,"date":"2024-07-30T14:43:08","date_gmt":"2024-11-05T13:03:22","guid":{"rendered":"https:\/\/kingarms.ee\/product\/taktiska-soma-zaoula-js-taktika\/"},"modified":"2025-08-02T18:14:51","modified_gmt":"2025-08-02T15:14:51","slug":"taktiska-maisa-zala-js-taktiska","status":"publish","type":"product","link":"https:\/\/kingarms.ee\/lv\/product\/taktiska-maisa-zala-js-taktiska\/","title":{"rendered":"Taktisk\u0101 soma zaoula js taktika"},"content":{"rendered":"<p><img loading=\"lazy\" decoding=\"async\" class=\"alignnone size-full wp-image-102172\" src=\"https:\/\/kingarms.ee\/wp-content\/uploads\/2024\/07\/js-tactical-tactical-duffle-bag-olive-drab-js-1613v.jpg\" alt=\"\" width=\"1000\" height=\"1000\" srcset=\"https:\/\/kingarms.ee\/wp-content\/uploads\/2024\/07\/js-tactical-tactical-duffle-bag-olive-drab-js-1613v.jpg 1000w, https:\/\/kingarms.ee\/wp-content\/uploads\/2024\/07\/js-tactical-tactical-duffle-bag-olive-drab-js-1613v-300x300.jpg 300w, https:\/\/kingarms.ee\/wp-content\/uploads\/2024\/07\/js-tactical-tactical-duffle-bag-olive-drab-js-1613v-150x150.jpg 150w, https:\/\/kingarms.ee\/wp-content\/uploads\/2024\/07\/js-tactical-tactical-duffle-bag-olive-drab-js-1613v-768x768.jpg 768w, https:\/\/kingarms.ee\/wp-content\/uploads\/2024\/07\/js-tactical-tactical-duffle-bag-olive-drab-js-1613v-500x500.jpg 500w\" sizes=\"auto, (max-width: 1000px) 100vw, 1000px\" \/><\/p>\n","protected":false},"excerpt":{"rendered":"<p>Taktisk\u0101 soma za\u013c\u0101 js taktisk\u0101<\/p>\n<p>Augstas kvalit\u0101tes taktisk\u0101 soma no ra\u017eot\u0101ja JS taktisk\u0101<br \/>\nVar p\u0101rvad\u0101t un izmantot k\u0101 mugursomu.<br \/>\n65 litru ietilp\u012bba<br \/>\nR\u0101v\u0113jsl\u0113dz\u0113js<br \/>\nS\u0101nu kabatas<br \/>\nVelcro panelis vien\u0101 pus\u0113, kur var novietot Igaunijas karoga embl\u0113mu<br \/>\nIzm\u0113ri 600 mm x 420 mm x 270mm<br \/>\nSvars 920g<br \/>\nKr\u0101sa: za\u013ca<\/p>\n","protected":false},"featured_media":135775,"template":"","meta":{"_acf_changed":false},"product_brand":[],"product_cat":[1088,1101],"product_tag":[],"class_list":{"0":"post-136820","1":"product","2":"type-product","3":"status-publish","4":"has-post-thumbnail","6":"product_cat-gadijumi-un-somas","7":"product_cat-mugursomas","9":"first","10":"instock","11":"sale","12":"taxable","13":"shipping-taxable","14":"purchasable","15":"product-type-simple"},"acf":[],"_links":{"self":[{"href":"https:\/\/kingarms.ee\/lv\/wp-json\/wp\/v2\/product\/136820","targetHints":{"allow":["GET"]}}],"collection":[{"href":"https:\/\/kingarms.ee\/lv\/wp-json\/wp\/v2\/product"}],"about":[{"href":"https:\/\/kingarms.ee\/lv\/wp-json\/wp\/v2\/types\/product"}],"wp:featuredmedia":[{"embeddable":true,"href":"https:\/\/kingarms.ee\/lv\/wp-json\/wp\/v2\/media\/135775"}],"wp:attachment":[{"href":"https:\/\/kingarms.ee\/lv\/wp-json\/wp\/v2\/media?parent=136820"}],"wp:term":[{"taxonomy":"product_brand","embeddable":true,"href":"https:\/\/kingarms.ee\/lv\/wp-json\/wp\/v2\/product_brand?post=136820"},{"taxonomy":"product_cat","embeddable":true,"href":"https:\/\/kingarms.ee\/lv\/wp-json\/wp\/v2\/product_cat?post=136820"},{"taxonomy":"product_tag","embeddable":true,"href":"https:\/\/kingarms.ee\/lv\/wp-json\/wp\/v2\/product_tag?post=136820"}],"curies":[{"name":"wp","href":"https:\/\/api.w.org\/{rel}","templated":true}]}}