{"id":136825,"date":"2024-07-19T19:12:40","date_gmt":"2024-11-05T13:13:49","guid":{"rendered":"https:\/\/kingarms.ee\/product\/gaisa-sautene-pcp-kuzey-k900\/"},"modified":"2025-08-02T18:17:33","modified_gmt":"2025-08-02T15:17:33","slug":"draudi-pcp-kuzey-k900","status":"publish","type":"product","link":"https:\/\/kingarms.ee\/lv\/product\/draudi-pcp-kuzey-k900\/","title":{"rendered":"Gaisa \u0160autene PCP Kuzey K900"},"content":{"rendered":"<p><img loading=\"lazy\" decoding=\"async\" class=\"alignnone size-full wp-image-102078\" src=\"https:\/\/kingarms.ee\/wp-content\/uploads\/2024\/07\/eng_pl_Kuzey-K900-Tact-177-4-5mm-PCP-Air-Rifle-with-Sound-Moderator-121167_1.webp\" alt=\"\" width=\"1200\" height=\"1200\" srcset=\"https:\/\/kingarms.ee\/wp-content\/uploads\/2024\/07\/eng_pl_Kuzey-K900-Tact-177-4-5mm-PCP-Air-Rifle-with-Sound-Moderator-121167_1.webp 1200w, https:\/\/kingarms.ee\/wp-content\/uploads\/2024\/07\/eng_pl_Kuzey-K900-Tact-177-4-5mm-PCP-Air-Rifle-with-Sound-Moderator-121167_1-300x300.webp 300w, https:\/\/kingarms.ee\/wp-content\/uploads\/2024\/07\/eng_pl_Kuzey-K900-Tact-177-4-5mm-PCP-Air-Rifle-with-Sound-Moderator-121167_1-1024x1024.webp 1024w, https:\/\/kingarms.ee\/wp-content\/uploads\/2024\/07\/eng_pl_Kuzey-K900-Tact-177-4-5mm-PCP-Air-Rifle-with-Sound-Moderator-121167_1-150x150.webp 150w, https:\/\/kingarms.ee\/wp-content\/uploads\/2024\/07\/eng_pl_Kuzey-K900-Tact-177-4-5mm-PCP-Air-Rifle-with-Sound-Moderator-121167_1-768x768.webp 768w, https:\/\/kingarms.ee\/wp-content\/uploads\/2024\/07\/eng_pl_Kuzey-K900-Tact-177-4-5mm-PCP-Air-Rifle-with-Sound-Moderator-121167_1-500x500.webp 500w\" sizes=\"auto, (max-width: 1200px) 100vw, 1200px\" \/><\/p>\n","protected":false},"excerpt":{"rendered":"<p>Kuzey ir pavisam jauna PCP gaisa \u0161autene Turcij\u0101. \u0160is modelis dod jums lielu daudzumu \u0161au\u0161anas ar vienu pild\u012bjumu. Saliekamais skapis un AR15 pistoles rokturis pie\u0161\u0137ir \u0161ai \u0161autenei taktisku izskatu. Conente Energy var piel\u0101got no 10 J l\u012bdz 40 J. Pamatpunkti \u2022 Taktiskais dizains<br \/>\n\u2022 Viens piepild\u012bts l\u012bdz 300 \u0161\u0101vieniem<br \/>\n\u2022 Divas papl\u0101tes<br \/>\n\u2022 rezerves gaisa balons<br \/>\n\u2022 Bipod<br \/>\nMM Dzelzs veikali: nav uzst\u0101d\u012b\u0161anas stacijas<\/p>\n","protected":false},"featured_media":135738,"template":"","meta":{"_acf_changed":false},"product_brand":[],"product_cat":[1008],"product_tag":[],"class_list":{"0":"post-136825","1":"product","2":"type-product","3":"status-publish","4":"has-post-thumbnail","6":"product_cat-pcp-hpa","8":"first","9":"instock","10":"taxable","11":"shipping-taxable","12":"purchasable","13":"product-type-simple"},"acf":[],"_links":{"self":[{"href":"https:\/\/kingarms.ee\/lv\/wp-json\/wp\/v2\/product\/136825","targetHints":{"allow":["GET"]}}],"collection":[{"href":"https:\/\/kingarms.ee\/lv\/wp-json\/wp\/v2\/product"}],"about":[{"href":"https:\/\/kingarms.ee\/lv\/wp-json\/wp\/v2\/types\/product"}],"wp:featuredmedia":[{"embeddable":true,"href":"https:\/\/kingarms.ee\/lv\/wp-json\/wp\/v2\/media\/135738"}],"wp:attachment":[{"href":"https:\/\/kingarms.ee\/lv\/wp-json\/wp\/v2\/media?parent=136825"}],"wp:term":[{"taxonomy":"product_brand","embeddable":true,"href":"https:\/\/kingarms.ee\/lv\/wp-json\/wp\/v2\/product_brand?post=136825"},{"taxonomy":"product_cat","embeddable":true,"href":"https:\/\/kingarms.ee\/lv\/wp-json\/wp\/v2\/product_cat?post=136825"},{"taxonomy":"product_tag","embeddable":true,"href":"https:\/\/kingarms.ee\/lv\/wp-json\/wp\/v2\/product_tag?post=136825"}],"curies":[{"name":"wp","href":"https:\/\/api.w.org\/{rel}","templated":true}]}}