{"id":136830,"date":"2024-05-09T14:43:47","date_gmt":"2024-11-05T14:23:12","guid":{"rendered":"https:\/\/kingarms.ee\/product\/gaisa-pistoles-optima-koeficiet-45-mm-pcp-265j\/"},"modified":"2025-08-02T18:32:50","modified_gmt":"2025-08-02T15:32:50","slug":"ohklold-optima-factor-4-5mm-pcp-26-5j","status":"publish","type":"product","link":"https:\/\/kingarms.ee\/lv\/product\/ohklold-optima-factor-4-5mm-pcp-26-5j\/","title":{"rendered":"Gaisa pistoles Optima Koeficiet 4,5 mm PCP (26,5J)"},"content":{"rendered":"<p><img loading=\"lazy\" decoding=\"async\" class=\"alignnone size-full wp-image-101192\" src=\"https:\/\/kingarms.ee\/wp-content\/uploads\/2024\/05\/optima-factor-4-5mm-pcp-airgun-a368f7144cb640509f009c3dec54a92d-3473d09d.jpeg\" alt=\"\" width=\"900\" height=\"900\" srcset=\"https:\/\/kingarms.ee\/wp-content\/uploads\/2024\/05\/optima-factor-4-5mm-pcp-airgun-a368f7144cb640509f009c3dec54a92d-3473d09d.jpeg 900w, https:\/\/kingarms.ee\/wp-content\/uploads\/2024\/05\/optima-factor-4-5mm-pcp-airgun-a368f7144cb640509f009c3dec54a92d-3473d09d-300x300.jpeg 300w, https:\/\/kingarms.ee\/wp-content\/uploads\/2024\/05\/optima-factor-4-5mm-pcp-airgun-a368f7144cb640509f009c3dec54a92d-3473d09d-150x150.jpeg 150w, https:\/\/kingarms.ee\/wp-content\/uploads\/2024\/05\/optima-factor-4-5mm-pcp-airgun-a368f7144cb640509f009c3dec54a92d-3473d09d-768x768.jpeg 768w, https:\/\/kingarms.ee\/wp-content\/uploads\/2024\/05\/optima-factor-4-5mm-pcp-airgun-a368f7144cb640509f009c3dec54a92d-3473d09d-500x500.jpeg 500w\" sizes=\"auto, (max-width: 900px) 100vw, 900px\" \/><\/p>\n","protected":false},"excerpt":{"rendered":"<p>Gaisa Ero\u010da Optima izredzes 4,5 mm PCP (26,5J) Specifik\u0101CIja: Papapillu Funkija Regulaizamas apm\u0101cie<\/p>\n<p>[mm] 4,5 mm Zieda J\u0101 papl\u0101tes tilpums<\/p>\n<p>[tk] 24 Optilise sihiku paigaldus v\u00f5imalus Statiiv x1 Laskekiirus<\/p>\n<p>[m\/s] 250 Kinnitussiinide arv 3 Pelleti t\u00fc\u00fcpi diabolo Siini t\u00fc\u00fcp 22 mm (pikatinny), 11 mm (tuvisaba) Varuviimistlusega pol\u00fcmeer Ohutust\u00fc\u00fcpi k\u00e4sitsi kaitsme Laskude arv 105 Toiteallikas PCP V\u00e4rv must Toru pikkus<\/p>\n<p>[mm] 585 Kogupikkus<br \/>\n[mm] 1025-1090 Kaal [g] 3600 Tootja Optima by Hatsan, T\u00fcrgi<\/p>\n","protected":false},"featured_media":135331,"template":"","meta":{"_acf_changed":false},"product_brand":[],"product_cat":[1008],"product_tag":[],"class_list":{"0":"post-136830","1":"product","2":"type-product","3":"status-publish","4":"has-post-thumbnail","6":"product_cat-pcp-hpa","8":"first","9":"instock","10":"taxable","11":"shipping-taxable","12":"purchasable","13":"product-type-simple"},"acf":[],"_links":{"self":[{"href":"https:\/\/kingarms.ee\/lv\/wp-json\/wp\/v2\/product\/136830","targetHints":{"allow":["GET"]}}],"collection":[{"href":"https:\/\/kingarms.ee\/lv\/wp-json\/wp\/v2\/product"}],"about":[{"href":"https:\/\/kingarms.ee\/lv\/wp-json\/wp\/v2\/types\/product"}],"wp:featuredmedia":[{"embeddable":true,"href":"https:\/\/kingarms.ee\/lv\/wp-json\/wp\/v2\/media\/135331"}],"wp:attachment":[{"href":"https:\/\/kingarms.ee\/lv\/wp-json\/wp\/v2\/media?parent=136830"}],"wp:term":[{"taxonomy":"product_brand","embeddable":true,"href":"https:\/\/kingarms.ee\/lv\/wp-json\/wp\/v2\/product_brand?post=136830"},{"taxonomy":"product_cat","embeddable":true,"href":"https:\/\/kingarms.ee\/lv\/wp-json\/wp\/v2\/product_cat?post=136830"},{"taxonomy":"product_tag","embeddable":true,"href":"https:\/\/kingarms.ee\/lv\/wp-json\/wp\/v2\/product_tag?post=136830"}],"curies":[{"name":"wp","href":"https:\/\/api.w.org\/{rel}","templated":true}]}}