{"id":136833,"date":"2024-02-21T11:35:52","date_gmt":"2024-11-05T14:27:36","guid":{"rendered":"https:\/\/kingarms.ee\/product\/rokas-wasch-shine-comet-sarkana\/"},"modified":"2025-08-02T19:24:39","modified_gmt":"2025-08-02T16:24:39","slug":"kasitorvik-saratul-comet-red","status":"publish","type":"product","link":"https:\/\/kingarms.ee\/lv\/product\/kasitorvik-saratul-comet-red\/","title":{"rendered":"Rokas -wasch\/shine comet sarkana"},"content":{"rendered":"<p><img loading=\"lazy\" decoding=\"async\" class=\"alignnone size-full wp-image-97669\" src=\"https:\/\/kingarms.ee\/wp-content\/uploads\/2024\/02\/Comet-handflare@480w.jpg\" alt=\"\" width=\"480\" height=\"480\" srcset=\"https:\/\/kingarms.ee\/wp-content\/uploads\/2024\/02\/Comet-handflare@480w.jpg 480w, https:\/\/kingarms.ee\/wp-content\/uploads\/2024\/02\/Comet-handflare@480w-300x300.jpg 300w, https:\/\/kingarms.ee\/wp-content\/uploads\/2024\/02\/Comet-handflare@480w-150x150.jpg 150w\" sizes=\"auto, (max-width: 480px) 100vw, 480px\" \/><\/p>\n","protected":false},"excerpt":{"rendered":"<p>Rokas un gaismas kom\u0113ta sarkan\u0101 kr\u0101s\u0101 pal\u012bdz jums, ja jums ir nepatik\u0161anas me\u017e\u0101 un j\u016br\u0101, ar rok\u0101m vad\u012btais apvalks ir izgatavots no korozijas iztur\u012bga materi\u0101la, un tam ir skaidras un vieglas instrukcijas. L\u0101pas ir \u016bdensnecaurlaid\u012bgas, un t\u0101s var tur\u0113t zem \u016bdens gatav\u0101 -to -be \u0161\u0101vien\u0101. Atbilst Solas pras\u012bb\u0101m.<\/p>\n","protected":false},"featured_media":134722,"template":"","meta":{"_acf_changed":false},"product_brand":[],"product_cat":[1119,1130,1051],"product_tag":[],"class_list":{"0":"post-136833","1":"product","2":"type-product","3":"status-publish","4":"has-post-thumbnail","6":"product_cat-celojumu-preces","7":"product_cat-cits-lv","8":"product_cat-frist-palidziba","10":"first","11":"onbackorder","12":"taxable","13":"shipping-taxable","14":"product-type-simple"},"acf":[],"_links":{"self":[{"href":"https:\/\/kingarms.ee\/lv\/wp-json\/wp\/v2\/product\/136833","targetHints":{"allow":["GET"]}}],"collection":[{"href":"https:\/\/kingarms.ee\/lv\/wp-json\/wp\/v2\/product"}],"about":[{"href":"https:\/\/kingarms.ee\/lv\/wp-json\/wp\/v2\/types\/product"}],"wp:featuredmedia":[{"embeddable":true,"href":"https:\/\/kingarms.ee\/lv\/wp-json\/wp\/v2\/media\/134722"}],"wp:attachment":[{"href":"https:\/\/kingarms.ee\/lv\/wp-json\/wp\/v2\/media?parent=136833"}],"wp:term":[{"taxonomy":"product_brand","embeddable":true,"href":"https:\/\/kingarms.ee\/lv\/wp-json\/wp\/v2\/product_brand?post=136833"},{"taxonomy":"product_cat","embeddable":true,"href":"https:\/\/kingarms.ee\/lv\/wp-json\/wp\/v2\/product_cat?post=136833"},{"taxonomy":"product_tag","embeddable":true,"href":"https:\/\/kingarms.ee\/lv\/wp-json\/wp\/v2\/product_tag?post=136833"}],"curies":[{"name":"wp","href":"https:\/\/api.w.org\/{rel}","templated":true}]}}