{"id":136842,"date":"2024-02-19T14:33:15","date_gmt":"2024-11-05T14:34:51","guid":{"rendered":"https:\/\/kingarms.ee\/product\/udens-pudele-650-ml-aktiva-zala-krasa-alpinus\/"},"modified":"2025-08-02T19:28:48","modified_gmt":"2025-08-02T16:28:48","slug":"udens-pudele-650-ml-aktiva-zala-alpinus","status":"publish","type":"product","link":"https:\/\/kingarms.ee\/lv\/product\/udens-pudele-650-ml-aktiva-zala-alpinus\/","title":{"rendered":"\u016adens pudele 650 ml akt\u012bv\u0101 za\u013c\u0101 kr\u0101s\u0101 (Alpinus)"},"content":{"rendered":"<p><img loading=\"lazy\" decoding=\"async\" class=\"alignnone size-full wp-image-97504\" src=\"https:\/\/kingarms.ee\/wp-content\/uploads\/2024\/02\/butelka-trytanowa-alpinus-trysil-650-ml-active-zielona-6648baabcc9a4d9b9f5665d9d47127a2-841a90a4.jpeg\" alt=\"\" width=\"900\" height=\"900\" srcset=\"https:\/\/kingarms.ee\/wp-content\/uploads\/2024\/02\/butelka-trytanowa-alpinus-trysil-650-ml-active-zielona-6648baabcc9a4d9b9f5665d9d47127a2-841a90a4.jpeg 900w, https:\/\/kingarms.ee\/wp-content\/uploads\/2024\/02\/butelka-trytanowa-alpinus-trysil-650-ml-active-zielona-6648baabcc9a4d9b9f5665d9d47127a2-841a90a4-300x300.jpeg 300w, https:\/\/kingarms.ee\/wp-content\/uploads\/2024\/02\/butelka-trytanowa-alpinus-trysil-650-ml-active-zielona-6648baabcc9a4d9b9f5665d9d47127a2-841a90a4-150x150.jpeg 150w, https:\/\/kingarms.ee\/wp-content\/uploads\/2024\/02\/butelka-trytanowa-alpinus-trysil-650-ml-active-zielona-6648baabcc9a4d9b9f5665d9d47127a2-841a90a4-768x768.jpeg 768w, https:\/\/kingarms.ee\/wp-content\/uploads\/2024\/02\/butelka-trytanowa-alpinus-trysil-650-ml-active-zielona-6648baabcc9a4d9b9f5665d9d47127a2-841a90a4-500x500.jpeg 500w\" sizes=\"auto, (max-width: 900px) 100vw, 900px\" \/><\/p>\n","protected":false},"excerpt":{"rendered":"<p>\u016ardena pudele 650 ml Akt\u012bv\u0101 Za\u013c\u0101 Kr\u0101s\u0101 (Alpinus)<\/p>\n","protected":false},"featured_media":134689,"template":"","meta":{"_acf_changed":false},"product_brand":[],"product_cat":[1119],"product_tag":[],"class_list":{"0":"post-136842","1":"product","2":"type-product","3":"status-publish","4":"has-post-thumbnail","6":"product_cat-celojumu-preces","8":"first","9":"instock","10":"taxable","11":"shipping-taxable","12":"purchasable","13":"product-type-simple"},"acf":[],"_links":{"self":[{"href":"https:\/\/kingarms.ee\/lv\/wp-json\/wp\/v2\/product\/136842","targetHints":{"allow":["GET"]}}],"collection":[{"href":"https:\/\/kingarms.ee\/lv\/wp-json\/wp\/v2\/product"}],"about":[{"href":"https:\/\/kingarms.ee\/lv\/wp-json\/wp\/v2\/types\/product"}],"wp:featuredmedia":[{"embeddable":true,"href":"https:\/\/kingarms.ee\/lv\/wp-json\/wp\/v2\/media\/134689"}],"wp:attachment":[{"href":"https:\/\/kingarms.ee\/lv\/wp-json\/wp\/v2\/media?parent=136842"}],"wp:term":[{"taxonomy":"product_brand","embeddable":true,"href":"https:\/\/kingarms.ee\/lv\/wp-json\/wp\/v2\/product_brand?post=136842"},{"taxonomy":"product_cat","embeddable":true,"href":"https:\/\/kingarms.ee\/lv\/wp-json\/wp\/v2\/product_cat?post=136842"},{"taxonomy":"product_tag","embeddable":true,"href":"https:\/\/kingarms.ee\/lv\/wp-json\/wp\/v2\/product_tag?post=136842"}],"curies":[{"name":"wp","href":"https:\/\/api.w.org\/{rel}","templated":true}]}}