{"id":136847,"date":"2024-06-18T17:45:44","date_gmt":"2024-11-05T15:08:37","guid":{"rendered":"https:\/\/kingarms.ee\/product\/izmantotas-pneimatiskas-paplates\/"},"modified":"2025-08-02T18:27:53","modified_gmt":"2025-08-02T15:27:53","slug":"lietotu-pneimatisko-lidzeklu-slanis","status":"publish","type":"product","link":"https:\/\/kingarms.ee\/lv\/product\/lietotu-pneimatisko-lidzeklu-slanis\/","title":{"rendered":"Izmantot\u0101s pneimatiskas papl\u0101tes"},"content":{"rendered":"","protected":false},"excerpt":{"rendered":"<p>Izmantot\u0101s pneimatisk\u0101s papl\u0101tes<\/p>\n<p>\u017durn\u0101li tehniski tiek izmantoti darba k\u0101rt\u012bb\u0101, cena ir 1 pc, bez garantijas<\/p>\n","protected":false},"featured_media":135444,"template":"","meta":{"_acf_changed":false},"product_brand":[],"product_cat":[990],"product_tag":[],"class_list":{"0":"post-136847","1":"product","2":"type-product","3":"status-publish","4":"has-post-thumbnail","6":"product_cat-naudotu-produktu","8":"first","9":"instock","10":"taxable","11":"shipping-taxable","12":"purchasable","13":"product-type-simple"},"acf":[],"_links":{"self":[{"href":"https:\/\/kingarms.ee\/lv\/wp-json\/wp\/v2\/product\/136847","targetHints":{"allow":["GET"]}}],"collection":[{"href":"https:\/\/kingarms.ee\/lv\/wp-json\/wp\/v2\/product"}],"about":[{"href":"https:\/\/kingarms.ee\/lv\/wp-json\/wp\/v2\/types\/product"}],"wp:featuredmedia":[{"embeddable":true,"href":"https:\/\/kingarms.ee\/lv\/wp-json\/wp\/v2\/media\/135444"}],"wp:attachment":[{"href":"https:\/\/kingarms.ee\/lv\/wp-json\/wp\/v2\/media?parent=136847"}],"wp:term":[{"taxonomy":"product_brand","embeddable":true,"href":"https:\/\/kingarms.ee\/lv\/wp-json\/wp\/v2\/product_brand?post=136847"},{"taxonomy":"product_cat","embeddable":true,"href":"https:\/\/kingarms.ee\/lv\/wp-json\/wp\/v2\/product_cat?post=136847"},{"taxonomy":"product_tag","embeddable":true,"href":"https:\/\/kingarms.ee\/lv\/wp-json\/wp\/v2\/product_tag?post=136847"}],"curies":[{"name":"wp","href":"https:\/\/api.w.org\/{rel}","templated":true}]}}