{"id":136848,"date":"2024-07-19T18:35:35","date_gmt":"2024-11-05T15:53:16","guid":{"rendered":"https:\/\/kingarms.ee\/product\/optiska-merka-vobler-premium-3-9x40\/"},"modified":"2025-08-02T18:21:20","modified_gmt":"2025-08-02T15:21:20","slug":"optiska-aim-vogler-pemium-3-9x40","status":"publish","type":"product","link":"https:\/\/kingarms.ee\/lv\/product\/optiska-aim-vogler-pemium-3-9x40\/","title":{"rendered":"Optisk\u0101 M\u0113r\u0137a V\u00f6bler Premium 3-9&#215;40"},"content":{"rendered":"<p><img loading=\"lazy\" decoding=\"async\" class=\"alignnone size-full wp-image-101941\" src=\"https:\/\/kingarms.ee\/wp-content\/uploads\/2024\/07\/eng_pl_Riflescope-Vogler-Premium-3-9x40-Mil-Dot-Mount-113700_2_3.jpg\" alt=\"\" width=\"1200\" height=\"1200\" srcset=\"https:\/\/kingarms.ee\/wp-content\/uploads\/2024\/07\/eng_pl_Riflescope-Vogler-Premium-3-9x40-Mil-Dot-Mount-113700_2_3.jpg 1200w, https:\/\/kingarms.ee\/wp-content\/uploads\/2024\/07\/eng_pl_Riflescope-Vogler-Premium-3-9x40-Mil-Dot-Mount-113700_2_3-300x300.jpg 300w, https:\/\/kingarms.ee\/wp-content\/uploads\/2024\/07\/eng_pl_Riflescope-Vogler-Premium-3-9x40-Mil-Dot-Mount-113700_2_3-1024x1024.jpg 1024w, https:\/\/kingarms.ee\/wp-content\/uploads\/2024\/07\/eng_pl_Riflescope-Vogler-Premium-3-9x40-Mil-Dot-Mount-113700_2_3-150x150.jpg 150w, https:\/\/kingarms.ee\/wp-content\/uploads\/2024\/07\/eng_pl_Riflescope-Vogler-Premium-3-9x40-Mil-Dot-Mount-113700_2_3-768x768.jpg 768w, https:\/\/kingarms.ee\/wp-content\/uploads\/2024\/07\/eng_pl_Riflescope-Vogler-Premium-3-9x40-Mil-Dot-Mount-113700_2_3-500x500.jpg 500w\" sizes=\"auto, (max-width: 1200px) 100vw, 1200px\" \/><\/p>\n","protected":false},"excerpt":{"rendered":"<p>Optisk\u0101 m\u0113r\u0137a V\u00f6bler Premium 3-9&#215;40 tehnisk\u0101 specifik\u0101cija:<br \/>\nPalielin\u0101jums: 3-9x<br \/>\nObjekt\u012bva diametrs: 40 mm<br \/>\nRe\u017e\u0123is: mildots<br \/>\n\u016adensiztur\u012bgs: j\u0101<br \/>\nMiglas rezistence: J\u0101 (sl\u0101peklis)<br \/>\nTriecieniztur\u012bgs: j\u0101<br \/>\nOptiskie p\u0101rkl\u0101jumi: piln\u012bgi daudzsl\u0101\u0146u<br \/>\nNoklik\u0161\u0137iniet uz v\u0113rt\u012bbas uz 100 jardiem: 1\/4 &#8221;<br \/>\nCaurules diametrs: 25,4 mm \/ 1 &#8221;<br \/>\nGarums: 310,0 mm \/ 12,20 &#8221;<br \/>\nSvars: 345,0 g \/ 12,17 unces<br \/>\nPabeig\u0161ana: melns pakl\u0101js<br \/>\nInstal\u0101cija: Divu \u012bpatn\u012bbu kungs 11 mm autobusam<br \/>\nAksesu\u0101ri: Acu un objekt\u012bva aizsardz\u012bbas v\u0101ki<br \/>\nRa\u017eot\u0101js: Vogler Optik<\/p>\n","protected":false},"featured_media":135624,"template":"","meta":{"_acf_changed":false},"product_brand":[],"product_cat":[1067],"product_tag":[],"class_list":{"0":"post-136848","1":"product","2":"type-product","3":"status-publish","4":"has-post-thumbnail","6":"product_cat-skats","8":"first","9":"instock","10":"taxable","11":"shipping-taxable","12":"purchasable","13":"product-type-simple"},"acf":[],"_links":{"self":[{"href":"https:\/\/kingarms.ee\/lv\/wp-json\/wp\/v2\/product\/136848","targetHints":{"allow":["GET"]}}],"collection":[{"href":"https:\/\/kingarms.ee\/lv\/wp-json\/wp\/v2\/product"}],"about":[{"href":"https:\/\/kingarms.ee\/lv\/wp-json\/wp\/v2\/types\/product"}],"wp:featuredmedia":[{"embeddable":true,"href":"https:\/\/kingarms.ee\/lv\/wp-json\/wp\/v2\/media\/135624"}],"wp:attachment":[{"href":"https:\/\/kingarms.ee\/lv\/wp-json\/wp\/v2\/media?parent=136848"}],"wp:term":[{"taxonomy":"product_brand","embeddable":true,"href":"https:\/\/kingarms.ee\/lv\/wp-json\/wp\/v2\/product_brand?post=136848"},{"taxonomy":"product_cat","embeddable":true,"href":"https:\/\/kingarms.ee\/lv\/wp-json\/wp\/v2\/product_cat?post=136848"},{"taxonomy":"product_tag","embeddable":true,"href":"https:\/\/kingarms.ee\/lv\/wp-json\/wp\/v2\/product_tag?post=136848"}],"curies":[{"name":"wp","href":"https:\/\/api.w.org\/{rel}","templated":true}]}}