{"id":136857,"date":"2024-03-13T20:15:19","date_gmt":"2024-03-13T17:15:19","guid":{"rendered":"https:\/\/kingarms.ee\/product\/sarkana-vieta-ar-lareru-js-taccus\/"},"modified":"2025-08-02T18:51:35","modified_gmt":"2025-08-02T15:51:35","slug":"sarkanas-dalas-komunala-laser-ls-taktiskais","status":"publish","type":"product","link":"https:\/\/kingarms.ee\/lv\/product\/sarkanas-dalas-komunala-laser-ls-taktiskais\/","title":{"rendered":"Sarkana Vieta ar L\u0101reru (JS-Taccus)"},"content":{"rendered":"<p><img loading=\"lazy\" decoding=\"async\" class=\"alignnone size-full wp-image-100649\" src=\"https:\/\/kingarms.ee\/wp-content\/uploads\/2024\/03\/js-tactical-multi-reticle-red-dot-with-red-laser-black-js-hd101.jpg\" alt=\"\" width=\"1000\" height=\"1000\" srcset=\"https:\/\/kingarms.ee\/wp-content\/uploads\/2024\/03\/js-tactical-multi-reticle-red-dot-with-red-laser-black-js-hd101.jpg 1000w, https:\/\/kingarms.ee\/wp-content\/uploads\/2024\/03\/js-tactical-multi-reticle-red-dot-with-red-laser-black-js-hd101-300x300.jpg 300w, https:\/\/kingarms.ee\/wp-content\/uploads\/2024\/03\/js-tactical-multi-reticle-red-dot-with-red-laser-black-js-hd101-150x150.jpg 150w, https:\/\/kingarms.ee\/wp-content\/uploads\/2024\/03\/js-tactical-multi-reticle-red-dot-with-red-laser-black-js-hd101-768x768.jpg 768w, https:\/\/kingarms.ee\/wp-content\/uploads\/2024\/03\/js-tactical-multi-reticle-red-dot-with-red-laser-black-js-hd101-500x500.jpg 500w\" sizes=\"auto, (max-width: 1000px) 100vw, 1000px\" \/><\/p>\n","protected":false},"excerpt":{"rendered":"<p>Sarkana vieta ar l\u0101zeru (JS-taktiskais)<\/p>\n<p>Sarkanais punkts<br \/>\nAlum\u012bnija \u0113ka<br \/>\n4 Vair\u0101ki mode\u013ci<br \/>\nSarkana vai za\u013ca gaisma ar piel\u0101gotu spilgtumu<br \/>\nSarkans l\u0101zers<br \/>\nUzst\u0101d\u012b\u0161anas standarts 20 mm reil<br \/>\nPiel\u0101gojams labais\/kreisais un augstums gan sarkanais punkts, gan l\u0101zers<br \/>\nPavad\u012bt ar vietas gumijas aizsardz\u012bbu<br \/>\nGarums 90mm<br \/>\nSvars 155g<br \/>\nN\u0101k ar uzst\u0101d\u012b\u0161anas rokasgr\u0101matu<br \/>\nLai darbin\u0101tu 1x CR2032 akumulatora punktu un 1x l\u0101zeru (abi iek\u013cauti)<\/p>\n","protected":false},"featured_media":135131,"template":"","meta":{"_acf_changed":false},"product_brand":[],"product_cat":[1067],"product_tag":[],"class_list":{"0":"post-136857","1":"product","2":"type-product","3":"status-publish","4":"has-post-thumbnail","6":"product_cat-skats","8":"first","9":"instock","10":"taxable","11":"shipping-taxable","12":"purchasable","13":"product-type-simple"},"acf":[],"_links":{"self":[{"href":"https:\/\/kingarms.ee\/lv\/wp-json\/wp\/v2\/product\/136857","targetHints":{"allow":["GET"]}}],"collection":[{"href":"https:\/\/kingarms.ee\/lv\/wp-json\/wp\/v2\/product"}],"about":[{"href":"https:\/\/kingarms.ee\/lv\/wp-json\/wp\/v2\/types\/product"}],"wp:featuredmedia":[{"embeddable":true,"href":"https:\/\/kingarms.ee\/lv\/wp-json\/wp\/v2\/media\/135131"}],"wp:attachment":[{"href":"https:\/\/kingarms.ee\/lv\/wp-json\/wp\/v2\/media?parent=136857"}],"wp:term":[{"taxonomy":"product_brand","embeddable":true,"href":"https:\/\/kingarms.ee\/lv\/wp-json\/wp\/v2\/product_brand?post=136857"},{"taxonomy":"product_cat","embeddable":true,"href":"https:\/\/kingarms.ee\/lv\/wp-json\/wp\/v2\/product_cat?post=136857"},{"taxonomy":"product_tag","embeddable":true,"href":"https:\/\/kingarms.ee\/lv\/wp-json\/wp\/v2\/product_tag?post=136857"}],"curies":[{"name":"wp","href":"https:\/\/api.w.org\/{rel}","templated":true}]}}