{"id":136859,"date":"2024-02-10T13:05:33","date_gmt":"2024-11-06T08:44:59","guid":{"rendered":"https:\/\/kingarms.ee\/product\/ierocu-soma-remington-113%d1%8515%d1%8525%d1%856\/"},"modified":"2025-08-02T19:40:31","modified_gmt":"2025-08-02T16:40:31","slug":"ierocs-remingtons-113%d1%8515%d1%8525%d1%856","status":"publish","type":"product","link":"https:\/\/kingarms.ee\/lv\/product\/ierocs-remingtons-113%d1%8515%d1%8525%d1%856\/","title":{"rendered":"Iero\u010du soma Remington 113\u044515\u044525\u04456"},"content":{"rendered":"<p><img loading=\"lazy\" decoding=\"async\" class=\"alignnone size-full wp-image-95930\" src=\"https:\/\/kingarms.ee\/wp-content\/uploads\/2024\/02\/img_99274.jpg\" alt=\"\" width=\"1000\" height=\"667\" srcset=\"https:\/\/kingarms.ee\/wp-content\/uploads\/2024\/02\/img_99274.jpg 1000w, https:\/\/kingarms.ee\/wp-content\/uploads\/2024\/02\/img_99274-300x200.jpg 300w, https:\/\/kingarms.ee\/wp-content\/uploads\/2024\/02\/img_99274-768x512.jpg 768w, https:\/\/kingarms.ee\/wp-content\/uploads\/2024\/02\/img_99274-500x334.jpg 500w, https:\/\/kingarms.ee\/wp-content\/uploads\/2024\/02\/img_99274-150x100.jpg 150w\" sizes=\"auto, (max-width: 1000px) 100vw, 1000px\" \/><\/p>\n","protected":false},"excerpt":{"rendered":"<p>Remington 123X15X25X6 iero\u010da korpuss. \u0100r\u0113jais audums &#8211; ol\u012bvu mape. Iek\u0161pus\u0113 ir putu gumija, kas p\u0101rkl\u0101ta ar sint\u0113tisko audumu. Korpusa apak\u0161da\u013ca un aug\u0161da\u013ca ir p\u0101rkl\u0101ti ar \u0101das imit\u0101ciju. Ir kabata maz\u0101m liet\u0101m. Kvesi var valk\u0101t vai nu uz roktura, vai uz pleca: \u012bpa\u0161a siksna. Piem\u0113rots \u0161auten\u0113m bez m\u0113r\u0137a un mazu un vid\u0113ja lieluma \u0161auten\u0113m.<\/p>\n","protected":false},"featured_media":134628,"template":"","meta":{"_acf_changed":false},"product_brand":[],"product_cat":[1059,1103],"product_tag":[],"class_list":{"0":"post-136859","1":"product","2":"type-product","3":"status-publish","4":"has-post-thumbnail","6":"product_cat-somas","7":"product_cat-somas-lv","9":"first","10":"instock","11":"taxable","12":"shipping-taxable","13":"purchasable","14":"product-type-simple"},"acf":[],"_links":{"self":[{"href":"https:\/\/kingarms.ee\/lv\/wp-json\/wp\/v2\/product\/136859","targetHints":{"allow":["GET"]}}],"collection":[{"href":"https:\/\/kingarms.ee\/lv\/wp-json\/wp\/v2\/product"}],"about":[{"href":"https:\/\/kingarms.ee\/lv\/wp-json\/wp\/v2\/types\/product"}],"wp:featuredmedia":[{"embeddable":true,"href":"https:\/\/kingarms.ee\/lv\/wp-json\/wp\/v2\/media\/134628"}],"wp:attachment":[{"href":"https:\/\/kingarms.ee\/lv\/wp-json\/wp\/v2\/media?parent=136859"}],"wp:term":[{"taxonomy":"product_brand","embeddable":true,"href":"https:\/\/kingarms.ee\/lv\/wp-json\/wp\/v2\/product_brand?post=136859"},{"taxonomy":"product_cat","embeddable":true,"href":"https:\/\/kingarms.ee\/lv\/wp-json\/wp\/v2\/product_cat?post=136859"},{"taxonomy":"product_tag","embeddable":true,"href":"https:\/\/kingarms.ee\/lv\/wp-json\/wp\/v2\/product_tag?post=136859"}],"curies":[{"name":"wp","href":"https:\/\/api.w.org\/{rel}","templated":true}]}}