{"id":136861,"date":"2024-02-10T12:38:30","date_gmt":"2024-11-06T08:46:58","guid":{"rendered":"https:\/\/kingarms.ee\/product\/ierocu-soma-remington-130cm\/"},"modified":"2025-08-02T19:41:29","modified_gmt":"2025-08-02T16:41:29","slug":"ierocu-remington-130cm","status":"publish","type":"product","link":"https:\/\/kingarms.ee\/lv\/product\/ierocu-remington-130cm\/","title":{"rendered":"Iero\u010du soma Remington 130cm"},"content":{"rendered":"<p><img loading=\"lazy\" decoding=\"async\" class=\"alignnone size-full wp-image-95918\" src=\"https:\/\/kingarms.ee\/wp-content\/uploads\/2024\/02\/chehol-remington-dlya-ruzhya-130-sm-5.jpg\" alt=\"\" width=\"840\" height=\"700\" srcset=\"https:\/\/kingarms.ee\/wp-content\/uploads\/2024\/02\/chehol-remington-dlya-ruzhya-130-sm-5.jpg 840w, https:\/\/kingarms.ee\/wp-content\/uploads\/2024\/02\/chehol-remington-dlya-ruzhya-130-sm-5-300x250.jpg 300w, https:\/\/kingarms.ee\/wp-content\/uploads\/2024\/02\/chehol-remington-dlya-ruzhya-130-sm-5-768x640.jpg 768w, https:\/\/kingarms.ee\/wp-content\/uploads\/2024\/02\/chehol-remington-dlya-ruzhya-130-sm-5-500x417.jpg 500w, https:\/\/kingarms.ee\/wp-content\/uploads\/2024\/02\/chehol-remington-dlya-ruzhya-130-sm-5-150x125.jpg 150w\" sizes=\"auto, (max-width: 840px) 100vw, 840px\" \/><\/p>\n","protected":false},"excerpt":{"rendered":"<p>P\u0101rkl\u0101jums presti\u017eajam Remington z\u012bmolam med\u012bbu iero\u010diem, \u0161auten\u0113m un karab\u012bniem.<br \/>\nP\u0101rvad\u0101t\u0101js un regul\u0113jama un no\u0146emama pleca siksna lab\u0101kai p\u0101rvad\u0101\u0161anai.<br \/>\n\u0100r\u0113j\u0101 kabata piederumu, mun\u012bcijas un taml\u012bdz\u012bgi saglab\u0101\u0161anai.<br \/>\nIzgatavots no pirm\u0101s klases Cordura.<br \/>\nKr\u0101sa: smil\u0161u br\u016bna.<br \/>\nAugsta iztur\u012bbas gad\u012bjums, kas ir ide\u0101li piem\u0113rots \u0161autenes aizsardz\u012bbai no triecieniem un skramb\u0101m.<br \/>\nIzm\u0113rs: 130 cm (ide\u0101li piem\u0113rots 110-120 cm \u0161auten\u0113m).<br \/>\nSvar\u012bgi: apz\u012bm\u0113to p\u0101rkl\u0101jumu izm\u0113ri vienm\u0113r ir \u0101r\u0113ji izm\u0113ri. \u0145emiet v\u0113r\u0101, ka somai j\u0101b\u016bt liel\u0101kai pistol\u0113, lai to pareizi aizv\u0113rtu.<\/p>\n","protected":false},"featured_media":134626,"template":"","meta":{"_acf_changed":false},"product_brand":[],"product_cat":[1103],"product_tag":[],"class_list":{"0":"post-136861","1":"product","2":"type-product","3":"status-publish","4":"has-post-thumbnail","6":"product_cat-somas-lv","8":"first","9":"instock","10":"taxable","11":"shipping-taxable","12":"purchasable","13":"product-type-simple"},"acf":[],"_links":{"self":[{"href":"https:\/\/kingarms.ee\/lv\/wp-json\/wp\/v2\/product\/136861","targetHints":{"allow":["GET"]}}],"collection":[{"href":"https:\/\/kingarms.ee\/lv\/wp-json\/wp\/v2\/product"}],"about":[{"href":"https:\/\/kingarms.ee\/lv\/wp-json\/wp\/v2\/types\/product"}],"wp:featuredmedia":[{"embeddable":true,"href":"https:\/\/kingarms.ee\/lv\/wp-json\/wp\/v2\/media\/134626"}],"wp:attachment":[{"href":"https:\/\/kingarms.ee\/lv\/wp-json\/wp\/v2\/media?parent=136861"}],"wp:term":[{"taxonomy":"product_brand","embeddable":true,"href":"https:\/\/kingarms.ee\/lv\/wp-json\/wp\/v2\/product_brand?post=136861"},{"taxonomy":"product_cat","embeddable":true,"href":"https:\/\/kingarms.ee\/lv\/wp-json\/wp\/v2\/product_cat?post=136861"},{"taxonomy":"product_tag","embeddable":true,"href":"https:\/\/kingarms.ee\/lv\/wp-json\/wp\/v2\/product_tag?post=136861"}],"curies":[{"name":"wp","href":"https:\/\/api.w.org\/{rel}","templated":true}]}}